{"id":9650,"date":"2023-11-01T22:46:06","date_gmt":"2023-11-01T21:46:06","guid":{"rendered":"https:\/\/banbancosmetics.com\/producto\/oleo-de-ricino-biologico\/"},"modified":"2026-04-18T21:14:37","modified_gmt":"2026-04-18T19:14:37","slug":"oleo-de-ricino-biologico","status":"publish","type":"product","link":"https:\/\/banbancosmetics.com\/pt-pt\/producto\/oleo-de-ricino-biologico\/","title":{"rendered":"\u00d3LEO DE R\u00cdCINO BIOL\u00d3GICO 50ML"},"content":{"rendered":"\t\t<div data-elementor-type=\"product-post\" data-elementor-id=\"9650\" class=\"elementor elementor-9650 elementor-2497\" data-elementor-post-type=\"product\">\n\t\t\t\t<div class=\"elementor-element elementor-element-167589e e-flex e-con-boxed e-con e-parent\" data-id=\"167589e\" data-element_type=\"container\" data-e-type=\"container\" data-settings=\"{&quot;background_background&quot;:&quot;classic&quot;}\">\n\t\t\t\t\t<div class=\"e-con-inner\">\n\t\t<div class=\"elementor-element elementor-element-4ab997f e-con-full e-flex e-con e-child\" data-id=\"4ab997f\" data-element_type=\"container\" data-e-type=\"container\">\n\t\t\t\t<div class=\"elementor-element elementor-element-1738889 elementor-invisible elementor-widget elementor-widget-heading\" data-id=\"1738889\" data-element_type=\"widget\" data-e-type=\"widget\" data-settings=\"{&quot;_animation&quot;:&quot;fadeIn&quot;}\" data-widget_type=\"heading.default\">\n\t\t\t\t<div class=\"elementor-widget-container\">\n\t\t\t\t\t<h2 class=\"elementor-heading-title elementor-size-default\">Principais benef\u00edcios do \u00f3leo de r\u00edcino<\/h2>\t\t\t\t<\/div>\n\t\t\t\t<\/div>\n\t\t\t\t<div class=\"elementor-element elementor-element-ae52c5e elementor-widget elementor-widget-text-editor\" data-id=\"ae52c5e\" data-element_type=\"widget\" data-e-type=\"widget\" data-widget_type=\"text-editor.default\">\n\t\t\t\t<div class=\"elementor-widget-container\">\n\t\t\t\t\t\t\t\t\t<p>O \u00f3leo de r\u00edcino \u00e9 conhecido pela sua elevada concentra\u00e7\u00e3o de \u00e1cido ricinoleico, um componente que <strong>nutre profundamente os fol\u00edculos capilares<\/strong>. Ao usares o nosso \u00f3leo de r\u00edcino, vais notar uma melhoria no crescimento, volume e espessura das tuas sobrancelhas e pestanas, dando-lhes <strong>uma apar\u00eancia mais saud\u00e1vel e robusta<\/strong>. <\/p>\t\t\t\t\t\t\t\t<\/div>\n\t\t\t\t<\/div>\n\t\t\t\t<\/div>\n\t\t<div class=\"elementor-element elementor-element-95efbe5 e-con-full e-flex e-con e-child\" data-id=\"95efbe5\" data-element_type=\"container\" data-e-type=\"container\">\n\t\t\t\t<div class=\"elementor-element elementor-element-a9e39b2 elementor-widget elementor-widget-image\" data-id=\"a9e39b2\" data-element_type=\"widget\" data-e-type=\"widget\" data-widget_type=\"image.default\">\n\t\t\t\t<div class=\"elementor-widget-container\">\n\t\t\t\t\t\t\t\t\t\t\t\t\t\t\t<img fetchpriority=\"high\" decoding=\"async\" width=\"635\" height=\"900\" src=\"https:\/\/banbancosmetics.com\/wp-content\/uploads\/2024\/07\/cremita.webp\" class=\"attachment-large size-large wp-image-9824\" alt=\"\" srcset=\"https:\/\/banbancosmetics.com\/wp-content\/uploads\/2024\/07\/cremita.webp 635w, https:\/\/banbancosmetics.com\/wp-content\/uploads\/2024\/07\/cremita-600x850.webp 600w, https:\/\/banbancosmetics.com\/wp-content\/uploads\/2024\/07\/cremita-64x91.webp 64w, https:\/\/banbancosmetics.com\/wp-content\/uploads\/2024\/07\/cremita-212x300.webp 212w\" sizes=\"(max-width: 635px) 100vw, 635px\" \/>\t\t\t\t\t\t\t\t\t\t\t\t\t\t\t<\/div>\n\t\t\t\t<\/div>\n\t\t\t\t<\/div>\n\t\t\t\t\t<\/div>\n\t\t\t\t<\/div>\n\t\t<div class=\"elementor-element elementor-element-d4bc36b e-flex e-con-boxed e-con e-parent\" data-id=\"d4bc36b\" data-element_type=\"container\" data-e-type=\"container\" data-settings=\"{&quot;background_background&quot;:&quot;classic&quot;}\">\n\t\t\t\t\t<div class=\"e-con-inner\">\n\t\t<div class=\"elementor-element elementor-element-0702828 e-con-full e-flex e-con e-child\" data-id=\"0702828\" data-element_type=\"container\" data-e-type=\"container\">\n\t\t\t\t<div class=\"elementor-element elementor-element-c3ece42 elementor-widget elementor-widget-image\" data-id=\"c3ece42\" data-element_type=\"widget\" data-e-type=\"widget\" data-widget_type=\"image.default\">\n\t\t\t\t<div class=\"elementor-widget-container\">\n\t\t\t\t\t\t\t\t\t\t\t\t\t\t\t<img decoding=\"async\" width=\"645\" height=\"900\" src=\"https:\/\/banbancosmetics.com\/wp-content\/uploads\/2023\/11\/aceite-ricino-pestana.webp\" class=\"attachment-large size-large wp-image-9659\" alt=\"\u00d3leo de r\u00edcino para as pestanas\" srcset=\"https:\/\/banbancosmetics.com\/wp-content\/uploads\/2023\/11\/aceite-ricino-pestana.webp 645w, https:\/\/banbancosmetics.com\/wp-content\/uploads\/2023\/11\/aceite-ricino-pestana-600x837.webp 600w, https:\/\/banbancosmetics.com\/wp-content\/uploads\/2023\/11\/aceite-ricino-pestana-64x89.webp 64w, https:\/\/banbancosmetics.com\/wp-content\/uploads\/2023\/11\/aceite-ricino-pestana-215x300.webp 215w\" sizes=\"(max-width: 645px) 100vw, 645px\" \/>\t\t\t\t\t\t\t\t\t\t\t\t\t\t\t<\/div>\n\t\t\t\t<\/div>\n\t\t\t\t<\/div>\n\t\t<div class=\"elementor-element elementor-element-e637784 e-con-full e-flex e-con e-child\" data-id=\"e637784\" data-element_type=\"container\" data-e-type=\"container\">\n\t\t\t\t<div class=\"elementor-element elementor-element-637fc88 elementor-invisible elementor-widget elementor-widget-heading\" data-id=\"637fc88\" data-element_type=\"widget\" data-e-type=\"widget\" data-settings=\"{&quot;_animation&quot;:&quot;fadeIn&quot;}\" data-widget_type=\"heading.default\">\n\t\t\t\t<div class=\"elementor-widget-container\">\n\t\t\t\t\t<h2 class=\"elementor-heading-title elementor-size-default\">Modo de utiliza\u00e7\u00e3o e aplica\u00e7\u00e3o<\/h2>\t\t\t\t<\/div>\n\t\t\t\t<\/div>\n\t\t\t\t<div class=\"elementor-element elementor-element-f3bfece elementor-widget elementor-widget-text-editor\" data-id=\"f3bfece\" data-element_type=\"widget\" data-e-type=\"widget\" data-widget_type=\"text-editor.default\">\n\t\t\t\t<div class=\"elementor-widget-container\">\n\t\t\t\t\t\t\t\t\t<ul><li><p><strong>Aplica\u00e7\u00e3o nas pestanas<\/strong>: Aplica uma pequena quantidade de \u00f3leo no aplicador e desliza das ra\u00edzes at\u00e9 \u00e0s pontas das pestanas antes de te deitares, com a pele e os olhos limpos e secos. Deixa atuar durante a noite e enxagua de manh\u00e3. <\/p><\/li><li><p><strong>Aplica\u00e7\u00e3o nas sobrancelhas<\/strong>: Com o rosto limpo e seco, aplica uma pequena quantidade de \u00f3leo no aplicador e penteia as sobrancelhas na dire\u00e7\u00e3o do crescimento dos p\u00ealos. Deixa atuar durante a noite e lava no dia seguinte. <\/p><\/li><\/ul>\t\t\t\t\t\t\t\t<\/div>\n\t\t\t\t<\/div>\n\t\t\t\t<\/div>\n\t\t\t\t\t<\/div>\n\t\t\t\t<\/div>\n\t\t\t\t<\/div>\n\t\t","protected":false},"excerpt":{"rendered":"<p>Nutre e fortalece as tuas sobrancelhas e pestanas com o nosso <strong>\u00f3leo de r\u00edcino 100% natural e org\u00e2nico<\/strong>. Rico em vitamina E e \u00e1cidos gordos, favorece o crescimento, o volume e a espessura de forma natural. Certificado BIO, NAT, VEGAN e de agricultura biol\u00f3gica. Inclui kit aplicador.   <\/p>\n","protected":false},"featured_media":9664,"comment_status":"open","ping_status":"closed","template":"","meta":{"_acf_changed":false,"inline_featured_image":false,"site-sidebar-layout":"no-sidebar","site-content-layout":"","ast-site-content-layout":"full-width-container","site-content-style":"default","site-sidebar-style":"default","ast-global-header-display":"","ast-banner-title-visibility":"","ast-main-header-display":"","ast-hfb-above-header-display":"","ast-hfb-below-header-display":"","ast-hfb-mobile-header-display":"","site-post-title":"disabled","ast-breadcrumbs-content":"","ast-featured-img":"disabled","footer-sml-layout":"","ast-disable-related-posts":"","theme-transparent-header-meta":"default","adv-header-id-meta":"","stick-header-meta":"","header-above-stick-meta":"","header-main-stick-meta":"","header-below-stick-meta":"","astra-migrate-meta-layouts":"default","ast-page-background-enabled":"default","ast-page-background-meta":{"desktop":{"background-color":"var(--ast-global-color-4)","background-image":"","background-repeat":"repeat","background-position":"center center","background-size":"auto","background-attachment":"scroll","background-type":"","background-media":"","overlay-type":"","overlay-color":"","overlay-opacity":"","overlay-gradient":""},"tablet":{"background-color":"","background-image":"","background-repeat":"repeat","background-position":"center center","background-size":"auto","background-attachment":"scroll","background-type":"","background-media":"","overlay-type":"","overlay-color":"","overlay-opacity":"","overlay-gradient":""},"mobile":{"background-color":"","background-image":"","background-repeat":"repeat","background-position":"center center","background-size":"auto","background-attachment":"scroll","background-type":"","background-media":"","overlay-type":"","overlay-color":"","overlay-opacity":"","overlay-gradient":""}},"ast-content-background-meta":{"desktop":{"background-color":"var(--ast-global-color-5)","background-image":"","background-repeat":"repeat","background-position":"center center","background-size":"auto","background-attachment":"scroll","background-type":"","background-media":"","overlay-type":"","overlay-color":"","overlay-opacity":"","overlay-gradient":""},"tablet":{"background-color":"var(--ast-global-color-5)","background-image":"","background-repeat":"repeat","background-position":"center center","background-size":"auto","background-attachment":"scroll","background-type":"","background-media":"","overlay-type":"","overlay-color":"","overlay-opacity":"","overlay-gradient":""},"mobile":{"background-color":"var(--ast-global-color-5)","background-image":"","background-repeat":"repeat","background-position":"center center","background-size":"auto","background-attachment":"scroll","background-type":"","background-media":"","overlay-type":"","overlay-color":"","overlay-opacity":"","overlay-gradient":""}}},"product_brand":[],"product_cat":[491],"product_tag":[],"class_list":{"0":"post-9650","1":"product","2":"type-product","3":"status-publish","4":"has-post-thumbnail","6":"product_cat-oleos","7":"product_shipping_class-envio-a-seco","8":"desktop-align-left","9":"tablet-align-left","10":"mobile-align-left","11":"ast-product-gallery-layout-first-image-large","12":"ast-magnify-disabled","13":"ast-product-tabs-layout-horizontal","15":"first","16":"instock","17":"taxable","18":"shipping-taxable","19":"purchasable","20":"product-type-simple"},"acf":[],"yoast_head":"<!-- This site is optimized with the Yoast SEO plugin v27.4 - https:\/\/yoast.com\/product\/yoast-seo-wordpress\/ -->\n<title>\u00d3LEO DE R\u00cdCINO BIOL\u00d3GICO 50ML - BanBan Cosmetics<\/title>\n<meta name=\"robots\" content=\"index, follow, max-snippet:-1, max-image-preview:large, max-video-preview:-1\" \/>\n<link rel=\"canonical\" href=\"https:\/\/banbancosmetics.com\/pt-pt\/producto\/oleo-de-ricino-biologico\/\" \/>\n<meta property=\"og:locale\" content=\"pt_PT\" \/>\n<meta property=\"og:type\" content=\"article\" \/>\n<meta property=\"og:title\" content=\"\u00d3LEO DE R\u00cdCINO BIOL\u00d3GICO 50ML - BanBan Cosmetics\" \/>\n<meta property=\"og:description\" content=\"Nutre e fortalece as tuas sobrancelhas e pestanas com o nosso \u00f3leo de r\u00edcino 100% natural e org\u00e2nico. Rico em vitamina E e \u00e1cidos gordos, favorece o crescimento, o volume e a espessura de forma natural. Certificado BIO, NAT, VEGAN e de agricultura biol\u00f3gica. Inclui kit aplicador.\" \/>\n<meta property=\"og:url\" content=\"https:\/\/banbancosmetics.com\/pt-pt\/producto\/oleo-de-ricino-biologico\/\" \/>\n<meta property=\"og:site_name\" content=\"BanBan Cosmetics\" \/>\n<meta property=\"article:modified_time\" content=\"2026-04-18T19:14:37+00:00\" \/>\n<meta property=\"og:image\" content=\"https:\/\/banbancosmetics.com\/wp-content\/uploads\/2023\/11\/aceite_ricino_fondo-scaled.jpg\" \/>\n\t<meta property=\"og:image:width\" content=\"2560\" \/>\n\t<meta property=\"og:image:height\" content=\"2560\" \/>\n\t<meta property=\"og:image:type\" content=\"image\/jpeg\" \/>\n<meta name=\"twitter:card\" content=\"summary_large_image\" \/>\n<meta name=\"twitter:label1\" content=\"Tempo estimado de leitura\" \/>\n\t<meta name=\"twitter:data1\" content=\"1 minuto\" \/>\n<script type=\"application\/ld+json\" class=\"yoast-schema-graph\">{\"@context\":\"https:\\\/\\\/schema.org\",\"@graph\":[{\"@type\":\"WebPage\",\"@id\":\"https:\\\/\\\/banbancosmetics.com\\\/pt-pt\\\/producto\\\/oleo-de-ricino-biologico\\\/\",\"url\":\"https:\\\/\\\/banbancosmetics.com\\\/pt-pt\\\/producto\\\/oleo-de-ricino-biologico\\\/\",\"name\":\"\u00d3LEO DE R\u00cdCINO BIOL\u00d3GICO 50ML - BanBan Cosmetics\",\"isPartOf\":{\"@id\":\"https:\\\/\\\/banbancosmetics.com\\\/pt-pt\\\/#website\"},\"primaryImageOfPage\":{\"@id\":\"https:\\\/\\\/banbancosmetics.com\\\/pt-pt\\\/producto\\\/oleo-de-ricino-biologico\\\/#primaryimage\"},\"image\":{\"@id\":\"https:\\\/\\\/banbancosmetics.com\\\/pt-pt\\\/producto\\\/oleo-de-ricino-biologico\\\/#primaryimage\"},\"thumbnailUrl\":\"https:\\\/\\\/banbancosmetics.com\\\/wp-content\\\/uploads\\\/2023\\\/11\\\/aceite_ricino_fondo-scaled.jpg\",\"datePublished\":\"2023-11-01T21:46:06+00:00\",\"dateModified\":\"2026-04-18T19:14:37+00:00\",\"breadcrumb\":{\"@id\":\"https:\\\/\\\/banbancosmetics.com\\\/pt-pt\\\/producto\\\/oleo-de-ricino-biologico\\\/#breadcrumb\"},\"inLanguage\":\"pt-PT\",\"potentialAction\":[{\"@type\":\"ReadAction\",\"target\":[\"https:\\\/\\\/banbancosmetics.com\\\/pt-pt\\\/producto\\\/oleo-de-ricino-biologico\\\/\"]}]},{\"@type\":\"ImageObject\",\"inLanguage\":\"pt-PT\",\"@id\":\"https:\\\/\\\/banbancosmetics.com\\\/pt-pt\\\/producto\\\/oleo-de-ricino-biologico\\\/#primaryimage\",\"url\":\"https:\\\/\\\/banbancosmetics.com\\\/wp-content\\\/uploads\\\/2023\\\/11\\\/aceite_ricino_fondo-scaled.jpg\",\"contentUrl\":\"https:\\\/\\\/banbancosmetics.com\\\/wp-content\\\/uploads\\\/2023\\\/11\\\/aceite_ricino_fondo-scaled.jpg\",\"width\":2560,\"height\":2560},{\"@type\":\"BreadcrumbList\",\"@id\":\"https:\\\/\\\/banbancosmetics.com\\\/pt-pt\\\/producto\\\/oleo-de-ricino-biologico\\\/#breadcrumb\",\"itemListElement\":[{\"@type\":\"ListItem\",\"position\":1,\"name\":\"Portada\",\"item\":\"https:\\\/\\\/banbancosmetics.com\\\/pt-pt\\\/inicio\\\/\"},{\"@type\":\"ListItem\",\"position\":2,\"name\":\"Loja\",\"item\":\"https:\\\/\\\/banbancosmetics.com\\\/pt-pt\\\/loja\\\/\"},{\"@type\":\"ListItem\",\"position\":3,\"name\":\"\u00d3LEO DE R\u00cdCINO BIOL\u00d3GICO 50ML\"}]},{\"@type\":\"WebSite\",\"@id\":\"https:\\\/\\\/banbancosmetics.com\\\/pt-pt\\\/#website\",\"url\":\"https:\\\/\\\/banbancosmetics.com\\\/pt-pt\\\/\",\"name\":\"BanBan Cosmetics\",\"description\":\"\",\"publisher\":{\"@id\":\"https:\\\/\\\/banbancosmetics.com\\\/pt-pt\\\/#organization\"},\"potentialAction\":[{\"@type\":\"SearchAction\",\"target\":{\"@type\":\"EntryPoint\",\"urlTemplate\":\"https:\\\/\\\/banbancosmetics.com\\\/pt-pt\\\/?s={search_term_string}\"},\"query-input\":{\"@type\":\"PropertyValueSpecification\",\"valueRequired\":true,\"valueName\":\"search_term_string\"}}],\"inLanguage\":\"pt-PT\"},{\"@type\":\"Organization\",\"@id\":\"https:\\\/\\\/banbancosmetics.com\\\/pt-pt\\\/#organization\",\"name\":\"BanBan Cosmetics\",\"url\":\"https:\\\/\\\/banbancosmetics.com\\\/pt-pt\\\/\",\"logo\":{\"@type\":\"ImageObject\",\"inLanguage\":\"pt-PT\",\"@id\":\"https:\\\/\\\/banbancosmetics.com\\\/pt-pt\\\/#\\\/schema\\\/logo\\\/image\\\/\",\"url\":\"https:\\\/\\\/banbancosmetics.com\\\/wp-content\\\/uploads\\\/2023\\\/11\\\/logo-b_1.svg\",\"contentUrl\":\"https:\\\/\\\/banbancosmetics.com\\\/wp-content\\\/uploads\\\/2023\\\/11\\\/logo-b_1.svg\",\"width\":500,\"height\":500,\"caption\":\"BanBan Cosmetics\"},\"image\":{\"@id\":\"https:\\\/\\\/banbancosmetics.com\\\/pt-pt\\\/#\\\/schema\\\/logo\\\/image\\\/\"}}]}<\/script>\n<!-- \/ Yoast SEO plugin. -->","yoast_head_json":{"title":"\u00d3LEO DE R\u00cdCINO BIOL\u00d3GICO 50ML - BanBan Cosmetics","robots":{"index":"index","follow":"follow","max-snippet":"max-snippet:-1","max-image-preview":"max-image-preview:large","max-video-preview":"max-video-preview:-1"},"canonical":"https:\/\/banbancosmetics.com\/pt-pt\/producto\/oleo-de-ricino-biologico\/","og_locale":"pt_PT","og_type":"article","og_title":"\u00d3LEO DE R\u00cdCINO BIOL\u00d3GICO 50ML - BanBan Cosmetics","og_description":"Nutre e fortalece as tuas sobrancelhas e pestanas com o nosso \u00f3leo de r\u00edcino 100% natural e org\u00e2nico. Rico em vitamina E e \u00e1cidos gordos, favorece o crescimento, o volume e a espessura de forma natural. Certificado BIO, NAT, VEGAN e de agricultura biol\u00f3gica. Inclui kit aplicador.","og_url":"https:\/\/banbancosmetics.com\/pt-pt\/producto\/oleo-de-ricino-biologico\/","og_site_name":"BanBan Cosmetics","article_modified_time":"2026-04-18T19:14:37+00:00","og_image":[{"width":2560,"height":2560,"url":"https:\/\/banbancosmetics.com\/wp-content\/uploads\/2023\/11\/aceite_ricino_fondo-scaled.jpg","type":"image\/jpeg"}],"twitter_card":"summary_large_image","twitter_misc":{"Tempo estimado de leitura":"1 minuto"},"schema":{"@context":"https:\/\/schema.org","@graph":[{"@type":"WebPage","@id":"https:\/\/banbancosmetics.com\/pt-pt\/producto\/oleo-de-ricino-biologico\/","url":"https:\/\/banbancosmetics.com\/pt-pt\/producto\/oleo-de-ricino-biologico\/","name":"\u00d3LEO DE R\u00cdCINO BIOL\u00d3GICO 50ML - BanBan Cosmetics","isPartOf":{"@id":"https:\/\/banbancosmetics.com\/pt-pt\/#website"},"primaryImageOfPage":{"@id":"https:\/\/banbancosmetics.com\/pt-pt\/producto\/oleo-de-ricino-biologico\/#primaryimage"},"image":{"@id":"https:\/\/banbancosmetics.com\/pt-pt\/producto\/oleo-de-ricino-biologico\/#primaryimage"},"thumbnailUrl":"https:\/\/banbancosmetics.com\/wp-content\/uploads\/2023\/11\/aceite_ricino_fondo-scaled.jpg","datePublished":"2023-11-01T21:46:06+00:00","dateModified":"2026-04-18T19:14:37+00:00","breadcrumb":{"@id":"https:\/\/banbancosmetics.com\/pt-pt\/producto\/oleo-de-ricino-biologico\/#breadcrumb"},"inLanguage":"pt-PT","potentialAction":[{"@type":"ReadAction","target":["https:\/\/banbancosmetics.com\/pt-pt\/producto\/oleo-de-ricino-biologico\/"]}]},{"@type":"ImageObject","inLanguage":"pt-PT","@id":"https:\/\/banbancosmetics.com\/pt-pt\/producto\/oleo-de-ricino-biologico\/#primaryimage","url":"https:\/\/banbancosmetics.com\/wp-content\/uploads\/2023\/11\/aceite_ricino_fondo-scaled.jpg","contentUrl":"https:\/\/banbancosmetics.com\/wp-content\/uploads\/2023\/11\/aceite_ricino_fondo-scaled.jpg","width":2560,"height":2560},{"@type":"BreadcrumbList","@id":"https:\/\/banbancosmetics.com\/pt-pt\/producto\/oleo-de-ricino-biologico\/#breadcrumb","itemListElement":[{"@type":"ListItem","position":1,"name":"Portada","item":"https:\/\/banbancosmetics.com\/pt-pt\/inicio\/"},{"@type":"ListItem","position":2,"name":"Loja","item":"https:\/\/banbancosmetics.com\/pt-pt\/loja\/"},{"@type":"ListItem","position":3,"name":"\u00d3LEO DE R\u00cdCINO BIOL\u00d3GICO 50ML"}]},{"@type":"WebSite","@id":"https:\/\/banbancosmetics.com\/pt-pt\/#website","url":"https:\/\/banbancosmetics.com\/pt-pt\/","name":"BanBan Cosmetics","description":"","publisher":{"@id":"https:\/\/banbancosmetics.com\/pt-pt\/#organization"},"potentialAction":[{"@type":"SearchAction","target":{"@type":"EntryPoint","urlTemplate":"https:\/\/banbancosmetics.com\/pt-pt\/?s={search_term_string}"},"query-input":{"@type":"PropertyValueSpecification","valueRequired":true,"valueName":"search_term_string"}}],"inLanguage":"pt-PT"},{"@type":"Organization","@id":"https:\/\/banbancosmetics.com\/pt-pt\/#organization","name":"BanBan Cosmetics","url":"https:\/\/banbancosmetics.com\/pt-pt\/","logo":{"@type":"ImageObject","inLanguage":"pt-PT","@id":"https:\/\/banbancosmetics.com\/pt-pt\/#\/schema\/logo\/image\/","url":"https:\/\/banbancosmetics.com\/wp-content\/uploads\/2023\/11\/logo-b_1.svg","contentUrl":"https:\/\/banbancosmetics.com\/wp-content\/uploads\/2023\/11\/logo-b_1.svg","width":500,"height":500,"caption":"BanBan Cosmetics"},"image":{"@id":"https:\/\/banbancosmetics.com\/pt-pt\/#\/schema\/logo\/image\/"}}]}},"_links":{"self":[{"href":"https:\/\/banbancosmetics.com\/pt-pt\/wp-json\/wp\/v2\/product\/9650","targetHints":{"allow":["GET"]}}],"collection":[{"href":"https:\/\/banbancosmetics.com\/pt-pt\/wp-json\/wp\/v2\/product"}],"about":[{"href":"https:\/\/banbancosmetics.com\/pt-pt\/wp-json\/wp\/v2\/types\/product"}],"replies":[{"embeddable":true,"href":"https:\/\/banbancosmetics.com\/pt-pt\/wp-json\/wp\/v2\/comments?post=9650"}],"version-history":[{"count":1,"href":"https:\/\/banbancosmetics.com\/pt-pt\/wp-json\/wp\/v2\/product\/9650\/revisions"}],"predecessor-version":[{"id":10462,"href":"https:\/\/banbancosmetics.com\/pt-pt\/wp-json\/wp\/v2\/product\/9650\/revisions\/10462"}],"wp:featuredmedia":[{"embeddable":true,"href":"https:\/\/banbancosmetics.com\/pt-pt\/wp-json\/wp\/v2\/media\/9664"}],"wp:attachment":[{"href":"https:\/\/banbancosmetics.com\/pt-pt\/wp-json\/wp\/v2\/media?parent=9650"}],"wp:term":[{"taxonomy":"product_brand","embeddable":true,"href":"https:\/\/banbancosmetics.com\/pt-pt\/wp-json\/wp\/v2\/product_brand?post=9650"},{"taxonomy":"product_cat","embeddable":true,"href":"https:\/\/banbancosmetics.com\/pt-pt\/wp-json\/wp\/v2\/product_cat?post=9650"},{"taxonomy":"product_tag","embeddable":true,"href":"https:\/\/banbancosmetics.com\/pt-pt\/wp-json\/wp\/v2\/product_tag?post=9650"}],"curies":[{"name":"wp","href":"https:\/\/api.w.org\/{rel}","templated":true}]}}