{"id":9581,"date":"2024-07-04T14:52:25","date_gmt":"2024-07-04T12:52:25","guid":{"rendered":"https:\/\/banbancosmetics.com\/producto\/creme-mousse-facial-duo-ceramidas-e-vitamina-c\/"},"modified":"2026-04-15T21:14:41","modified_gmt":"2026-04-15T19:14:41","slug":"creme-mousse-facial-duo-ceramidas-e-vitamina-c","status":"publish","type":"product","link":"https:\/\/banbancosmetics.com\/pt-pt\/producto\/creme-mousse-facial-duo-ceramidas-e-vitamina-c\/","title":{"rendered":"CREME MOUSSE FACIAL DUO CERAMIDAS E VITAMINA C 50ML"},"content":{"rendered":"\t\t<div data-elementor-type=\"product-post\" data-elementor-id=\"9581\" class=\"elementor elementor-9581 elementor-4075\" data-elementor-post-type=\"product\">\n\t\t\t\t<div class=\"elementor-element elementor-element-c2b7b09 e-flex e-con-boxed e-con e-parent\" data-id=\"c2b7b09\" data-element_type=\"container\" data-e-type=\"container\" data-settings=\"{&quot;background_background&quot;:&quot;classic&quot;}\">\n\t\t\t\t\t<div class=\"e-con-inner\">\n\t\t<div class=\"elementor-element elementor-element-02e0a7b e-con-full e-flex e-con e-child\" data-id=\"02e0a7b\" data-element_type=\"container\" data-e-type=\"container\">\n\t\t\t\t<div class=\"elementor-element elementor-element-cc28d21 elementor-invisible elementor-widget elementor-widget-heading\" data-id=\"cc28d21\" data-element_type=\"widget\" data-e-type=\"widget\" data-settings=\"{&quot;_animation&quot;:&quot;fadeIn&quot;}\" data-widget_type=\"heading.default\">\n\t\t\t\t<div class=\"elementor-widget-container\">\n\t\t\t\t\t<h2 class=\"elementor-heading-title elementor-size-default\">HIDRATA\u00c7\u00c3O E NUTRI\u00c7\u00c3O<\/h2>\t\t\t\t<\/div>\n\t\t\t\t<\/div>\n\t\t\t\t<div class=\"elementor-element elementor-element-0d9f3f8 elementor-widget elementor-widget-text-editor\" data-id=\"0d9f3f8\" data-element_type=\"widget\" data-e-type=\"widget\" data-widget_type=\"text-editor.default\">\n\t\t\t\t<div class=\"elementor-widget-container\">\n\t\t\t\t\t\t\t\t\t<p>Duo Facial Mousse Cream oferece-te uma f\u00f3rmula avan\u00e7ada que combina hidrata\u00e7\u00e3o e nutri\u00e7\u00e3o para um cuidado completo da pele. Com ingredientes como as ceramidas, a vitamina C estabilizada, a vitamina E e os polip\u00e9ptidos de aveia, este creme protege a tua pele contra a oxida\u00e7\u00e3o celular e retarda o envelhecimento. A sua textura <strong>em mousse suave e fresca<\/strong> \u00e9 rapidamente absorvida, deixando uma sensa\u00e7\u00e3o de leveza e sem brilho.  <\/p>\t\t\t\t\t\t\t\t<\/div>\n\t\t\t\t<\/div>\n\t\t\t\t<\/div>\n\t\t<div class=\"elementor-element elementor-element-7475736 e-con-full e-flex e-con e-child\" data-id=\"7475736\" data-element_type=\"container\" data-e-type=\"container\">\n\t\t\t\t<div class=\"elementor-element elementor-element-41c90c7 elementor-widget elementor-widget-image\" data-id=\"41c90c7\" data-element_type=\"widget\" data-e-type=\"widget\" data-widget_type=\"image.default\">\n\t\t\t\t<div class=\"elementor-widget-container\">\n\t\t\t\t\t\t\t\t\t\t\t\t\t\t\t<img fetchpriority=\"high\" decoding=\"async\" width=\"635\" height=\"900\" src=\"https:\/\/banbancosmetics.com\/wp-content\/uploads\/2024\/07\/cremita.webp\" class=\"attachment-large size-large wp-image-9824\" alt=\"\" srcset=\"https:\/\/banbancosmetics.com\/wp-content\/uploads\/2024\/07\/cremita.webp 635w, https:\/\/banbancosmetics.com\/wp-content\/uploads\/2024\/07\/cremita-600x850.webp 600w, https:\/\/banbancosmetics.com\/wp-content\/uploads\/2024\/07\/cremita-64x91.webp 64w, https:\/\/banbancosmetics.com\/wp-content\/uploads\/2024\/07\/cremita-212x300.webp 212w\" sizes=\"(max-width: 635px) 100vw, 635px\" \/>\t\t\t\t\t\t\t\t\t\t\t\t\t\t\t<\/div>\n\t\t\t\t<\/div>\n\t\t\t\t<\/div>\n\t\t\t\t\t<\/div>\n\t\t\t\t<\/div>\n\t\t<div class=\"elementor-element elementor-element-9a0894e e-flex e-con-boxed e-con e-parent\" data-id=\"9a0894e\" data-element_type=\"container\" data-e-type=\"container\" data-settings=\"{&quot;background_background&quot;:&quot;classic&quot;}\">\n\t\t\t\t\t<div class=\"e-con-inner\">\n\t\t<div class=\"elementor-element elementor-element-bacac6f e-con-full e-flex e-con e-child\" data-id=\"bacac6f\" data-element_type=\"container\" data-e-type=\"container\">\n\t\t\t\t<div class=\"elementor-element elementor-element-7d56aab elementor-widget elementor-widget-image\" data-id=\"7d56aab\" data-element_type=\"widget\" data-e-type=\"widget\" data-widget_type=\"image.default\">\n\t\t\t\t<div class=\"elementor-widget-container\">\n\t\t\t\t\t\t\t\t\t\t\t\t\t\t\t<img decoding=\"async\" width=\"768\" height=\"768\" src=\"https:\/\/banbancosmetics.com\/wp-content\/uploads\/2024\/07\/shutterstock_2172023991_2.jpg\" class=\"attachment-large size-large wp-image-9593\" alt=\"\" srcset=\"https:\/\/banbancosmetics.com\/wp-content\/uploads\/2024\/07\/shutterstock_2172023991_2.jpg 768w, https:\/\/banbancosmetics.com\/wp-content\/uploads\/2024\/07\/shutterstock_2172023991_2-300x300.jpg 300w, https:\/\/banbancosmetics.com\/wp-content\/uploads\/2024\/07\/shutterstock_2172023991_2-100x100.jpg 100w, https:\/\/banbancosmetics.com\/wp-content\/uploads\/2024\/07\/shutterstock_2172023991_2-600x600.jpg 600w, https:\/\/banbancosmetics.com\/wp-content\/uploads\/2024\/07\/shutterstock_2172023991_2-64x64.jpg 64w, https:\/\/banbancosmetics.com\/wp-content\/uploads\/2024\/07\/shutterstock_2172023991_2-150x150.jpg 150w\" sizes=\"(max-width: 768px) 100vw, 768px\" \/>\t\t\t\t\t\t\t\t\t\t\t\t\t\t\t<\/div>\n\t\t\t\t<\/div>\n\t\t\t\t<\/div>\n\t\t<div class=\"elementor-element elementor-element-48e6651 e-con-full e-flex e-con e-child\" data-id=\"48e6651\" data-element_type=\"container\" data-e-type=\"container\">\n\t\t\t\t<div class=\"elementor-element elementor-element-1301804 elementor-invisible elementor-widget elementor-widget-heading\" data-id=\"1301804\" data-element_type=\"widget\" data-e-type=\"widget\" data-settings=\"{&quot;_animation&quot;:&quot;fadeIn&quot;}\" data-widget_type=\"heading.default\">\n\t\t\t\t<div class=\"elementor-widget-container\">\n\t\t\t\t\t<h2 class=\"elementor-heading-title elementor-size-default\">CONTROLO DO PONTO E DA LUMINOSIDADE<\/h2>\t\t\t\t<\/div>\n\t\t\t\t<\/div>\n\t\t\t\t<div class=\"elementor-element elementor-element-4f3dee2 elementor-widget elementor-widget-text-editor\" data-id=\"4f3dee2\" data-element_type=\"widget\" data-e-type=\"widget\" data-widget_type=\"text-editor.default\">\n\t\t\t\t<div class=\"elementor-widget-container\">\n\t\t\t\t\t\t\t\t\t<p>Gra\u00e7as ao seu elevado teor de ingredientes naturais (mais de 99%), a mousse creme facial DUO actua eficazmente para eliminar as manchas e a vermelhid\u00e3o, uniformizando o tom da pele e proporcionando uma luminosidade natural. Ideal para todos os tipos de pele, a sua f\u00f3rmula <strong>sem \u00f3leo e n\u00e3o comedog\u00e9nica<\/strong> garante uma pele saud\u00e1vel e luminosa sem obstruir os poros. <\/p>\t\t\t\t\t\t\t\t<\/div>\n\t\t\t\t<\/div>\n\t\t\t\t<\/div>\n\t\t\t\t\t<\/div>\n\t\t\t\t<\/div>\n\t\t<div class=\"elementor-element elementor-element-660aa94 e-flex e-con-boxed e-con e-parent\" data-id=\"660aa94\" data-element_type=\"container\" data-e-type=\"container\" data-settings=\"{&quot;background_background&quot;:&quot;classic&quot;}\">\n\t\t\t\t\t<div class=\"e-con-inner\">\n\t\t<div class=\"elementor-element elementor-element-43b2f70 e-con-full e-flex e-con e-child\" data-id=\"43b2f70\" data-element_type=\"container\" data-e-type=\"container\">\n\t\t\t\t<div class=\"elementor-element elementor-element-0c1c9a5 elementor-invisible elementor-widget elementor-widget-heading\" data-id=\"0c1c9a5\" data-element_type=\"widget\" data-e-type=\"widget\" data-settings=\"{&quot;_animation&quot;:&quot;fadeIn&quot;}\" data-widget_type=\"heading.default\">\n\t\t\t\t<div class=\"elementor-widget-container\">\n\t\t\t\t\t<h2 class=\"elementor-heading-title elementor-size-default\">DUPLA AC\u00c7\u00c3O: HIDRATANTE DE DIA E NUTRITIVA DE NOITE<\/h2>\t\t\t\t<\/div>\n\t\t\t\t<\/div>\n\t\t\t\t<div class=\"elementor-element elementor-element-3c24dae elementor-widget elementor-widget-text-editor\" data-id=\"3c24dae\" data-element_type=\"widget\" data-e-type=\"widget\" data-widget_type=\"text-editor.default\">\n\t\t\t\t<div class=\"elementor-widget-container\">\n\t\t\t\t\t\t\t\t\t<p>O nosso creme oferece um cuidado completo gra\u00e7as \u00e0 sua dupla a\u00e7\u00e3o, proporcionando uma hidrata\u00e7\u00e3o intensa durante o dia e uma nutri\u00e7\u00e3o profunda \u00e0 noite. Enriquecido com antioxidantes, como a vitamina E e o bakuchiol, o creme ajuda a <strong>manter a firmeza e a elasticidade da pele<\/strong>, combatendo os sinais de envelhecimento e deixando a tua pele revitalizada e rejuvenescida. <\/p>\t\t\t\t\t\t\t\t<\/div>\n\t\t\t\t<\/div>\n\t\t\t\t<\/div>\n\t\t<div class=\"elementor-element elementor-element-7b71ac9 e-con-full e-flex e-con e-child\" data-id=\"7b71ac9\" data-element_type=\"container\" data-e-type=\"container\">\n\t\t\t\t<div class=\"elementor-element elementor-element-fb3fb57 elementor-widget elementor-widget-image\" data-id=\"fb3fb57\" data-element_type=\"widget\" data-e-type=\"widget\" data-widget_type=\"image.default\">\n\t\t\t\t<div class=\"elementor-widget-container\">\n\t\t\t\t\t\t\t\t\t\t\t\t\t\t\t<img decoding=\"async\" width=\"635\" height=\"900\" src=\"https:\/\/banbancosmetics.com\/wp-content\/uploads\/2024\/07\/aceite1.webp\" class=\"attachment-large size-large wp-image-9825\" alt=\"\" srcset=\"https:\/\/banbancosmetics.com\/wp-content\/uploads\/2024\/07\/aceite1.webp 635w, https:\/\/banbancosmetics.com\/wp-content\/uploads\/2024\/07\/aceite1-600x850.webp 600w, https:\/\/banbancosmetics.com\/wp-content\/uploads\/2024\/07\/aceite1-64x91.webp 64w, https:\/\/banbancosmetics.com\/wp-content\/uploads\/2024\/07\/aceite1-212x300.webp 212w\" sizes=\"(max-width: 635px) 100vw, 635px\" \/>\t\t\t\t\t\t\t\t\t\t\t\t\t\t\t<\/div>\n\t\t\t\t<\/div>\n\t\t\t\t<\/div>\n\t\t\t\t\t<\/div>\n\t\t\t\t<\/div>\n\t\t\t\t<\/div>\n\t\t","protected":false},"excerpt":{"rendered":"<p>A cosm\u00e9tica inteligente chegou! Descobre o creme facial DUO, formulado com princ\u00edpios activos como a<strong> Vit C<\/strong>, entre outros, \u00e9 tamb\u00e9m<strong> OIL FREE<\/strong> e tem<strong> p\u00f3s-bi\u00f3ticos<\/strong> para proteger a pele. Este creme tem uma grande a\u00e7\u00e3o <strong>antioxidante<\/strong> e<strong> hidratante<\/strong>, capaz de reduzir as manchas escuras da pele, proporcionando luminosidade e unificando a cor.  <\/p>\n","protected":false},"featured_media":9602,"comment_status":"open","ping_status":"closed","template":"","meta":{"_acf_changed":false,"inline_featured_image":false,"site-sidebar-layout":"default","site-content-layout":"","ast-site-content-layout":"default","site-content-style":"default","site-sidebar-style":"default","ast-global-header-display":"","ast-banner-title-visibility":"","ast-main-header-display":"","ast-hfb-above-header-display":"","ast-hfb-below-header-display":"","ast-hfb-mobile-header-display":"","site-post-title":"","ast-breadcrumbs-content":"","ast-featured-img":"","footer-sml-layout":"","ast-disable-related-posts":"","theme-transparent-header-meta":"default","adv-header-id-meta":"","stick-header-meta":"","header-above-stick-meta":"","header-main-stick-meta":"","header-below-stick-meta":"","astra-migrate-meta-layouts":"default","ast-page-background-enabled":"default","ast-page-background-meta":{"desktop":{"background-color":"var(--ast-global-color-4)","background-image":"","background-repeat":"repeat","background-position":"center center","background-size":"auto","background-attachment":"scroll","background-type":"","background-media":"","overlay-type":"","overlay-color":"","overlay-opacity":"","overlay-gradient":""},"tablet":{"background-color":"","background-image":"","background-repeat":"repeat","background-position":"center center","background-size":"auto","background-attachment":"scroll","background-type":"","background-media":"","overlay-type":"","overlay-color":"","overlay-opacity":"","overlay-gradient":""},"mobile":{"background-color":"","background-image":"","background-repeat":"repeat","background-position":"center center","background-size":"auto","background-attachment":"scroll","background-type":"","background-media":"","overlay-type":"","overlay-color":"","overlay-opacity":"","overlay-gradient":""}},"ast-content-background-meta":{"desktop":{"background-color":"var(--ast-global-color-5)","background-image":"","background-repeat":"repeat","background-position":"center center","background-size":"auto","background-attachment":"scroll","background-type":"","background-media":"","overlay-type":"","overlay-color":"","overlay-opacity":"","overlay-gradient":""},"tablet":{"background-color":"var(--ast-global-color-5)","background-image":"","background-repeat":"repeat","background-position":"center center","background-size":"auto","background-attachment":"scroll","background-type":"","background-media":"","overlay-type":"","overlay-color":"","overlay-opacity":"","overlay-gradient":""},"mobile":{"background-color":"var(--ast-global-color-5)","background-image":"","background-repeat":"repeat","background-position":"center center","background-size":"auto","background-attachment":"scroll","background-type":"","background-media":"","overlay-type":"","overlay-color":"","overlay-opacity":"","overlay-gradient":""}}},"product_brand":[],"product_cat":[360],"product_tag":[431],"class_list":{"0":"post-9581","1":"product","2":"type-product","3":"status-publish","4":"has-post-thumbnail","6":"product_cat-cremes-faciais","7":"product_tag-todos-os-tipos-de-pele-2","8":"product_shipping_class-envio-a-seco","9":"desktop-align-left","10":"tablet-align-left","11":"mobile-align-left","12":"ast-product-gallery-layout-first-image-large","13":"ast-magnify-disabled","14":"ast-product-tabs-layout-horizontal","16":"first","17":"instock","18":"taxable","19":"shipping-taxable","20":"purchasable","21":"product-type-simple"},"acf":[],"yoast_head":"<!-- This site is optimized with the Yoast SEO plugin v27.4 - https:\/\/yoast.com\/product\/yoast-seo-wordpress\/ -->\n<title>CREME MOUSSE FACIAL DUO CERAMIDAS E VITAMINA C 50ML - BanBan Cosmetics<\/title>\n<meta name=\"description\" content=\"Enriquece o teu cuidado facial com BanBan Ceramida e Vitamina C Creme. Ideal para nutrir e purificar a pele, a solu\u00e7\u00e3o completa para uma tez mais lisa e luminosa.\" \/>\n<meta name=\"robots\" content=\"index, follow, max-snippet:-1, max-image-preview:large, max-video-preview:-1\" \/>\n<link rel=\"canonical\" href=\"https:\/\/banbancosmetics.com\/pt-pt\/producto\/creme-mousse-facial-duo-ceramidas-e-vitamina-c\/\" \/>\n<meta property=\"og:locale\" content=\"pt_PT\" \/>\n<meta property=\"og:type\" content=\"article\" \/>\n<meta property=\"og:title\" content=\"CREME MOUSSE FACIAL DUO CERAMIDAS E VITAMINA C 50ML - BanBan Cosmetics\" \/>\n<meta property=\"og:description\" content=\"Enriquece o teu cuidado facial com BanBan Ceramida e Vitamina C Creme. Ideal para nutrir e purificar a pele, a solu\u00e7\u00e3o completa para uma tez mais lisa e luminosa.\" \/>\n<meta property=\"og:url\" content=\"https:\/\/banbancosmetics.com\/pt-pt\/producto\/creme-mousse-facial-duo-ceramidas-e-vitamina-c\/\" \/>\n<meta property=\"og:site_name\" content=\"BanBan Cosmetics\" \/>\n<meta property=\"article:modified_time\" content=\"2026-04-15T19:14:41+00:00\" \/>\n<meta property=\"og:image\" content=\"https:\/\/banbancosmetics.com\/wp-content\/uploads\/2024\/07\/crema_vitc-1.jpg\" \/>\n\t<meta property=\"og:image:width\" content=\"768\" \/>\n\t<meta property=\"og:image:height\" content=\"768\" \/>\n\t<meta property=\"og:image:type\" content=\"image\/jpeg\" \/>\n<meta name=\"twitter:card\" content=\"summary_large_image\" \/>\n<meta name=\"twitter:label1\" content=\"Tempo estimado de leitura\" \/>\n\t<meta name=\"twitter:data1\" content=\"1 minuto\" \/>\n<script type=\"application\/ld+json\" class=\"yoast-schema-graph\">{\"@context\":\"https:\\\/\\\/schema.org\",\"@graph\":[{\"@type\":\"WebPage\",\"@id\":\"https:\\\/\\\/banbancosmetics.com\\\/pt-pt\\\/producto\\\/creme-mousse-facial-duo-ceramidas-e-vitamina-c\\\/\",\"url\":\"https:\\\/\\\/banbancosmetics.com\\\/pt-pt\\\/producto\\\/creme-mousse-facial-duo-ceramidas-e-vitamina-c\\\/\",\"name\":\"CREME MOUSSE FACIAL DUO CERAMIDAS E VITAMINA C 50ML - BanBan Cosmetics\",\"isPartOf\":{\"@id\":\"https:\\\/\\\/banbancosmetics.com\\\/pt-pt\\\/#website\"},\"primaryImageOfPage\":{\"@id\":\"https:\\\/\\\/banbancosmetics.com\\\/pt-pt\\\/producto\\\/creme-mousse-facial-duo-ceramidas-e-vitamina-c\\\/#primaryimage\"},\"image\":{\"@id\":\"https:\\\/\\\/banbancosmetics.com\\\/pt-pt\\\/producto\\\/creme-mousse-facial-duo-ceramidas-e-vitamina-c\\\/#primaryimage\"},\"thumbnailUrl\":\"https:\\\/\\\/banbancosmetics.com\\\/wp-content\\\/uploads\\\/2024\\\/07\\\/crema_vitc-1.jpg\",\"datePublished\":\"2024-07-04T12:52:25+00:00\",\"dateModified\":\"2026-04-15T19:14:41+00:00\",\"description\":\"Enriquece o teu cuidado facial com BanBan Ceramida e Vitamina C Creme. Ideal para nutrir e purificar a pele, a solu\u00e7\u00e3o completa para uma tez mais lisa e luminosa.\",\"breadcrumb\":{\"@id\":\"https:\\\/\\\/banbancosmetics.com\\\/pt-pt\\\/producto\\\/creme-mousse-facial-duo-ceramidas-e-vitamina-c\\\/#breadcrumb\"},\"inLanguage\":\"pt-PT\",\"potentialAction\":[{\"@type\":\"ReadAction\",\"target\":[\"https:\\\/\\\/banbancosmetics.com\\\/pt-pt\\\/producto\\\/creme-mousse-facial-duo-ceramidas-e-vitamina-c\\\/\"]}]},{\"@type\":\"ImageObject\",\"inLanguage\":\"pt-PT\",\"@id\":\"https:\\\/\\\/banbancosmetics.com\\\/pt-pt\\\/producto\\\/creme-mousse-facial-duo-ceramidas-e-vitamina-c\\\/#primaryimage\",\"url\":\"https:\\\/\\\/banbancosmetics.com\\\/wp-content\\\/uploads\\\/2024\\\/07\\\/crema_vitc-1.jpg\",\"contentUrl\":\"https:\\\/\\\/banbancosmetics.com\\\/wp-content\\\/uploads\\\/2024\\\/07\\\/crema_vitc-1.jpg\",\"width\":768,\"height\":768},{\"@type\":\"BreadcrumbList\",\"@id\":\"https:\\\/\\\/banbancosmetics.com\\\/pt-pt\\\/producto\\\/creme-mousse-facial-duo-ceramidas-e-vitamina-c\\\/#breadcrumb\",\"itemListElement\":[{\"@type\":\"ListItem\",\"position\":1,\"name\":\"Portada\",\"item\":\"https:\\\/\\\/banbancosmetics.com\\\/pt-pt\\\/inicio\\\/\"},{\"@type\":\"ListItem\",\"position\":2,\"name\":\"Loja\",\"item\":\"https:\\\/\\\/banbancosmetics.com\\\/pt-pt\\\/loja\\\/\"},{\"@type\":\"ListItem\",\"position\":3,\"name\":\"CREME MOUSSE FACIAL DUO CERAMIDAS E VITAMINA C 50ML\"}]},{\"@type\":\"WebSite\",\"@id\":\"https:\\\/\\\/banbancosmetics.com\\\/pt-pt\\\/#website\",\"url\":\"https:\\\/\\\/banbancosmetics.com\\\/pt-pt\\\/\",\"name\":\"BanBan Cosmetics\",\"description\":\"\",\"publisher\":{\"@id\":\"https:\\\/\\\/banbancosmetics.com\\\/pt-pt\\\/#organization\"},\"potentialAction\":[{\"@type\":\"SearchAction\",\"target\":{\"@type\":\"EntryPoint\",\"urlTemplate\":\"https:\\\/\\\/banbancosmetics.com\\\/pt-pt\\\/?s={search_term_string}\"},\"query-input\":{\"@type\":\"PropertyValueSpecification\",\"valueRequired\":true,\"valueName\":\"search_term_string\"}}],\"inLanguage\":\"pt-PT\"},{\"@type\":\"Organization\",\"@id\":\"https:\\\/\\\/banbancosmetics.com\\\/pt-pt\\\/#organization\",\"name\":\"BanBan Cosmetics\",\"url\":\"https:\\\/\\\/banbancosmetics.com\\\/pt-pt\\\/\",\"logo\":{\"@type\":\"ImageObject\",\"inLanguage\":\"pt-PT\",\"@id\":\"https:\\\/\\\/banbancosmetics.com\\\/pt-pt\\\/#\\\/schema\\\/logo\\\/image\\\/\",\"url\":\"https:\\\/\\\/banbancosmetics.com\\\/wp-content\\\/uploads\\\/2023\\\/11\\\/logo-b_1.svg\",\"contentUrl\":\"https:\\\/\\\/banbancosmetics.com\\\/wp-content\\\/uploads\\\/2023\\\/11\\\/logo-b_1.svg\",\"width\":500,\"height\":500,\"caption\":\"BanBan Cosmetics\"},\"image\":{\"@id\":\"https:\\\/\\\/banbancosmetics.com\\\/pt-pt\\\/#\\\/schema\\\/logo\\\/image\\\/\"}}]}<\/script>\n<!-- \/ Yoast SEO plugin. -->","yoast_head_json":{"title":"CREME MOUSSE FACIAL DUO CERAMIDAS E VITAMINA C 50ML - BanBan Cosmetics","description":"Enriquece o teu cuidado facial com BanBan Ceramida e Vitamina C Creme. Ideal para nutrir e purificar a pele, a solu\u00e7\u00e3o completa para uma tez mais lisa e luminosa.","robots":{"index":"index","follow":"follow","max-snippet":"max-snippet:-1","max-image-preview":"max-image-preview:large","max-video-preview":"max-video-preview:-1"},"canonical":"https:\/\/banbancosmetics.com\/pt-pt\/producto\/creme-mousse-facial-duo-ceramidas-e-vitamina-c\/","og_locale":"pt_PT","og_type":"article","og_title":"CREME MOUSSE FACIAL DUO CERAMIDAS E VITAMINA C 50ML - BanBan Cosmetics","og_description":"Enriquece o teu cuidado facial com BanBan Ceramida e Vitamina C Creme. Ideal para nutrir e purificar a pele, a solu\u00e7\u00e3o completa para uma tez mais lisa e luminosa.","og_url":"https:\/\/banbancosmetics.com\/pt-pt\/producto\/creme-mousse-facial-duo-ceramidas-e-vitamina-c\/","og_site_name":"BanBan Cosmetics","article_modified_time":"2026-04-15T19:14:41+00:00","og_image":[{"width":768,"height":768,"url":"https:\/\/banbancosmetics.com\/wp-content\/uploads\/2024\/07\/crema_vitc-1.jpg","type":"image\/jpeg"}],"twitter_card":"summary_large_image","twitter_misc":{"Tempo estimado de leitura":"1 minuto"},"schema":{"@context":"https:\/\/schema.org","@graph":[{"@type":"WebPage","@id":"https:\/\/banbancosmetics.com\/pt-pt\/producto\/creme-mousse-facial-duo-ceramidas-e-vitamina-c\/","url":"https:\/\/banbancosmetics.com\/pt-pt\/producto\/creme-mousse-facial-duo-ceramidas-e-vitamina-c\/","name":"CREME MOUSSE FACIAL DUO CERAMIDAS E VITAMINA C 50ML - BanBan Cosmetics","isPartOf":{"@id":"https:\/\/banbancosmetics.com\/pt-pt\/#website"},"primaryImageOfPage":{"@id":"https:\/\/banbancosmetics.com\/pt-pt\/producto\/creme-mousse-facial-duo-ceramidas-e-vitamina-c\/#primaryimage"},"image":{"@id":"https:\/\/banbancosmetics.com\/pt-pt\/producto\/creme-mousse-facial-duo-ceramidas-e-vitamina-c\/#primaryimage"},"thumbnailUrl":"https:\/\/banbancosmetics.com\/wp-content\/uploads\/2024\/07\/crema_vitc-1.jpg","datePublished":"2024-07-04T12:52:25+00:00","dateModified":"2026-04-15T19:14:41+00:00","description":"Enriquece o teu cuidado facial com BanBan Ceramida e Vitamina C Creme. Ideal para nutrir e purificar a pele, a solu\u00e7\u00e3o completa para uma tez mais lisa e luminosa.","breadcrumb":{"@id":"https:\/\/banbancosmetics.com\/pt-pt\/producto\/creme-mousse-facial-duo-ceramidas-e-vitamina-c\/#breadcrumb"},"inLanguage":"pt-PT","potentialAction":[{"@type":"ReadAction","target":["https:\/\/banbancosmetics.com\/pt-pt\/producto\/creme-mousse-facial-duo-ceramidas-e-vitamina-c\/"]}]},{"@type":"ImageObject","inLanguage":"pt-PT","@id":"https:\/\/banbancosmetics.com\/pt-pt\/producto\/creme-mousse-facial-duo-ceramidas-e-vitamina-c\/#primaryimage","url":"https:\/\/banbancosmetics.com\/wp-content\/uploads\/2024\/07\/crema_vitc-1.jpg","contentUrl":"https:\/\/banbancosmetics.com\/wp-content\/uploads\/2024\/07\/crema_vitc-1.jpg","width":768,"height":768},{"@type":"BreadcrumbList","@id":"https:\/\/banbancosmetics.com\/pt-pt\/producto\/creme-mousse-facial-duo-ceramidas-e-vitamina-c\/#breadcrumb","itemListElement":[{"@type":"ListItem","position":1,"name":"Portada","item":"https:\/\/banbancosmetics.com\/pt-pt\/inicio\/"},{"@type":"ListItem","position":2,"name":"Loja","item":"https:\/\/banbancosmetics.com\/pt-pt\/loja\/"},{"@type":"ListItem","position":3,"name":"CREME MOUSSE FACIAL DUO CERAMIDAS E VITAMINA C 50ML"}]},{"@type":"WebSite","@id":"https:\/\/banbancosmetics.com\/pt-pt\/#website","url":"https:\/\/banbancosmetics.com\/pt-pt\/","name":"BanBan Cosmetics","description":"","publisher":{"@id":"https:\/\/banbancosmetics.com\/pt-pt\/#organization"},"potentialAction":[{"@type":"SearchAction","target":{"@type":"EntryPoint","urlTemplate":"https:\/\/banbancosmetics.com\/pt-pt\/?s={search_term_string}"},"query-input":{"@type":"PropertyValueSpecification","valueRequired":true,"valueName":"search_term_string"}}],"inLanguage":"pt-PT"},{"@type":"Organization","@id":"https:\/\/banbancosmetics.com\/pt-pt\/#organization","name":"BanBan Cosmetics","url":"https:\/\/banbancosmetics.com\/pt-pt\/","logo":{"@type":"ImageObject","inLanguage":"pt-PT","@id":"https:\/\/banbancosmetics.com\/pt-pt\/#\/schema\/logo\/image\/","url":"https:\/\/banbancosmetics.com\/wp-content\/uploads\/2023\/11\/logo-b_1.svg","contentUrl":"https:\/\/banbancosmetics.com\/wp-content\/uploads\/2023\/11\/logo-b_1.svg","width":500,"height":500,"caption":"BanBan Cosmetics"},"image":{"@id":"https:\/\/banbancosmetics.com\/pt-pt\/#\/schema\/logo\/image\/"}}]}},"_links":{"self":[{"href":"https:\/\/banbancosmetics.com\/pt-pt\/wp-json\/wp\/v2\/product\/9581","targetHints":{"allow":["GET"]}}],"collection":[{"href":"https:\/\/banbancosmetics.com\/pt-pt\/wp-json\/wp\/v2\/product"}],"about":[{"href":"https:\/\/banbancosmetics.com\/pt-pt\/wp-json\/wp\/v2\/types\/product"}],"replies":[{"embeddable":true,"href":"https:\/\/banbancosmetics.com\/pt-pt\/wp-json\/wp\/v2\/comments?post=9581"}],"version-history":[{"count":1,"href":"https:\/\/banbancosmetics.com\/pt-pt\/wp-json\/wp\/v2\/product\/9581\/revisions"}],"predecessor-version":[{"id":10430,"href":"https:\/\/banbancosmetics.com\/pt-pt\/wp-json\/wp\/v2\/product\/9581\/revisions\/10430"}],"wp:featuredmedia":[{"embeddable":true,"href":"https:\/\/banbancosmetics.com\/pt-pt\/wp-json\/wp\/v2\/media\/9602"}],"wp:attachment":[{"href":"https:\/\/banbancosmetics.com\/pt-pt\/wp-json\/wp\/v2\/media?parent=9581"}],"wp:term":[{"taxonomy":"product_brand","embeddable":true,"href":"https:\/\/banbancosmetics.com\/pt-pt\/wp-json\/wp\/v2\/product_brand?post=9581"},{"taxonomy":"product_cat","embeddable":true,"href":"https:\/\/banbancosmetics.com\/pt-pt\/wp-json\/wp\/v2\/product_cat?post=9581"},{"taxonomy":"product_tag","embeddable":true,"href":"https:\/\/banbancosmetics.com\/pt-pt\/wp-json\/wp\/v2\/product_tag?post=9581"}],"curies":[{"name":"wp","href":"https:\/\/api.w.org\/{rel}","templated":true}]}}