{"id":9447,"date":"2026-01-09T10:21:12","date_gmt":"2026-01-09T09:21:12","guid":{"rendered":"https:\/\/banbancosmetics.com\/producto\/creme-facial-organico-de-ashwagandha\/"},"modified":"2026-04-27T21:15:35","modified_gmt":"2026-04-27T19:15:35","slug":"creme-facial-organico-de-ashwagandha","status":"publish","type":"product","link":"https:\/\/banbancosmetics.com\/pt-pt\/producto\/creme-facial-organico-de-ashwagandha\/","title":{"rendered":"CREME FACIAL ORG\u00c2NICO DE ASHWAGANDHA 50ML"},"content":{"rendered":"","protected":false},"excerpt":{"rendered":"<p>A tua pele apresenta sinais de fadiga ou de stress? Este<strong> creme revitalizante<\/strong> e<strong> anti-stress<\/strong>, enriquecido com uma f\u00f3rmula que cont\u00e9m mais de 99% de ingredientes naturais, combina ingredientes activos como<strong> Ashwagandha, Rhodiola, Postbi\u00f3ticos, \u00c1cido Hialur\u00f3nico, Ceramidas, \u00d3mega 6 e 9, Moringa, Vitaminas A, C, E e Bakuchiol<\/strong>, entre outros. Revitaliza a pele, reduz os sinais de fadiga e stress, hidrata e proporciona firmeza e poder antioxidante.  <\/p>\n","protected":false},"featured_media":9450,"comment_status":"open","ping_status":"closed","template":"","meta":{"_acf_changed":false,"inline_featured_image":false,"site-sidebar-layout":"no-sidebar","site-content-layout":"","ast-site-content-layout":"full-width-container","site-content-style":"default","site-sidebar-style":"default","ast-global-header-display":"","ast-banner-title-visibility":"","ast-main-header-display":"","ast-hfb-above-header-display":"","ast-hfb-below-header-display":"","ast-hfb-mobile-header-display":"","site-post-title":"","ast-breadcrumbs-content":"","ast-featured-img":"","footer-sml-layout":"","ast-disable-related-posts":"","theme-transparent-header-meta":"default","adv-header-id-meta":"","stick-header-meta":"","header-above-stick-meta":"","header-main-stick-meta":"","header-below-stick-meta":"","astra-migrate-meta-layouts":"default","ast-page-background-enabled":"default","ast-page-background-meta":{"desktop":{"background-color":"var(--ast-global-color-4)","background-image":"","background-repeat":"repeat","background-position":"center center","background-size":"auto","background-attachment":"scroll","background-type":"","background-media":"","overlay-type":"","overlay-color":"","overlay-opacity":"","overlay-gradient":""},"tablet":{"background-color":"","background-image":"","background-repeat":"repeat","background-position":"center center","background-size":"auto","background-attachment":"scroll","background-type":"","background-media":"","overlay-type":"","overlay-color":"","overlay-opacity":"","overlay-gradient":""},"mobile":{"background-color":"","background-image":"","background-repeat":"repeat","background-position":"center center","background-size":"auto","background-attachment":"scroll","background-type":"","background-media":"","overlay-type":"","overlay-color":"","overlay-opacity":"","overlay-gradient":""}},"ast-content-background-meta":{"desktop":{"background-color":"var(--ast-global-color-5)","background-image":"","background-repeat":"repeat","background-position":"center center","background-size":"auto","background-attachment":"scroll","background-type":"","background-media":"","overlay-type":"","overlay-color":"","overlay-opacity":"","overlay-gradient":""},"tablet":{"background-color":"var(--ast-global-color-5)","background-image":"","background-repeat":"repeat","background-position":"center center","background-size":"auto","background-attachment":"scroll","background-type":"","background-media":"","overlay-type":"","overlay-color":"","overlay-opacity":"","overlay-gradient":""},"mobile":{"background-color":"var(--ast-global-color-5)","background-image":"","background-repeat":"repeat","background-position":"center center","background-size":"auto","background-attachment":"scroll","background-type":"","background-media":"","overlay-type":"","overlay-color":"","overlay-opacity":"","overlay-gradient":""}}},"product_brand":[],"product_cat":[360],"product_tag":[476,465,467,475,449,474,466],"class_list":{"0":"post-9447","1":"product","2":"type-product","3":"status-publish","4":"has-post-thumbnail","6":"product_cat-cremes-faciais","7":"product_tag-anti-oxidante","8":"product_tag-anti-stress","9":"product_tag-calma","10":"product_tag-firmeza","11":"product_tag-hidratacao","12":"product_tag-revitalizante","13":"product_tag-vitalidade","14":"desktop-align-left","15":"tablet-align-left","16":"mobile-align-left","17":"ast-product-gallery-layout-first-image-large","18":"ast-product-gallery-with-no-image","19":"ast-magnify-disabled","20":"ast-product-tabs-layout-horizontal","22":"first","23":"instock","24":"taxable","25":"shipping-taxable","26":"purchasable","27":"product-type-simple"},"acf":[],"yoast_head":"<!-- This site is optimized with the Yoast SEO plugin v27.4 - https:\/\/yoast.com\/product\/yoast-seo-wordpress\/ -->\n<title>CREME FACIAL ORG\u00c2NICO DE ASHWAGANDHA 50ML - BanBan Cosmetics<\/title>\n<meta name=\"description\" content=\"Enriquecido com NAD+, Resveratrol, Colag\u00e9nio, \u00c1cido Hialur\u00f3nico e uma sinergia de frutos vermelhos e vitaminas A, C e E, este creme oferece uma hidrata\u00e7\u00e3o intensa, firmeza e prote\u00e7\u00e3o antioxidante.\" \/>\n<meta name=\"robots\" content=\"index, follow, max-snippet:-1, max-image-preview:large, max-video-preview:-1\" \/>\n<link rel=\"canonical\" href=\"https:\/\/banbancosmetics.com\/pt-pt\/producto\/creme-facial-organico-de-ashwagandha\/\" \/>\n<meta property=\"og:locale\" content=\"pt_PT\" \/>\n<meta property=\"og:type\" content=\"article\" \/>\n<meta property=\"og:title\" content=\"CREME FACIAL ORG\u00c2NICO DE ASHWAGANDHA 50ML - BanBan Cosmetics\" \/>\n<meta property=\"og:description\" content=\"Enriquecido com NAD+, Resveratrol, Colag\u00e9nio, \u00c1cido Hialur\u00f3nico e uma sinergia de frutos vermelhos e vitaminas A, C e E, este creme oferece uma hidrata\u00e7\u00e3o intensa, firmeza e prote\u00e7\u00e3o antioxidante.\" \/>\n<meta property=\"og:url\" content=\"https:\/\/banbancosmetics.com\/pt-pt\/producto\/creme-facial-organico-de-ashwagandha\/\" \/>\n<meta property=\"og:site_name\" content=\"BanBan Cosmetics\" \/>\n<meta property=\"article:modified_time\" content=\"2026-04-27T19:15:35+00:00\" \/>\n<meta property=\"og:image\" content=\"https:\/\/banbancosmetics.com\/wp-content\/uploads\/2026\/01\/crema_ash-2.jpg\" \/>\n\t<meta property=\"og:image:width\" content=\"768\" \/>\n\t<meta property=\"og:image:height\" content=\"768\" \/>\n\t<meta property=\"og:image:type\" content=\"image\/jpeg\" \/>\n<meta name=\"twitter:card\" content=\"summary_large_image\" \/>\n<script type=\"application\/ld+json\" class=\"yoast-schema-graph\">{\"@context\":\"https:\\\/\\\/schema.org\",\"@graph\":[{\"@type\":\"WebPage\",\"@id\":\"https:\\\/\\\/banbancosmetics.com\\\/pt-pt\\\/producto\\\/creme-facial-organico-de-ashwagandha\\\/\",\"url\":\"https:\\\/\\\/banbancosmetics.com\\\/pt-pt\\\/producto\\\/creme-facial-organico-de-ashwagandha\\\/\",\"name\":\"CREME FACIAL ORG\u00c2NICO DE ASHWAGANDHA 50ML - BanBan Cosmetics\",\"isPartOf\":{\"@id\":\"https:\\\/\\\/banbancosmetics.com\\\/pt-pt\\\/#website\"},\"primaryImageOfPage\":{\"@id\":\"https:\\\/\\\/banbancosmetics.com\\\/pt-pt\\\/producto\\\/creme-facial-organico-de-ashwagandha\\\/#primaryimage\"},\"image\":{\"@id\":\"https:\\\/\\\/banbancosmetics.com\\\/pt-pt\\\/producto\\\/creme-facial-organico-de-ashwagandha\\\/#primaryimage\"},\"thumbnailUrl\":\"https:\\\/\\\/banbancosmetics.com\\\/wp-content\\\/uploads\\\/2026\\\/01\\\/crema_ash-2.jpg\",\"datePublished\":\"2026-01-09T09:21:12+00:00\",\"dateModified\":\"2026-04-27T19:15:35+00:00\",\"description\":\"Enriquecido com NAD+, Resveratrol, Colag\u00e9nio, \u00c1cido Hialur\u00f3nico e uma sinergia de frutos vermelhos e vitaminas A, C e E, este creme oferece uma hidrata\u00e7\u00e3o intensa, firmeza e prote\u00e7\u00e3o antioxidante.\",\"breadcrumb\":{\"@id\":\"https:\\\/\\\/banbancosmetics.com\\\/pt-pt\\\/producto\\\/creme-facial-organico-de-ashwagandha\\\/#breadcrumb\"},\"inLanguage\":\"pt-PT\",\"potentialAction\":[{\"@type\":\"ReadAction\",\"target\":[\"https:\\\/\\\/banbancosmetics.com\\\/pt-pt\\\/producto\\\/creme-facial-organico-de-ashwagandha\\\/\"]}]},{\"@type\":\"ImageObject\",\"inLanguage\":\"pt-PT\",\"@id\":\"https:\\\/\\\/banbancosmetics.com\\\/pt-pt\\\/producto\\\/creme-facial-organico-de-ashwagandha\\\/#primaryimage\",\"url\":\"https:\\\/\\\/banbancosmetics.com\\\/wp-content\\\/uploads\\\/2026\\\/01\\\/crema_ash-2.jpg\",\"contentUrl\":\"https:\\\/\\\/banbancosmetics.com\\\/wp-content\\\/uploads\\\/2026\\\/01\\\/crema_ash-2.jpg\",\"width\":768,\"height\":768},{\"@type\":\"BreadcrumbList\",\"@id\":\"https:\\\/\\\/banbancosmetics.com\\\/pt-pt\\\/producto\\\/creme-facial-organico-de-ashwagandha\\\/#breadcrumb\",\"itemListElement\":[{\"@type\":\"ListItem\",\"position\":1,\"name\":\"Portada\",\"item\":\"https:\\\/\\\/banbancosmetics.com\\\/pt-pt\\\/inicio\\\/\"},{\"@type\":\"ListItem\",\"position\":2,\"name\":\"Loja\",\"item\":\"https:\\\/\\\/banbancosmetics.com\\\/pt-pt\\\/loja\\\/\"},{\"@type\":\"ListItem\",\"position\":3,\"name\":\"CREME FACIAL ORG\u00c2NICO DE ASHWAGANDHA 50ML\"}]},{\"@type\":\"WebSite\",\"@id\":\"https:\\\/\\\/banbancosmetics.com\\\/pt-pt\\\/#website\",\"url\":\"https:\\\/\\\/banbancosmetics.com\\\/pt-pt\\\/\",\"name\":\"BanBan Cosmetics\",\"description\":\"\",\"publisher\":{\"@id\":\"https:\\\/\\\/banbancosmetics.com\\\/pt-pt\\\/#organization\"},\"potentialAction\":[{\"@type\":\"SearchAction\",\"target\":{\"@type\":\"EntryPoint\",\"urlTemplate\":\"https:\\\/\\\/banbancosmetics.com\\\/pt-pt\\\/?s={search_term_string}\"},\"query-input\":{\"@type\":\"PropertyValueSpecification\",\"valueRequired\":true,\"valueName\":\"search_term_string\"}}],\"inLanguage\":\"pt-PT\"},{\"@type\":\"Organization\",\"@id\":\"https:\\\/\\\/banbancosmetics.com\\\/pt-pt\\\/#organization\",\"name\":\"BanBan Cosmetics\",\"url\":\"https:\\\/\\\/banbancosmetics.com\\\/pt-pt\\\/\",\"logo\":{\"@type\":\"ImageObject\",\"inLanguage\":\"pt-PT\",\"@id\":\"https:\\\/\\\/banbancosmetics.com\\\/pt-pt\\\/#\\\/schema\\\/logo\\\/image\\\/\",\"url\":\"https:\\\/\\\/banbancosmetics.com\\\/wp-content\\\/uploads\\\/2023\\\/11\\\/logo-b_1.svg\",\"contentUrl\":\"https:\\\/\\\/banbancosmetics.com\\\/wp-content\\\/uploads\\\/2023\\\/11\\\/logo-b_1.svg\",\"width\":500,\"height\":500,\"caption\":\"BanBan Cosmetics\"},\"image\":{\"@id\":\"https:\\\/\\\/banbancosmetics.com\\\/pt-pt\\\/#\\\/schema\\\/logo\\\/image\\\/\"}}]}<\/script>\n<!-- \/ Yoast SEO plugin. -->","yoast_head_json":{"title":"CREME FACIAL ORG\u00c2NICO DE ASHWAGANDHA 50ML - BanBan Cosmetics","description":"Enriquecido com NAD+, Resveratrol, Colag\u00e9nio, \u00c1cido Hialur\u00f3nico e uma sinergia de frutos vermelhos e vitaminas A, C e E, este creme oferece uma hidrata\u00e7\u00e3o intensa, firmeza e prote\u00e7\u00e3o antioxidante.","robots":{"index":"index","follow":"follow","max-snippet":"max-snippet:-1","max-image-preview":"max-image-preview:large","max-video-preview":"max-video-preview:-1"},"canonical":"https:\/\/banbancosmetics.com\/pt-pt\/producto\/creme-facial-organico-de-ashwagandha\/","og_locale":"pt_PT","og_type":"article","og_title":"CREME FACIAL ORG\u00c2NICO DE ASHWAGANDHA 50ML - BanBan Cosmetics","og_description":"Enriquecido com NAD+, Resveratrol, Colag\u00e9nio, \u00c1cido Hialur\u00f3nico e uma sinergia de frutos vermelhos e vitaminas A, C e E, este creme oferece uma hidrata\u00e7\u00e3o intensa, firmeza e prote\u00e7\u00e3o antioxidante.","og_url":"https:\/\/banbancosmetics.com\/pt-pt\/producto\/creme-facial-organico-de-ashwagandha\/","og_site_name":"BanBan Cosmetics","article_modified_time":"2026-04-27T19:15:35+00:00","og_image":[{"width":768,"height":768,"url":"https:\/\/banbancosmetics.com\/wp-content\/uploads\/2026\/01\/crema_ash-2.jpg","type":"image\/jpeg"}],"twitter_card":"summary_large_image","schema":{"@context":"https:\/\/schema.org","@graph":[{"@type":"WebPage","@id":"https:\/\/banbancosmetics.com\/pt-pt\/producto\/creme-facial-organico-de-ashwagandha\/","url":"https:\/\/banbancosmetics.com\/pt-pt\/producto\/creme-facial-organico-de-ashwagandha\/","name":"CREME FACIAL ORG\u00c2NICO DE ASHWAGANDHA 50ML - BanBan Cosmetics","isPartOf":{"@id":"https:\/\/banbancosmetics.com\/pt-pt\/#website"},"primaryImageOfPage":{"@id":"https:\/\/banbancosmetics.com\/pt-pt\/producto\/creme-facial-organico-de-ashwagandha\/#primaryimage"},"image":{"@id":"https:\/\/banbancosmetics.com\/pt-pt\/producto\/creme-facial-organico-de-ashwagandha\/#primaryimage"},"thumbnailUrl":"https:\/\/banbancosmetics.com\/wp-content\/uploads\/2026\/01\/crema_ash-2.jpg","datePublished":"2026-01-09T09:21:12+00:00","dateModified":"2026-04-27T19:15:35+00:00","description":"Enriquecido com NAD+, Resveratrol, Colag\u00e9nio, \u00c1cido Hialur\u00f3nico e uma sinergia de frutos vermelhos e vitaminas A, C e E, este creme oferece uma hidrata\u00e7\u00e3o intensa, firmeza e prote\u00e7\u00e3o antioxidante.","breadcrumb":{"@id":"https:\/\/banbancosmetics.com\/pt-pt\/producto\/creme-facial-organico-de-ashwagandha\/#breadcrumb"},"inLanguage":"pt-PT","potentialAction":[{"@type":"ReadAction","target":["https:\/\/banbancosmetics.com\/pt-pt\/producto\/creme-facial-organico-de-ashwagandha\/"]}]},{"@type":"ImageObject","inLanguage":"pt-PT","@id":"https:\/\/banbancosmetics.com\/pt-pt\/producto\/creme-facial-organico-de-ashwagandha\/#primaryimage","url":"https:\/\/banbancosmetics.com\/wp-content\/uploads\/2026\/01\/crema_ash-2.jpg","contentUrl":"https:\/\/banbancosmetics.com\/wp-content\/uploads\/2026\/01\/crema_ash-2.jpg","width":768,"height":768},{"@type":"BreadcrumbList","@id":"https:\/\/banbancosmetics.com\/pt-pt\/producto\/creme-facial-organico-de-ashwagandha\/#breadcrumb","itemListElement":[{"@type":"ListItem","position":1,"name":"Portada","item":"https:\/\/banbancosmetics.com\/pt-pt\/inicio\/"},{"@type":"ListItem","position":2,"name":"Loja","item":"https:\/\/banbancosmetics.com\/pt-pt\/loja\/"},{"@type":"ListItem","position":3,"name":"CREME FACIAL ORG\u00c2NICO DE ASHWAGANDHA 50ML"}]},{"@type":"WebSite","@id":"https:\/\/banbancosmetics.com\/pt-pt\/#website","url":"https:\/\/banbancosmetics.com\/pt-pt\/","name":"BanBan Cosmetics","description":"","publisher":{"@id":"https:\/\/banbancosmetics.com\/pt-pt\/#organization"},"potentialAction":[{"@type":"SearchAction","target":{"@type":"EntryPoint","urlTemplate":"https:\/\/banbancosmetics.com\/pt-pt\/?s={search_term_string}"},"query-input":{"@type":"PropertyValueSpecification","valueRequired":true,"valueName":"search_term_string"}}],"inLanguage":"pt-PT"},{"@type":"Organization","@id":"https:\/\/banbancosmetics.com\/pt-pt\/#organization","name":"BanBan Cosmetics","url":"https:\/\/banbancosmetics.com\/pt-pt\/","logo":{"@type":"ImageObject","inLanguage":"pt-PT","@id":"https:\/\/banbancosmetics.com\/pt-pt\/#\/schema\/logo\/image\/","url":"https:\/\/banbancosmetics.com\/wp-content\/uploads\/2023\/11\/logo-b_1.svg","contentUrl":"https:\/\/banbancosmetics.com\/wp-content\/uploads\/2023\/11\/logo-b_1.svg","width":500,"height":500,"caption":"BanBan Cosmetics"},"image":{"@id":"https:\/\/banbancosmetics.com\/pt-pt\/#\/schema\/logo\/image\/"}}]}},"_links":{"self":[{"href":"https:\/\/banbancosmetics.com\/pt-pt\/wp-json\/wp\/v2\/product\/9447","targetHints":{"allow":["GET"]}}],"collection":[{"href":"https:\/\/banbancosmetics.com\/pt-pt\/wp-json\/wp\/v2\/product"}],"about":[{"href":"https:\/\/banbancosmetics.com\/pt-pt\/wp-json\/wp\/v2\/types\/product"}],"replies":[{"embeddable":true,"href":"https:\/\/banbancosmetics.com\/pt-pt\/wp-json\/wp\/v2\/comments?post=9447"}],"version-history":[{"count":1,"href":"https:\/\/banbancosmetics.com\/pt-pt\/wp-json\/wp\/v2\/product\/9447\/revisions"}],"predecessor-version":[{"id":10345,"href":"https:\/\/banbancosmetics.com\/pt-pt\/wp-json\/wp\/v2\/product\/9447\/revisions\/10345"}],"wp:featuredmedia":[{"embeddable":true,"href":"https:\/\/banbancosmetics.com\/pt-pt\/wp-json\/wp\/v2\/media\/9450"}],"wp:attachment":[{"href":"https:\/\/banbancosmetics.com\/pt-pt\/wp-json\/wp\/v2\/media?parent=9447"}],"wp:term":[{"taxonomy":"product_brand","embeddable":true,"href":"https:\/\/banbancosmetics.com\/pt-pt\/wp-json\/wp\/v2\/product_brand?post=9447"},{"taxonomy":"product_cat","embeddable":true,"href":"https:\/\/banbancosmetics.com\/pt-pt\/wp-json\/wp\/v2\/product_cat?post=9447"},{"taxonomy":"product_tag","embeddable":true,"href":"https:\/\/banbancosmetics.com\/pt-pt\/wp-json\/wp\/v2\/product_tag?post=9447"}],"curies":[{"name":"wp","href":"https:\/\/api.w.org\/{rel}","templated":true}]}}