{"id":9434,"date":"2026-01-09T10:33:57","date_gmt":"2026-01-09T09:33:57","guid":{"rendered":"https:\/\/banbancosmetics.com\/producto\/contorno-de-ashwagandha-organica\/"},"modified":"2026-04-27T21:15:34","modified_gmt":"2026-04-27T19:15:34","slug":"contorno-de-ashwagandha-organica","status":"publish","type":"product","link":"https:\/\/banbancosmetics.com\/pt-pt\/producto\/contorno-de-ashwagandha-organica\/","title":{"rendered":"ASHWAGANDHA ORG\u00c2NICA PARA O CONTORNO DOS OLHOS 15ML"},"content":{"rendered":"","protected":false},"excerpt":{"rendered":"<p>Olhos cansados, sem brilho e stressados? O contorno <strong>de olhos Ashwagandha<\/strong> tem uma poderosa formula\u00e7\u00e3o com mais de 99% de ingredientes de origem natural, este contorno <strong>de olhos<\/strong> combina <strong>Ashwagandha, Rhodiola, Agrimony, Exossomas, Postbi\u00f3ticos, Ceramidas, \u00c1cido L\u00e1ctico, Passiflora e Melissa<\/strong>, entre outros activos. O seu aplicador met\u00e1lico <strong>de efeito frio<\/strong> massaja suavemente, favorecendo a microcircula\u00e7\u00e3o e melhorando a penetra\u00e7\u00e3o dos ingredientes activos hidratantes, revitalizantes e anti-stress, ajudando a reduzir os sinais de fadiga e os sinais de envelhecimento.  <\/p>\n","protected":false},"featured_media":10129,"comment_status":"open","ping_status":"closed","template":"","meta":{"_acf_changed":false,"inline_featured_image":false,"site-sidebar-layout":"no-sidebar","site-content-layout":"","ast-site-content-layout":"full-width-container","site-content-style":"default","site-sidebar-style":"default","ast-global-header-display":"","ast-banner-title-visibility":"","ast-main-header-display":"","ast-hfb-above-header-display":"","ast-hfb-below-header-display":"","ast-hfb-mobile-header-display":"","site-post-title":"disabled","ast-breadcrumbs-content":"","ast-featured-img":"disabled","footer-sml-layout":"","ast-disable-related-posts":"","theme-transparent-header-meta":"default","adv-header-id-meta":"","stick-header-meta":"","header-above-stick-meta":"","header-main-stick-meta":"","header-below-stick-meta":"","astra-migrate-meta-layouts":"set","ast-page-background-enabled":"default","ast-page-background-meta":{"desktop":{"background-color":"var(--ast-global-color-4)","background-image":"","background-repeat":"repeat","background-position":"center center","background-size":"auto","background-attachment":"scroll","background-type":"","background-media":"","overlay-type":"","overlay-color":"","overlay-opacity":"","overlay-gradient":""},"tablet":{"background-color":"","background-image":"","background-repeat":"repeat","background-position":"center center","background-size":"auto","background-attachment":"scroll","background-type":"","background-media":"","overlay-type":"","overlay-color":"","overlay-opacity":"","overlay-gradient":""},"mobile":{"background-color":"","background-image":"","background-repeat":"repeat","background-position":"center center","background-size":"auto","background-attachment":"scroll","background-type":"","background-media":"","overlay-type":"","overlay-color":"","overlay-opacity":"","overlay-gradient":""}},"ast-content-background-meta":{"desktop":{"background-color":"var(--ast-global-color-5)","background-image":"","background-repeat":"repeat","background-position":"center center","background-size":"auto","background-attachment":"scroll","background-type":"","background-media":"","overlay-type":"","overlay-color":"","overlay-opacity":"","overlay-gradient":""},"tablet":{"background-color":"var(--ast-global-color-5)","background-image":"","background-repeat":"repeat","background-position":"center center","background-size":"auto","background-attachment":"scroll","background-type":"","background-media":"","overlay-type":"","overlay-color":"","overlay-opacity":"","overlay-gradient":""},"mobile":{"background-color":"var(--ast-global-color-5)","background-image":"","background-repeat":"repeat","background-position":"center center","background-size":"auto","background-attachment":"scroll","background-type":"","background-media":"","overlay-type":"","overlay-color":"","overlay-opacity":"","overlay-gradient":""}}},"product_brand":[],"product_cat":[393],"product_tag":[],"class_list":{"0":"post-9434","1":"product","2":"type-product","3":"status-publish","4":"has-post-thumbnail","6":"product_cat-contorno-dos-olhos","7":"desktop-align-left","8":"tablet-align-left","9":"mobile-align-left","10":"ast-product-gallery-layout-first-image-large","11":"ast-product-gallery-with-no-image","12":"ast-magnify-disabled","13":"ast-product-tabs-layout-horizontal","15":"first","16":"instock","17":"taxable","18":"shipping-taxable","19":"purchasable","20":"product-type-simple"},"acf":[],"yoast_head":"<!-- This site is optimized with the Yoast SEO plugin v27.4 - https:\/\/yoast.com\/product\/yoast-seo-wordpress\/ -->\n<title>ASHWAGANDHA ORG\u00c2NICA PARA O CONTORNO DOS OLHOS 15ML - BanBan Cosmetics<\/title>\n<meta name=\"description\" content=\"Enriquecido com NAD+, Resveratrol, Colag\u00e9nio, \u00c1cido Hialur\u00f3nico e uma sinergia de frutos vermelhos e vitaminas A, C e E, este creme oferece uma hidrata\u00e7\u00e3o intensa, firmeza e prote\u00e7\u00e3o antioxidante.\" \/>\n<meta name=\"robots\" content=\"index, follow, max-snippet:-1, max-image-preview:large, max-video-preview:-1\" \/>\n<link rel=\"canonical\" href=\"https:\/\/banbancosmetics.com\/pt-pt\/producto\/contorno-de-ashwagandha-organica\/\" \/>\n<meta property=\"og:locale\" content=\"pt_PT\" \/>\n<meta property=\"og:type\" content=\"article\" \/>\n<meta property=\"og:title\" content=\"ASHWAGANDHA ORG\u00c2NICA PARA O CONTORNO DOS OLHOS 15ML - BanBan Cosmetics\" \/>\n<meta property=\"og:description\" content=\"Enriquecido com NAD+, Resveratrol, Colag\u00e9nio, \u00c1cido Hialur\u00f3nico e uma sinergia de frutos vermelhos e vitaminas A, C e E, este creme oferece uma hidrata\u00e7\u00e3o intensa, firmeza e prote\u00e7\u00e3o antioxidante.\" \/>\n<meta property=\"og:url\" content=\"https:\/\/banbancosmetics.com\/pt-pt\/producto\/contorno-de-ashwagandha-organica\/\" \/>\n<meta property=\"og:site_name\" content=\"BanBan Cosmetics\" \/>\n<meta property=\"article:modified_time\" content=\"2026-04-27T19:15:34+00:00\" \/>\n<meta property=\"og:image\" content=\"https:\/\/banbancosmetics.com\/wp-content\/uploads\/2026\/01\/contorno_ash-3.jpg\" \/>\n\t<meta property=\"og:image:width\" content=\"768\" \/>\n\t<meta property=\"og:image:height\" content=\"768\" \/>\n\t<meta property=\"og:image:type\" content=\"image\/jpeg\" \/>\n<meta name=\"twitter:card\" content=\"summary_large_image\" \/>\n<script type=\"application\/ld+json\" class=\"yoast-schema-graph\">{\"@context\":\"https:\\\/\\\/schema.org\",\"@graph\":[{\"@type\":\"WebPage\",\"@id\":\"https:\\\/\\\/banbancosmetics.com\\\/pt-pt\\\/producto\\\/contorno-de-ashwagandha-organica\\\/\",\"url\":\"https:\\\/\\\/banbancosmetics.com\\\/pt-pt\\\/producto\\\/contorno-de-ashwagandha-organica\\\/\",\"name\":\"ASHWAGANDHA ORG\u00c2NICA PARA O CONTORNO DOS OLHOS 15ML - BanBan Cosmetics\",\"isPartOf\":{\"@id\":\"https:\\\/\\\/banbancosmetics.com\\\/pt-pt\\\/#website\"},\"primaryImageOfPage\":{\"@id\":\"https:\\\/\\\/banbancosmetics.com\\\/pt-pt\\\/producto\\\/contorno-de-ashwagandha-organica\\\/#primaryimage\"},\"image\":{\"@id\":\"https:\\\/\\\/banbancosmetics.com\\\/pt-pt\\\/producto\\\/contorno-de-ashwagandha-organica\\\/#primaryimage\"},\"thumbnailUrl\":\"https:\\\/\\\/banbancosmetics.com\\\/wp-content\\\/uploads\\\/2026\\\/01\\\/contorno_ash-3.jpg\",\"datePublished\":\"2026-01-09T09:33:57+00:00\",\"dateModified\":\"2026-04-27T19:15:34+00:00\",\"description\":\"Enriquecido com NAD+, Resveratrol, Colag\u00e9nio, \u00c1cido Hialur\u00f3nico e uma sinergia de frutos vermelhos e vitaminas A, C e E, este creme oferece uma hidrata\u00e7\u00e3o intensa, firmeza e prote\u00e7\u00e3o antioxidante.\",\"breadcrumb\":{\"@id\":\"https:\\\/\\\/banbancosmetics.com\\\/pt-pt\\\/producto\\\/contorno-de-ashwagandha-organica\\\/#breadcrumb\"},\"inLanguage\":\"pt-PT\",\"potentialAction\":[{\"@type\":\"ReadAction\",\"target\":[\"https:\\\/\\\/banbancosmetics.com\\\/pt-pt\\\/producto\\\/contorno-de-ashwagandha-organica\\\/\"]}]},{\"@type\":\"ImageObject\",\"inLanguage\":\"pt-PT\",\"@id\":\"https:\\\/\\\/banbancosmetics.com\\\/pt-pt\\\/producto\\\/contorno-de-ashwagandha-organica\\\/#primaryimage\",\"url\":\"https:\\\/\\\/banbancosmetics.com\\\/wp-content\\\/uploads\\\/2026\\\/01\\\/contorno_ash-3.jpg\",\"contentUrl\":\"https:\\\/\\\/banbancosmetics.com\\\/wp-content\\\/uploads\\\/2026\\\/01\\\/contorno_ash-3.jpg\",\"width\":768,\"height\":768},{\"@type\":\"BreadcrumbList\",\"@id\":\"https:\\\/\\\/banbancosmetics.com\\\/pt-pt\\\/producto\\\/contorno-de-ashwagandha-organica\\\/#breadcrumb\",\"itemListElement\":[{\"@type\":\"ListItem\",\"position\":1,\"name\":\"Portada\",\"item\":\"https:\\\/\\\/banbancosmetics.com\\\/pt-pt\\\/inicio\\\/\"},{\"@type\":\"ListItem\",\"position\":2,\"name\":\"Loja\",\"item\":\"https:\\\/\\\/banbancosmetics.com\\\/pt-pt\\\/loja\\\/\"},{\"@type\":\"ListItem\",\"position\":3,\"name\":\"ASHWAGANDHA ORG\u00c2NICA PARA O CONTORNO DOS OLHOS 15ML\"}]},{\"@type\":\"WebSite\",\"@id\":\"https:\\\/\\\/banbancosmetics.com\\\/pt-pt\\\/#website\",\"url\":\"https:\\\/\\\/banbancosmetics.com\\\/pt-pt\\\/\",\"name\":\"BanBan Cosmetics\",\"description\":\"\",\"publisher\":{\"@id\":\"https:\\\/\\\/banbancosmetics.com\\\/pt-pt\\\/#organization\"},\"potentialAction\":[{\"@type\":\"SearchAction\",\"target\":{\"@type\":\"EntryPoint\",\"urlTemplate\":\"https:\\\/\\\/banbancosmetics.com\\\/pt-pt\\\/?s={search_term_string}\"},\"query-input\":{\"@type\":\"PropertyValueSpecification\",\"valueRequired\":true,\"valueName\":\"search_term_string\"}}],\"inLanguage\":\"pt-PT\"},{\"@type\":\"Organization\",\"@id\":\"https:\\\/\\\/banbancosmetics.com\\\/pt-pt\\\/#organization\",\"name\":\"BanBan Cosmetics\",\"url\":\"https:\\\/\\\/banbancosmetics.com\\\/pt-pt\\\/\",\"logo\":{\"@type\":\"ImageObject\",\"inLanguage\":\"pt-PT\",\"@id\":\"https:\\\/\\\/banbancosmetics.com\\\/pt-pt\\\/#\\\/schema\\\/logo\\\/image\\\/\",\"url\":\"https:\\\/\\\/banbancosmetics.com\\\/wp-content\\\/uploads\\\/2023\\\/11\\\/logo-b_1.svg\",\"contentUrl\":\"https:\\\/\\\/banbancosmetics.com\\\/wp-content\\\/uploads\\\/2023\\\/11\\\/logo-b_1.svg\",\"width\":500,\"height\":500,\"caption\":\"BanBan Cosmetics\"},\"image\":{\"@id\":\"https:\\\/\\\/banbancosmetics.com\\\/pt-pt\\\/#\\\/schema\\\/logo\\\/image\\\/\"}}]}<\/script>\n<!-- \/ Yoast SEO plugin. -->","yoast_head_json":{"title":"ASHWAGANDHA ORG\u00c2NICA PARA O CONTORNO DOS OLHOS 15ML - BanBan Cosmetics","description":"Enriquecido com NAD+, Resveratrol, Colag\u00e9nio, \u00c1cido Hialur\u00f3nico e uma sinergia de frutos vermelhos e vitaminas A, C e E, este creme oferece uma hidrata\u00e7\u00e3o intensa, firmeza e prote\u00e7\u00e3o antioxidante.","robots":{"index":"index","follow":"follow","max-snippet":"max-snippet:-1","max-image-preview":"max-image-preview:large","max-video-preview":"max-video-preview:-1"},"canonical":"https:\/\/banbancosmetics.com\/pt-pt\/producto\/contorno-de-ashwagandha-organica\/","og_locale":"pt_PT","og_type":"article","og_title":"ASHWAGANDHA ORG\u00c2NICA PARA O CONTORNO DOS OLHOS 15ML - BanBan Cosmetics","og_description":"Enriquecido com NAD+, Resveratrol, Colag\u00e9nio, \u00c1cido Hialur\u00f3nico e uma sinergia de frutos vermelhos e vitaminas A, C e E, este creme oferece uma hidrata\u00e7\u00e3o intensa, firmeza e prote\u00e7\u00e3o antioxidante.","og_url":"https:\/\/banbancosmetics.com\/pt-pt\/producto\/contorno-de-ashwagandha-organica\/","og_site_name":"BanBan Cosmetics","article_modified_time":"2026-04-27T19:15:34+00:00","og_image":[{"width":768,"height":768,"url":"https:\/\/banbancosmetics.com\/wp-content\/uploads\/2026\/01\/contorno_ash-3.jpg","type":"image\/jpeg"}],"twitter_card":"summary_large_image","schema":{"@context":"https:\/\/schema.org","@graph":[{"@type":"WebPage","@id":"https:\/\/banbancosmetics.com\/pt-pt\/producto\/contorno-de-ashwagandha-organica\/","url":"https:\/\/banbancosmetics.com\/pt-pt\/producto\/contorno-de-ashwagandha-organica\/","name":"ASHWAGANDHA ORG\u00c2NICA PARA O CONTORNO DOS OLHOS 15ML - BanBan Cosmetics","isPartOf":{"@id":"https:\/\/banbancosmetics.com\/pt-pt\/#website"},"primaryImageOfPage":{"@id":"https:\/\/banbancosmetics.com\/pt-pt\/producto\/contorno-de-ashwagandha-organica\/#primaryimage"},"image":{"@id":"https:\/\/banbancosmetics.com\/pt-pt\/producto\/contorno-de-ashwagandha-organica\/#primaryimage"},"thumbnailUrl":"https:\/\/banbancosmetics.com\/wp-content\/uploads\/2026\/01\/contorno_ash-3.jpg","datePublished":"2026-01-09T09:33:57+00:00","dateModified":"2026-04-27T19:15:34+00:00","description":"Enriquecido com NAD+, Resveratrol, Colag\u00e9nio, \u00c1cido Hialur\u00f3nico e uma sinergia de frutos vermelhos e vitaminas A, C e E, este creme oferece uma hidrata\u00e7\u00e3o intensa, firmeza e prote\u00e7\u00e3o antioxidante.","breadcrumb":{"@id":"https:\/\/banbancosmetics.com\/pt-pt\/producto\/contorno-de-ashwagandha-organica\/#breadcrumb"},"inLanguage":"pt-PT","potentialAction":[{"@type":"ReadAction","target":["https:\/\/banbancosmetics.com\/pt-pt\/producto\/contorno-de-ashwagandha-organica\/"]}]},{"@type":"ImageObject","inLanguage":"pt-PT","@id":"https:\/\/banbancosmetics.com\/pt-pt\/producto\/contorno-de-ashwagandha-organica\/#primaryimage","url":"https:\/\/banbancosmetics.com\/wp-content\/uploads\/2026\/01\/contorno_ash-3.jpg","contentUrl":"https:\/\/banbancosmetics.com\/wp-content\/uploads\/2026\/01\/contorno_ash-3.jpg","width":768,"height":768},{"@type":"BreadcrumbList","@id":"https:\/\/banbancosmetics.com\/pt-pt\/producto\/contorno-de-ashwagandha-organica\/#breadcrumb","itemListElement":[{"@type":"ListItem","position":1,"name":"Portada","item":"https:\/\/banbancosmetics.com\/pt-pt\/inicio\/"},{"@type":"ListItem","position":2,"name":"Loja","item":"https:\/\/banbancosmetics.com\/pt-pt\/loja\/"},{"@type":"ListItem","position":3,"name":"ASHWAGANDHA ORG\u00c2NICA PARA O CONTORNO DOS OLHOS 15ML"}]},{"@type":"WebSite","@id":"https:\/\/banbancosmetics.com\/pt-pt\/#website","url":"https:\/\/banbancosmetics.com\/pt-pt\/","name":"BanBan Cosmetics","description":"","publisher":{"@id":"https:\/\/banbancosmetics.com\/pt-pt\/#organization"},"potentialAction":[{"@type":"SearchAction","target":{"@type":"EntryPoint","urlTemplate":"https:\/\/banbancosmetics.com\/pt-pt\/?s={search_term_string}"},"query-input":{"@type":"PropertyValueSpecification","valueRequired":true,"valueName":"search_term_string"}}],"inLanguage":"pt-PT"},{"@type":"Organization","@id":"https:\/\/banbancosmetics.com\/pt-pt\/#organization","name":"BanBan Cosmetics","url":"https:\/\/banbancosmetics.com\/pt-pt\/","logo":{"@type":"ImageObject","inLanguage":"pt-PT","@id":"https:\/\/banbancosmetics.com\/pt-pt\/#\/schema\/logo\/image\/","url":"https:\/\/banbancosmetics.com\/wp-content\/uploads\/2023\/11\/logo-b_1.svg","contentUrl":"https:\/\/banbancosmetics.com\/wp-content\/uploads\/2023\/11\/logo-b_1.svg","width":500,"height":500,"caption":"BanBan Cosmetics"},"image":{"@id":"https:\/\/banbancosmetics.com\/pt-pt\/#\/schema\/logo\/image\/"}}]}},"_links":{"self":[{"href":"https:\/\/banbancosmetics.com\/pt-pt\/wp-json\/wp\/v2\/product\/9434","targetHints":{"allow":["GET"]}}],"collection":[{"href":"https:\/\/banbancosmetics.com\/pt-pt\/wp-json\/wp\/v2\/product"}],"about":[{"href":"https:\/\/banbancosmetics.com\/pt-pt\/wp-json\/wp\/v2\/types\/product"}],"replies":[{"embeddable":true,"href":"https:\/\/banbancosmetics.com\/pt-pt\/wp-json\/wp\/v2\/comments?post=9434"}],"version-history":[{"count":2,"href":"https:\/\/banbancosmetics.com\/pt-pt\/wp-json\/wp\/v2\/product\/9434\/revisions"}],"predecessor-version":[{"id":10342,"href":"https:\/\/banbancosmetics.com\/pt-pt\/wp-json\/wp\/v2\/product\/9434\/revisions\/10342"}],"wp:featuredmedia":[{"embeddable":true,"href":"https:\/\/banbancosmetics.com\/pt-pt\/wp-json\/wp\/v2\/media\/10129"}],"wp:attachment":[{"href":"https:\/\/banbancosmetics.com\/pt-pt\/wp-json\/wp\/v2\/media?parent=9434"}],"wp:term":[{"taxonomy":"product_brand","embeddable":true,"href":"https:\/\/banbancosmetics.com\/pt-pt\/wp-json\/wp\/v2\/product_brand?post=9434"},{"taxonomy":"product_cat","embeddable":true,"href":"https:\/\/banbancosmetics.com\/pt-pt\/wp-json\/wp\/v2\/product_cat?post=9434"},{"taxonomy":"product_tag","embeddable":true,"href":"https:\/\/banbancosmetics.com\/pt-pt\/wp-json\/wp\/v2\/product_tag?post=9434"}],"curies":[{"name":"wp","href":"https:\/\/api.w.org\/{rel}","templated":true}]}}