{"id":8485,"date":"2025-02-14T17:12:51","date_gmt":"2025-02-14T16:12:51","guid":{"rendered":"https:\/\/banbancosmetics.com\/producto\/bb-cream-spf15\/"},"modified":"2026-04-15T21:14:30","modified_gmt":"2026-04-15T19:14:30","slug":"bb-cream-spf15","status":"publish","type":"product","link":"https:\/\/banbancosmetics.com\/pt-pt\/producto\/bb-cream-spf15\/","title":{"rendered":"BB CREAM SPF15 50ML"},"content":{"rendered":"\t\t<div data-elementor-type=\"product-post\" data-elementor-id=\"8485\" class=\"elementor elementor-8485 elementor-5118\" data-elementor-post-type=\"product\">\n\t\t\t\t<div class=\"elementor-element elementor-element-6a60896 e-flex e-con-boxed e-con e-parent\" data-id=\"6a60896\" data-element_type=\"container\" data-e-type=\"container\" data-settings=\"{&quot;background_background&quot;:&quot;classic&quot;}\">\n\t\t\t\t\t<div class=\"e-con-inner\">\n\t\t<div class=\"elementor-element elementor-element-8ce7e04 e-con-full e-flex e-con e-child\" data-id=\"8ce7e04\" data-element_type=\"container\" data-e-type=\"container\">\n\t\t\t\t<div class=\"elementor-element elementor-element-bc177ab elementor-invisible elementor-widget elementor-widget-heading\" data-id=\"bc177ab\" data-element_type=\"widget\" data-e-type=\"widget\" data-settings=\"{&quot;_animation&quot;:&quot;fadeIn&quot;}\" data-widget_type=\"heading.default\">\n\t\t\t\t<div class=\"elementor-widget-container\">\n\t\t\t\t\t<h2 class=\"elementor-heading-title elementor-size-default\">MULTIBENEF\u00cdCIOS NATURAIS<\/h2>\t\t\t\t<\/div>\n\t\t\t\t<\/div>\n\t\t\t\t<div class=\"elementor-element elementor-element-5b1aaad elementor-widget elementor-widget-text-editor\" data-id=\"5b1aaad\" data-element_type=\"widget\" data-e-type=\"widget\" data-widget_type=\"text-editor.default\">\n\t\t\t\t<div class=\"elementor-widget-container\">\n\t\t\t\t\t\t\t\t\t<p><strong>Hidrata\u00e7\u00e3o + Cor + Prote\u00e7\u00e3o num s\u00f3 passo.<\/strong><br>F\u00f3rmula com <strong>97% de ingredientes naturais<\/strong> e <strong>FPS15 f\u00edsico<\/strong> que actua como escudo solar di\u00e1rio.<br><em>O que cont\u00e9m?<\/em> \u00c1cido hialur\u00f3nico (hidrata\u00e7\u00e3o profunda), Vitamina E + Resveratrol (antioxidantes anti-envelhecimento), Cenoura (uniformiza o tom da pele) e Rosa Mosqueta (regenera). <strong>Resultado:<\/strong> uma pele <em>mate, homog\u00e9nea e sedosa<\/em>, sem pel\u00edcula gordurosa, nem d\u00e1s por ela! <\/p>\t\t\t\t\t\t\t\t<\/div>\n\t\t\t\t<\/div>\n\t\t\t\t<\/div>\n\t\t<div class=\"elementor-element elementor-element-aaec029 e-con-full e-flex e-con e-child\" data-id=\"aaec029\" data-element_type=\"container\" data-e-type=\"container\">\n\t\t\t\t<div class=\"elementor-element elementor-element-a7173ea elementor-widget elementor-widget-image\" data-id=\"a7173ea\" data-element_type=\"widget\" data-e-type=\"widget\" data-widget_type=\"image.default\">\n\t\t\t\t<div class=\"elementor-widget-container\">\n\t\t\t\t\t\t\t\t\t\t\t\t\t\t\t<img fetchpriority=\"high\" decoding=\"async\" width=\"1024\" height=\"768\" src=\"https:\/\/banbancosmetics.com\/wp-content\/uploads\/2025\/02\/shutterstock_1401887186_2.jpg\" class=\"attachment-large size-large wp-image-8494\" alt=\"\" srcset=\"https:\/\/banbancosmetics.com\/wp-content\/uploads\/2025\/02\/shutterstock_1401887186_2.jpg 1024w, https:\/\/banbancosmetics.com\/wp-content\/uploads\/2025\/02\/shutterstock_1401887186_2-600x450.jpg 600w, https:\/\/banbancosmetics.com\/wp-content\/uploads\/2025\/02\/shutterstock_1401887186_2-64x48.jpg 64w, https:\/\/banbancosmetics.com\/wp-content\/uploads\/2025\/02\/shutterstock_1401887186_2-300x225.jpg 300w, https:\/\/banbancosmetics.com\/wp-content\/uploads\/2025\/02\/shutterstock_1401887186_2-768x576.jpg 768w\" sizes=\"(max-width: 1024px) 100vw, 1024px\" \/>\t\t\t\t\t\t\t\t\t\t\t\t\t\t\t<\/div>\n\t\t\t\t<\/div>\n\t\t\t\t<\/div>\n\t\t\t\t\t<\/div>\n\t\t\t\t<\/div>\n\t\t<div class=\"elementor-element elementor-element-788f575 e-flex e-con-boxed e-con e-parent\" data-id=\"788f575\" data-element_type=\"container\" data-e-type=\"container\" data-settings=\"{&quot;background_background&quot;:&quot;classic&quot;}\">\n\t\t\t\t\t<div class=\"e-con-inner\">\n\t\t<div class=\"elementor-element elementor-element-a37d675 e-con-full e-flex e-con e-child\" data-id=\"a37d675\" data-element_type=\"container\" data-e-type=\"container\">\n\t\t\t\t<div class=\"elementor-element elementor-element-7d3af14 elementor-widget elementor-widget-image\" data-id=\"7d3af14\" data-element_type=\"widget\" data-e-type=\"widget\" data-widget_type=\"image.default\">\n\t\t\t\t<div class=\"elementor-widget-container\">\n\t\t\t\t\t\t\t\t\t\t\t\t\t\t\t<img decoding=\"async\" width=\"768\" height=\"768\" src=\"https:\/\/banbancosmetics.com\/wp-content\/uploads\/2025\/02\/shutterstock_1932957851_2.jpg\" class=\"attachment-large size-large wp-image-8492\" alt=\"\" srcset=\"https:\/\/banbancosmetics.com\/wp-content\/uploads\/2025\/02\/shutterstock_1932957851_2.jpg 768w, https:\/\/banbancosmetics.com\/wp-content\/uploads\/2025\/02\/shutterstock_1932957851_2-300x300.jpg 300w, https:\/\/banbancosmetics.com\/wp-content\/uploads\/2025\/02\/shutterstock_1932957851_2-100x100.jpg 100w, https:\/\/banbancosmetics.com\/wp-content\/uploads\/2025\/02\/shutterstock_1932957851_2-600x600.jpg 600w, https:\/\/banbancosmetics.com\/wp-content\/uploads\/2025\/02\/shutterstock_1932957851_2-64x64.jpg 64w, https:\/\/banbancosmetics.com\/wp-content\/uploads\/2025\/02\/shutterstock_1932957851_2-150x150.jpg 150w\" sizes=\"(max-width: 768px) 100vw, 768px\" \/>\t\t\t\t\t\t\t\t\t\t\t\t\t\t\t<\/div>\n\t\t\t\t<\/div>\n\t\t\t\t<\/div>\n\t\t<div class=\"elementor-element elementor-element-60f5342 e-con-full e-flex e-con e-child\" data-id=\"60f5342\" data-element_type=\"container\" data-e-type=\"container\">\n\t\t\t\t<div class=\"elementor-element elementor-element-fc42815 elementor-invisible elementor-widget elementor-widget-heading\" data-id=\"fc42815\" data-element_type=\"widget\" data-e-type=\"widget\" data-settings=\"{&quot;_animation&quot;:&quot;fadeIn&quot;}\" data-widget_type=\"heading.default\">\n\t\t\t\t<div class=\"elementor-widget-container\">\n\t\t\t\t\t<h2 class=\"elementor-heading-title elementor-size-default\">TECNOLOGIA SEMELHANTE \u00c0 PELE: MAQUILHAGEM INVIS\u00cdVEL<\/h2>\t\t\t\t<\/div>\n\t\t\t\t<\/div>\n\t\t\t\t<div class=\"elementor-element elementor-element-35afcb5 elementor-widget elementor-widget-text-editor\" data-id=\"35afcb5\" data-element_type=\"widget\" data-e-type=\"widget\" data-widget_type=\"text-editor.default\">\n\t\t\t\t<div class=\"elementor-widget-container\">\n\t\t\t\t\t\t\t\t\t<p><strong>Textura leve que se funde como uma segunda pele.<\/strong><br><strong>Os pigmentos minerais inteligentes<\/strong> adaptam-se ao teu tom de pele (claro-m\u00e9dio), corrigindo a vermelhid\u00e3o e as pequenas imperfei\u00e7\u00f5es sem obstruir os poros. <strong>Ideal para:<\/strong><\/p><ul><li><p>Cobre <em>sem<\/em> efeito <em>de m\u00e1scara<\/em>.<\/p><\/li><li><p>Pele sens\u00edvel que procura <em>uma cobertura respir\u00e1vel<\/em>.<\/p><\/li><li><p>Rotinas expressas: hidrata, protege e maquilha em 20 segundos!<\/p><\/li><\/ul>\t\t\t\t\t\t\t\t<\/div>\n\t\t\t\t<\/div>\n\t\t\t\t<\/div>\n\t\t\t\t\t<\/div>\n\t\t\t\t<\/div>\n\t\t<div class=\"elementor-element elementor-element-814ec69 e-flex e-con-boxed e-con e-parent\" data-id=\"814ec69\" data-element_type=\"container\" data-e-type=\"container\" data-settings=\"{&quot;background_background&quot;:&quot;classic&quot;}\">\n\t\t\t\t\t<div class=\"e-con-inner\">\n\t\t<div class=\"elementor-element elementor-element-060091b e-con-full e-flex e-con e-child\" data-id=\"060091b\" data-element_type=\"container\" data-e-type=\"container\">\n\t\t\t\t<div class=\"elementor-element elementor-element-4521998 elementor-invisible elementor-widget elementor-widget-heading\" data-id=\"4521998\" data-element_type=\"widget\" data-e-type=\"widget\" data-settings=\"{&quot;_animation&quot;:&quot;fadeIn&quot;}\" data-widget_type=\"heading.default\">\n\t\t\t\t<div class=\"elementor-widget-container\">\n\t\t\t\t\t<h2 class=\"elementor-heading-title elementor-size-default\">Um luxo limpo e \u00e9tico que dura 12 meses.<\/h2>\t\t\t\t<\/div>\n\t\t\t\t<\/div>\n\t\t\t\t<div class=\"elementor-element elementor-element-d869533 elementor-widget elementor-widget-text-editor\" data-id=\"d869533\" data-element_type=\"widget\" data-e-type=\"widget\" data-widget_type=\"text-editor.default\">\n\t\t\t\t<div class=\"elementor-widget-container\">\n\t\t\t\t\t\t\t\t\t<p>Produzido em Espanha segundo as normas ACENE (cosm\u00e9tica natural).<\/p><p><strong>Como utilizar:<\/strong><\/p><ol start=\"1\"><li><p>Aplica sobre o soro no rosto seco.<\/p><\/li><li><p>Massaja com as gemas de ovo at\u00e9 serem absorvidas.<\/p><\/li><li><p>Prepara-te! Brilho controlado e cor unificada <em>8-10h.<\/em> <br>A <strong>quem se destina:<\/strong> Pele normal e seca que detesta maquilhagem pesada &#8211; <strong>adeus stress, ol\u00e1 brilho saud\u00e1vel!<\/strong><\/p><\/li><\/ol>\t\t\t\t\t\t\t\t<\/div>\n\t\t\t\t<\/div>\n\t\t\t\t<\/div>\n\t\t<div class=\"elementor-element elementor-element-7cd491c e-con-full e-flex e-con e-child\" data-id=\"7cd491c\" data-element_type=\"container\" data-e-type=\"container\">\n\t\t\t\t<div class=\"elementor-element elementor-element-dc9000f elementor-widget elementor-widget-image\" data-id=\"dc9000f\" data-element_type=\"widget\" data-e-type=\"widget\" data-widget_type=\"image.default\">\n\t\t\t\t<div class=\"elementor-widget-container\">\n\t\t\t\t\t\t\t\t\t\t\t\t\t\t\t<img decoding=\"async\" width=\"1021\" height=\"768\" src=\"https:\/\/banbancosmetics.com\/wp-content\/uploads\/2025\/02\/shutterstock_2269455579_3-1.jpg\" class=\"attachment-large size-large wp-image-8496\" alt=\"\" srcset=\"https:\/\/banbancosmetics.com\/wp-content\/uploads\/2025\/02\/shutterstock_2269455579_3-1.jpg 1021w, https:\/\/banbancosmetics.com\/wp-content\/uploads\/2025\/02\/shutterstock_2269455579_3-1-600x451.jpg 600w, https:\/\/banbancosmetics.com\/wp-content\/uploads\/2025\/02\/shutterstock_2269455579_3-1-64x48.jpg 64w, https:\/\/banbancosmetics.com\/wp-content\/uploads\/2025\/02\/shutterstock_2269455579_3-1-300x226.jpg 300w, https:\/\/banbancosmetics.com\/wp-content\/uploads\/2025\/02\/shutterstock_2269455579_3-1-768x578.jpg 768w\" sizes=\"(max-width: 1021px) 100vw, 1021px\" \/>\t\t\t\t\t\t\t\t\t\t\t\t\t\t\t<\/div>\n\t\t\t\t<\/div>\n\t\t\t\t<\/div>\n\t\t\t\t\t<\/div>\n\t\t\t\t<\/div>\n\t\t\t\t<\/div>\n\t\t","protected":false},"excerpt":{"rendered":"<p>Cremosa, leve e <em>polivalente<\/em>: hidrata, protege com o <strong>filtro f\u00edsico SPF15<\/strong> e uniformiza o tom num s\u00f3 gesto. Formulado com <strong>97% de ingredientes naturais<\/strong> (\u00e1cido hialur\u00f3nico, rosa mosqueta e vitamina E), corrige as imperfei\u00e7\u00f5es lutando contra os sinais de envelhecimento. Textura <em>sedosa<\/em> que se funde na pele e deixa um acabamento <strong>mate natural<\/strong> sem sensa\u00e7\u00e3o de m\u00e1scara! Ideal para peles normais a secas que procuram <em>simplicidade sem sacrificar os resultados<\/em>.   <\/p>\n","protected":false},"featured_media":8491,"comment_status":"open","ping_status":"closed","template":"","meta":{"_acf_changed":false,"inline_featured_image":false,"site-sidebar-layout":"no-sidebar","site-content-layout":"","ast-site-content-layout":"full-width-container","site-content-style":"default","site-sidebar-style":"default","ast-global-header-display":"","ast-banner-title-visibility":"","ast-main-header-display":"","ast-hfb-above-header-display":"","ast-hfb-below-header-display":"","ast-hfb-mobile-header-display":"","site-post-title":"disabled","ast-breadcrumbs-content":"","ast-featured-img":"disabled","footer-sml-layout":"","ast-disable-related-posts":"","theme-transparent-header-meta":"default","adv-header-id-meta":"","stick-header-meta":"","header-above-stick-meta":"","header-main-stick-meta":"","header-below-stick-meta":"","astra-migrate-meta-layouts":"default","ast-page-background-enabled":"default","ast-page-background-meta":{"desktop":{"background-color":"var(--ast-global-color-4)","background-image":"","background-repeat":"repeat","background-position":"center center","background-size":"auto","background-attachment":"scroll","background-type":"","background-media":"","overlay-type":"","overlay-color":"","overlay-opacity":"","overlay-gradient":""},"tablet":{"background-color":"","background-image":"","background-repeat":"repeat","background-position":"center center","background-size":"auto","background-attachment":"scroll","background-type":"","background-media":"","overlay-type":"","overlay-color":"","overlay-opacity":"","overlay-gradient":""},"mobile":{"background-color":"","background-image":"","background-repeat":"repeat","background-position":"center center","background-size":"auto","background-attachment":"scroll","background-type":"","background-media":"","overlay-type":"","overlay-color":"","overlay-opacity":"","overlay-gradient":""}},"ast-content-background-meta":{"desktop":{"background-color":"var(--ast-global-color-5)","background-image":"","background-repeat":"repeat","background-position":"center center","background-size":"auto","background-attachment":"scroll","background-type":"","background-media":"","overlay-type":"","overlay-color":"","overlay-opacity":"","overlay-gradient":""},"tablet":{"background-color":"var(--ast-global-color-5)","background-image":"","background-repeat":"repeat","background-position":"center center","background-size":"auto","background-attachment":"scroll","background-type":"","background-media":"","overlay-type":"","overlay-color":"","overlay-opacity":"","overlay-gradient":""},"mobile":{"background-color":"var(--ast-global-color-5)","background-image":"","background-repeat":"repeat","background-position":"center center","background-size":"auto","background-attachment":"scroll","background-type":"","background-media":"","overlay-type":"","overlay-color":"","overlay-opacity":"","overlay-gradient":""}}},"product_brand":[],"product_cat":[360],"product_tag":[],"class_list":{"0":"post-8485","1":"product","2":"type-product","3":"status-publish","4":"has-post-thumbnail","6":"product_cat-cremes-faciais","7":"desktop-align-left","8":"tablet-align-left","9":"mobile-align-left","10":"ast-product-gallery-layout-first-image-large","11":"ast-magnify-disabled","12":"ast-product-tabs-layout-horizontal","14":"first","15":"instock","16":"taxable","17":"shipping-taxable","18":"purchasable","19":"product-type-simple"},"acf":[],"yoast_head":"<!-- This site is optimized with the Yoast SEO plugin v27.4 - https:\/\/yoast.com\/product\/yoast-seo-wordpress\/ -->\n<title>BB CREAM SPF15 50ML - BanBan Cosmetics<\/title>\n<meta name=\"robots\" content=\"index, follow, max-snippet:-1, max-image-preview:large, max-video-preview:-1\" \/>\n<link rel=\"canonical\" href=\"https:\/\/banbancosmetics.com\/pt-pt\/producto\/bb-cream-spf15\/\" \/>\n<meta property=\"og:locale\" content=\"pt_PT\" \/>\n<meta property=\"og:type\" content=\"article\" \/>\n<meta property=\"og:title\" content=\"BB CREAM SPF15 50ML - BanBan Cosmetics\" \/>\n<meta property=\"og:description\" content=\"Cremosa, leve e polivalente: hidrata, protege com o filtro f\u00edsico SPF15 e uniformiza o tom num s\u00f3 gesto. Formulado com 97% de ingredientes naturais (\u00e1cido hialur\u00f3nico, rosa mosqueta e vitamina E), corrige as imperfei\u00e7\u00f5es lutando contra os sinais de envelhecimento. Textura sedosa que se funde na pele e deixa um acabamento mate natural sem sensa\u00e7\u00e3o de m\u00e1scara! Ideal para peles normais a secas que procuram simplicidade sem sacrificar os resultados.\" \/>\n<meta property=\"og:url\" content=\"https:\/\/banbancosmetics.com\/pt-pt\/producto\/bb-cream-spf15\/\" \/>\n<meta property=\"og:site_name\" content=\"BanBan Cosmetics\" \/>\n<meta property=\"article:modified_time\" content=\"2026-04-15T19:14:30+00:00\" \/>\n<meta property=\"og:image\" content=\"https:\/\/banbancosmetics.com\/wp-content\/uploads\/2025\/02\/bbcream.jpg\" \/>\n\t<meta property=\"og:image:width\" content=\"768\" \/>\n\t<meta property=\"og:image:height\" content=\"768\" \/>\n\t<meta property=\"og:image:type\" content=\"image\/jpeg\" \/>\n<meta name=\"twitter:card\" content=\"summary_large_image\" \/>\n<meta name=\"twitter:label1\" content=\"Tempo estimado de leitura\" \/>\n\t<meta name=\"twitter:data1\" content=\"1 minuto\" \/>\n<script type=\"application\/ld+json\" class=\"yoast-schema-graph\">{\"@context\":\"https:\\\/\\\/schema.org\",\"@graph\":[{\"@type\":\"WebPage\",\"@id\":\"https:\\\/\\\/banbancosmetics.com\\\/pt-pt\\\/producto\\\/bb-cream-spf15\\\/\",\"url\":\"https:\\\/\\\/banbancosmetics.com\\\/pt-pt\\\/producto\\\/bb-cream-spf15\\\/\",\"name\":\"BB CREAM SPF15 50ML - BanBan Cosmetics\",\"isPartOf\":{\"@id\":\"https:\\\/\\\/banbancosmetics.com\\\/pt-pt\\\/#website\"},\"primaryImageOfPage\":{\"@id\":\"https:\\\/\\\/banbancosmetics.com\\\/pt-pt\\\/producto\\\/bb-cream-spf15\\\/#primaryimage\"},\"image\":{\"@id\":\"https:\\\/\\\/banbancosmetics.com\\\/pt-pt\\\/producto\\\/bb-cream-spf15\\\/#primaryimage\"},\"thumbnailUrl\":\"https:\\\/\\\/banbancosmetics.com\\\/wp-content\\\/uploads\\\/2025\\\/02\\\/bbcream.jpg\",\"datePublished\":\"2025-02-14T16:12:51+00:00\",\"dateModified\":\"2026-04-15T19:14:30+00:00\",\"breadcrumb\":{\"@id\":\"https:\\\/\\\/banbancosmetics.com\\\/pt-pt\\\/producto\\\/bb-cream-spf15\\\/#breadcrumb\"},\"inLanguage\":\"pt-PT\",\"potentialAction\":[{\"@type\":\"ReadAction\",\"target\":[\"https:\\\/\\\/banbancosmetics.com\\\/pt-pt\\\/producto\\\/bb-cream-spf15\\\/\"]}]},{\"@type\":\"ImageObject\",\"inLanguage\":\"pt-PT\",\"@id\":\"https:\\\/\\\/banbancosmetics.com\\\/pt-pt\\\/producto\\\/bb-cream-spf15\\\/#primaryimage\",\"url\":\"https:\\\/\\\/banbancosmetics.com\\\/wp-content\\\/uploads\\\/2025\\\/02\\\/bbcream.jpg\",\"contentUrl\":\"https:\\\/\\\/banbancosmetics.com\\\/wp-content\\\/uploads\\\/2025\\\/02\\\/bbcream.jpg\",\"width\":768,\"height\":768},{\"@type\":\"BreadcrumbList\",\"@id\":\"https:\\\/\\\/banbancosmetics.com\\\/pt-pt\\\/producto\\\/bb-cream-spf15\\\/#breadcrumb\",\"itemListElement\":[{\"@type\":\"ListItem\",\"position\":1,\"name\":\"Portada\",\"item\":\"https:\\\/\\\/banbancosmetics.com\\\/pt-pt\\\/inicio\\\/\"},{\"@type\":\"ListItem\",\"position\":2,\"name\":\"Loja\",\"item\":\"https:\\\/\\\/banbancosmetics.com\\\/pt-pt\\\/loja\\\/\"},{\"@type\":\"ListItem\",\"position\":3,\"name\":\"BB CREAM SPF15 50ML\"}]},{\"@type\":\"WebSite\",\"@id\":\"https:\\\/\\\/banbancosmetics.com\\\/pt-pt\\\/#website\",\"url\":\"https:\\\/\\\/banbancosmetics.com\\\/pt-pt\\\/\",\"name\":\"BanBan Cosmetics\",\"description\":\"\",\"publisher\":{\"@id\":\"https:\\\/\\\/banbancosmetics.com\\\/pt-pt\\\/#organization\"},\"potentialAction\":[{\"@type\":\"SearchAction\",\"target\":{\"@type\":\"EntryPoint\",\"urlTemplate\":\"https:\\\/\\\/banbancosmetics.com\\\/pt-pt\\\/?s={search_term_string}\"},\"query-input\":{\"@type\":\"PropertyValueSpecification\",\"valueRequired\":true,\"valueName\":\"search_term_string\"}}],\"inLanguage\":\"pt-PT\"},{\"@type\":\"Organization\",\"@id\":\"https:\\\/\\\/banbancosmetics.com\\\/pt-pt\\\/#organization\",\"name\":\"BanBan Cosmetics\",\"url\":\"https:\\\/\\\/banbancosmetics.com\\\/pt-pt\\\/\",\"logo\":{\"@type\":\"ImageObject\",\"inLanguage\":\"pt-PT\",\"@id\":\"https:\\\/\\\/banbancosmetics.com\\\/pt-pt\\\/#\\\/schema\\\/logo\\\/image\\\/\",\"url\":\"https:\\\/\\\/banbancosmetics.com\\\/wp-content\\\/uploads\\\/2023\\\/11\\\/logo-b_1.svg\",\"contentUrl\":\"https:\\\/\\\/banbancosmetics.com\\\/wp-content\\\/uploads\\\/2023\\\/11\\\/logo-b_1.svg\",\"width\":500,\"height\":500,\"caption\":\"BanBan Cosmetics\"},\"image\":{\"@id\":\"https:\\\/\\\/banbancosmetics.com\\\/pt-pt\\\/#\\\/schema\\\/logo\\\/image\\\/\"}}]}<\/script>\n<!-- \/ Yoast SEO plugin. -->","yoast_head_json":{"title":"BB CREAM SPF15 50ML - BanBan Cosmetics","robots":{"index":"index","follow":"follow","max-snippet":"max-snippet:-1","max-image-preview":"max-image-preview:large","max-video-preview":"max-video-preview:-1"},"canonical":"https:\/\/banbancosmetics.com\/pt-pt\/producto\/bb-cream-spf15\/","og_locale":"pt_PT","og_type":"article","og_title":"BB CREAM SPF15 50ML - BanBan Cosmetics","og_description":"Cremosa, leve e polivalente: hidrata, protege com o filtro f\u00edsico SPF15 e uniformiza o tom num s\u00f3 gesto. Formulado com 97% de ingredientes naturais (\u00e1cido hialur\u00f3nico, rosa mosqueta e vitamina E), corrige as imperfei\u00e7\u00f5es lutando contra os sinais de envelhecimento. Textura sedosa que se funde na pele e deixa um acabamento mate natural sem sensa\u00e7\u00e3o de m\u00e1scara! Ideal para peles normais a secas que procuram simplicidade sem sacrificar os resultados.","og_url":"https:\/\/banbancosmetics.com\/pt-pt\/producto\/bb-cream-spf15\/","og_site_name":"BanBan Cosmetics","article_modified_time":"2026-04-15T19:14:30+00:00","og_image":[{"width":768,"height":768,"url":"https:\/\/banbancosmetics.com\/wp-content\/uploads\/2025\/02\/bbcream.jpg","type":"image\/jpeg"}],"twitter_card":"summary_large_image","twitter_misc":{"Tempo estimado de leitura":"1 minuto"},"schema":{"@context":"https:\/\/schema.org","@graph":[{"@type":"WebPage","@id":"https:\/\/banbancosmetics.com\/pt-pt\/producto\/bb-cream-spf15\/","url":"https:\/\/banbancosmetics.com\/pt-pt\/producto\/bb-cream-spf15\/","name":"BB CREAM SPF15 50ML - BanBan Cosmetics","isPartOf":{"@id":"https:\/\/banbancosmetics.com\/pt-pt\/#website"},"primaryImageOfPage":{"@id":"https:\/\/banbancosmetics.com\/pt-pt\/producto\/bb-cream-spf15\/#primaryimage"},"image":{"@id":"https:\/\/banbancosmetics.com\/pt-pt\/producto\/bb-cream-spf15\/#primaryimage"},"thumbnailUrl":"https:\/\/banbancosmetics.com\/wp-content\/uploads\/2025\/02\/bbcream.jpg","datePublished":"2025-02-14T16:12:51+00:00","dateModified":"2026-04-15T19:14:30+00:00","breadcrumb":{"@id":"https:\/\/banbancosmetics.com\/pt-pt\/producto\/bb-cream-spf15\/#breadcrumb"},"inLanguage":"pt-PT","potentialAction":[{"@type":"ReadAction","target":["https:\/\/banbancosmetics.com\/pt-pt\/producto\/bb-cream-spf15\/"]}]},{"@type":"ImageObject","inLanguage":"pt-PT","@id":"https:\/\/banbancosmetics.com\/pt-pt\/producto\/bb-cream-spf15\/#primaryimage","url":"https:\/\/banbancosmetics.com\/wp-content\/uploads\/2025\/02\/bbcream.jpg","contentUrl":"https:\/\/banbancosmetics.com\/wp-content\/uploads\/2025\/02\/bbcream.jpg","width":768,"height":768},{"@type":"BreadcrumbList","@id":"https:\/\/banbancosmetics.com\/pt-pt\/producto\/bb-cream-spf15\/#breadcrumb","itemListElement":[{"@type":"ListItem","position":1,"name":"Portada","item":"https:\/\/banbancosmetics.com\/pt-pt\/inicio\/"},{"@type":"ListItem","position":2,"name":"Loja","item":"https:\/\/banbancosmetics.com\/pt-pt\/loja\/"},{"@type":"ListItem","position":3,"name":"BB CREAM SPF15 50ML"}]},{"@type":"WebSite","@id":"https:\/\/banbancosmetics.com\/pt-pt\/#website","url":"https:\/\/banbancosmetics.com\/pt-pt\/","name":"BanBan Cosmetics","description":"","publisher":{"@id":"https:\/\/banbancosmetics.com\/pt-pt\/#organization"},"potentialAction":[{"@type":"SearchAction","target":{"@type":"EntryPoint","urlTemplate":"https:\/\/banbancosmetics.com\/pt-pt\/?s={search_term_string}"},"query-input":{"@type":"PropertyValueSpecification","valueRequired":true,"valueName":"search_term_string"}}],"inLanguage":"pt-PT"},{"@type":"Organization","@id":"https:\/\/banbancosmetics.com\/pt-pt\/#organization","name":"BanBan Cosmetics","url":"https:\/\/banbancosmetics.com\/pt-pt\/","logo":{"@type":"ImageObject","inLanguage":"pt-PT","@id":"https:\/\/banbancosmetics.com\/pt-pt\/#\/schema\/logo\/image\/","url":"https:\/\/banbancosmetics.com\/wp-content\/uploads\/2023\/11\/logo-b_1.svg","contentUrl":"https:\/\/banbancosmetics.com\/wp-content\/uploads\/2023\/11\/logo-b_1.svg","width":500,"height":500,"caption":"BanBan Cosmetics"},"image":{"@id":"https:\/\/banbancosmetics.com\/pt-pt\/#\/schema\/logo\/image\/"}}]}},"_links":{"self":[{"href":"https:\/\/banbancosmetics.com\/pt-pt\/wp-json\/wp\/v2\/product\/8485","targetHints":{"allow":["GET"]}}],"collection":[{"href":"https:\/\/banbancosmetics.com\/pt-pt\/wp-json\/wp\/v2\/product"}],"about":[{"href":"https:\/\/banbancosmetics.com\/pt-pt\/wp-json\/wp\/v2\/types\/product"}],"replies":[{"embeddable":true,"href":"https:\/\/banbancosmetics.com\/pt-pt\/wp-json\/wp\/v2\/comments?post=8485"}],"version-history":[{"count":1,"href":"https:\/\/banbancosmetics.com\/pt-pt\/wp-json\/wp\/v2\/product\/8485\/revisions"}],"predecessor-version":[{"id":10388,"href":"https:\/\/banbancosmetics.com\/pt-pt\/wp-json\/wp\/v2\/product\/8485\/revisions\/10388"}],"wp:featuredmedia":[{"embeddable":true,"href":"https:\/\/banbancosmetics.com\/pt-pt\/wp-json\/wp\/v2\/media\/8491"}],"wp:attachment":[{"href":"https:\/\/banbancosmetics.com\/pt-pt\/wp-json\/wp\/v2\/media?parent=8485"}],"wp:term":[{"taxonomy":"product_brand","embeddable":true,"href":"https:\/\/banbancosmetics.com\/pt-pt\/wp-json\/wp\/v2\/product_brand?post=8485"},{"taxonomy":"product_cat","embeddable":true,"href":"https:\/\/banbancosmetics.com\/pt-pt\/wp-json\/wp\/v2\/product_cat?post=8485"},{"taxonomy":"product_tag","embeddable":true,"href":"https:\/\/banbancosmetics.com\/pt-pt\/wp-json\/wp\/v2\/product_tag?post=8485"}],"curies":[{"name":"wp","href":"https:\/\/api.w.org\/{rel}","templated":true}]}}