{"id":8406,"date":"2025-02-11T21:55:51","date_gmt":"2025-02-11T20:55:51","guid":{"rendered":"https:\/\/banbancosmetics.com\/producto\/creme-de-olhos-anti-inchaco-anti-olheiras\/"},"modified":"2026-04-15T21:14:30","modified_gmt":"2026-04-15T19:14:30","slug":"creme-de-olhos-anti-inchaco-anti-olheiras","status":"publish","type":"product","link":"https:\/\/banbancosmetics.com\/pt-pt\/producto\/creme-de-olhos-anti-inchaco-anti-olheiras\/","title":{"rendered":"Contorno de olhos anti-incha\u00e7o\/anti-olheiras 15ML"},"content":{"rendered":"\t\t<div data-elementor-type=\"product-post\" data-elementor-id=\"8406\" class=\"elementor elementor-8406 elementor-5058\" data-elementor-post-type=\"product\">\n\t\t\t\t<div class=\"elementor-element elementor-element-b60927b e-flex e-con-boxed e-con e-parent\" data-id=\"b60927b\" data-element_type=\"container\" data-e-type=\"container\" data-settings=\"{&quot;background_background&quot;:&quot;classic&quot;}\">\n\t\t\t\t\t<div class=\"e-con-inner\">\n\t\t<div class=\"elementor-element elementor-element-97342af e-con-full e-flex e-con e-child\" data-id=\"97342af\" data-element_type=\"container\" data-e-type=\"container\">\n\t\t\t\t<div class=\"elementor-element elementor-element-f5badda elementor-invisible elementor-widget elementor-widget-heading\" data-id=\"f5badda\" data-element_type=\"widget\" data-e-type=\"widget\" data-settings=\"{&quot;_animation&quot;:&quot;fadeIn&quot;}\" data-widget_type=\"heading.default\">\n\t\t\t\t<div class=\"elementor-widget-container\">\n\t\t\t\t\t<h2 class=\"elementor-heading-title elementor-size-default\">Adeus olheiras, ol\u00e1 luminosidade<\/h2>\t\t\t\t<\/div>\n\t\t\t\t<\/div>\n\t\t\t\t<div class=\"elementor-element elementor-element-8e2595d elementor-widget elementor-widget-text-editor\" data-id=\"8e2595d\" data-element_type=\"widget\" data-e-type=\"widget\" data-widget_type=\"text-editor.default\">\n\t\t\t\t<div class=\"elementor-widget-container\">\n\t\t\t\t\t\t\t\t\t<p>O nosso contorno de olhos foi especialmente formulado para reduzir as olheiras e devolver a luminosidade aos teus olhos. Com ingredientes como o \u00e1cido hialur\u00f3nico e as ceramidas, <strong>hidrata em profundidade e dissimula os sinais de fadiga<\/strong>. Acorda com um olhar fresco e radiante todas as manh\u00e3s!  <\/p>\t\t\t\t\t\t\t\t<\/div>\n\t\t\t\t<\/div>\n\t\t\t\t<\/div>\n\t\t<div class=\"elementor-element elementor-element-b7d3739 e-con-full e-flex e-con e-child\" data-id=\"b7d3739\" data-element_type=\"container\" data-e-type=\"container\">\n\t\t\t\t<div class=\"elementor-element elementor-element-58bc64c elementor-widget elementor-widget-image\" data-id=\"58bc64c\" data-element_type=\"widget\" data-e-type=\"widget\" data-widget_type=\"image.default\">\n\t\t\t\t<div class=\"elementor-widget-container\">\n\t\t\t\t\t\t\t\t\t\t\t\t\t\t\t<img fetchpriority=\"high\" decoding=\"async\" width=\"669\" height=\"983\" src=\"https:\/\/banbancosmetics.com\/wp-content\/uploads\/2025\/02\/ojerasj.jpg\" class=\"attachment-large size-large wp-image-8419\" alt=\"sem olheiras\" srcset=\"https:\/\/banbancosmetics.com\/wp-content\/uploads\/2025\/02\/ojerasj.jpg.webp 669w, https:\/\/banbancosmetics.com\/wp-content\/uploads\/2025\/02\/ojerasj-600x882.jpg.webp 600w, https:\/\/banbancosmetics.com\/wp-content\/uploads\/2025\/02\/ojerasj-64x94.jpg.webp 64w, https:\/\/banbancosmetics.com\/wp-content\/uploads\/2025\/02\/ojerasj-204x300.jpg.webp 204w\" sizes=\"(max-width: 669px) 100vw, 669px\" \/>\t\t\t\t\t\t\t\t\t\t\t\t\t\t\t<\/div>\n\t\t\t\t<\/div>\n\t\t\t\t<\/div>\n\t\t\t\t\t<\/div>\n\t\t\t\t<\/div>\n\t\t<div class=\"elementor-element elementor-element-29e8c46 e-flex e-con-boxed e-con e-parent\" data-id=\"29e8c46\" data-element_type=\"container\" data-e-type=\"container\" data-settings=\"{&quot;background_background&quot;:&quot;classic&quot;}\">\n\t\t\t\t\t<div class=\"e-con-inner\">\n\t\t<div class=\"elementor-element elementor-element-61df8cb e-con-full e-flex e-con e-child\" data-id=\"61df8cb\" data-element_type=\"container\" data-e-type=\"container\">\n\t\t\t\t<div class=\"elementor-element elementor-element-2d6430c elementor-widget elementor-widget-image\" data-id=\"2d6430c\" data-element_type=\"widget\" data-e-type=\"widget\" data-widget_type=\"image.default\">\n\t\t\t\t<div class=\"elementor-widget-container\">\n\t\t\t\t\t\t\t\t\t\t\t\t\t\t\t<img decoding=\"async\" width=\"635\" height=\"900\" src=\"https:\/\/banbancosmetics.com\/wp-content\/uploads\/2024\/11\/chica-colageno-marino.webp\" class=\"attachment-large size-large wp-image-8562\" alt=\"colag\u00e9nio marinho nutricosm\u00e9ticos\" srcset=\"https:\/\/banbancosmetics.com\/wp-content\/uploads\/2024\/11\/chica-colageno-marino.webp 635w, https:\/\/banbancosmetics.com\/wp-content\/uploads\/2024\/11\/chica-colageno-marino-600x850.webp 600w, https:\/\/banbancosmetics.com\/wp-content\/uploads\/2024\/11\/chica-colageno-marino-64x91.webp 64w, https:\/\/banbancosmetics.com\/wp-content\/uploads\/2024\/11\/chica-colageno-marino-212x300.webp 212w\" sizes=\"(max-width: 635px) 100vw, 635px\" \/>\t\t\t\t\t\t\t\t\t\t\t\t\t\t\t<\/div>\n\t\t\t\t<\/div>\n\t\t\t\t<\/div>\n\t\t<div class=\"elementor-element elementor-element-a5c887d e-con-full e-flex e-con e-child\" data-id=\"a5c887d\" data-element_type=\"container\" data-e-type=\"container\">\n\t\t\t\t<div class=\"elementor-element elementor-element-5eb1fba elementor-invisible elementor-widget elementor-widget-heading\" data-id=\"5eb1fba\" data-element_type=\"widget\" data-e-type=\"widget\" data-settings=\"{&quot;_animation&quot;:&quot;fadeIn&quot;}\" data-widget_type=\"heading.default\">\n\t\t\t\t<div class=\"elementor-widget-container\">\n\t\t\t\t\t<h2 class=\"elementor-heading-title elementor-size-default\">Efeito anti-inflamat\u00f3rio do frio<\/h2>\t\t\t\t<\/div>\n\t\t\t\t<\/div>\n\t\t\t\t<div class=\"elementor-element elementor-element-89b29ee elementor-widget elementor-widget-text-editor\" data-id=\"89b29ee\" data-element_type=\"widget\" data-e-type=\"widget\" data-widget_type=\"text-editor.default\">\n\t\t\t\t<div class=\"elementor-widget-container\">\n\t\t\t\t\t\t\t\t\t<p>O <strong>aplicador<\/strong> met\u00e1lico <strong>roll-on<\/strong> n\u00e3o s\u00f3 facilita a aplica\u00e7\u00e3o, como tamb\u00e9m proporciona um efeito refrescante que <strong>reduz o incha\u00e7o e as bolsas<\/strong>&#8211; uma massagem revitalizante que ativa a circula\u00e7\u00e3o e deixa a pele do contorno dos olhos mais firme e el\u00e1stica! <\/p>\t\t\t\t\t\t\t\t<\/div>\n\t\t\t\t<\/div>\n\t\t\t\t<\/div>\n\t\t\t\t\t<\/div>\n\t\t\t\t<\/div>\n\t\t<div class=\"elementor-element elementor-element-2a078eb e-flex e-con-boxed e-con e-parent\" data-id=\"2a078eb\" data-element_type=\"container\" data-e-type=\"container\" data-settings=\"{&quot;background_background&quot;:&quot;classic&quot;}\">\n\t\t\t\t\t<div class=\"e-con-inner\">\n\t\t<div class=\"elementor-element elementor-element-d51812a e-con-full e-flex e-con e-child\" data-id=\"d51812a\" data-element_type=\"container\" data-e-type=\"container\">\n\t\t\t\t<div class=\"elementor-element elementor-element-5a31f54 elementor-invisible elementor-widget elementor-widget-heading\" data-id=\"5a31f54\" data-element_type=\"widget\" data-e-type=\"widget\" data-settings=\"{&quot;_animation&quot;:&quot;fadeIn&quot;}\" data-widget_type=\"heading.default\">\n\t\t\t\t<div class=\"elementor-widget-container\">\n\t\t\t\t\t<h2 class=\"elementor-heading-title elementor-size-default\">Rotina di\u00e1ria e nocturna<\/h2>\t\t\t\t<\/div>\n\t\t\t\t<\/div>\n\t\t\t\t<div class=\"elementor-element elementor-element-a962ee4 elementor-widget elementor-widget-text-editor\" data-id=\"a962ee4\" data-element_type=\"widget\" data-e-type=\"widget\" data-widget_type=\"text-editor.default\">\n\t\t\t\t<div class=\"elementor-widget-container\">\n\t\t\t\t\t\t\t\t\t<p>Incorpora este tratamento na tua rotina de beleza <strong>, tanto de dia como de noite<\/strong>. Aplica na pele limpa e seca antes do teu creme de rosto para aumentar a absor\u00e7\u00e3o dos seus ingredientes activos &#8211; um gesto simples para um aspeto jovem e descansado!  <\/p>\t\t\t\t\t\t\t\t<\/div>\n\t\t\t\t<\/div>\n\t\t\t\t<\/div>\n\t\t<div class=\"elementor-element elementor-element-933846c e-con-full e-flex e-con e-child\" data-id=\"933846c\" data-element_type=\"container\" data-e-type=\"container\">\n\t\t\t\t<div class=\"elementor-element elementor-element-185b364 elementor-widget elementor-widget-image\" data-id=\"185b364\" data-element_type=\"widget\" data-e-type=\"widget\" data-widget_type=\"image.default\">\n\t\t\t\t<div class=\"elementor-widget-container\">\n\t\t\t\t\t\t\t\t\t\t\t\t\t\t\t<img decoding=\"async\" width=\"1024\" height=\"1024\" src=\"https:\/\/banbancosmetics.com\/wp-content\/uploads\/2025\/02\/shutterstock_2459232127_2.jpg\" class=\"attachment-large size-large wp-image-8426\" alt=\"\" srcset=\"https:\/\/banbancosmetics.com\/wp-content\/uploads\/2025\/02\/shutterstock_2459232127_2.jpg.webp 1024w, https:\/\/banbancosmetics.com\/wp-content\/uploads\/2025\/02\/shutterstock_2459232127_2-300x300.jpg.webp 300w, https:\/\/banbancosmetics.com\/wp-content\/uploads\/2025\/02\/shutterstock_2459232127_2-100x100.jpg.webp 100w, https:\/\/banbancosmetics.com\/wp-content\/uploads\/2025\/02\/shutterstock_2459232127_2-600x600.jpg.webp 600w, https:\/\/banbancosmetics.com\/wp-content\/uploads\/2025\/02\/shutterstock_2459232127_2-64x64.jpg.webp 64w, https:\/\/banbancosmetics.com\/wp-content\/uploads\/2025\/02\/shutterstock_2459232127_2-150x150.jpg.webp 150w, https:\/\/banbancosmetics.com\/wp-content\/uploads\/2025\/02\/shutterstock_2459232127_2-768x768.jpg.webp 768w\" sizes=\"(max-width: 1024px) 100vw, 1024px\" \/>\t\t\t\t\t\t\t\t\t\t\t\t\t\t\t<\/div>\n\t\t\t\t<\/div>\n\t\t\t\t<\/div>\n\t\t\t\t\t<\/div>\n\t\t\t\t<\/div>\n\t\t\t\t<\/div>\n\t\t","protected":false},"excerpt":{"rendered":"<p>Diz adeus \u00e0s olheiras e ao incha\u00e7o com o nosso <strong>Contorno de Olhos Anti-incha\u00e7o e Anti-olheiras<\/strong>! Este tratamento 100% natural, formulado com<strong> \u00e1cido hialur\u00f3nico, ch\u00e1 matcha e ceramidas<\/strong>, foi concebido para devolver a luminosidade e a frescura aos teus olhos.<\/p>\n","protected":false},"featured_media":8479,"comment_status":"open","ping_status":"closed","template":"","meta":{"_acf_changed":false,"inline_featured_image":false,"site-sidebar-layout":"no-sidebar","site-content-layout":"","ast-site-content-layout":"full-width-container","site-content-style":"default","site-sidebar-style":"default","ast-global-header-display":"","ast-banner-title-visibility":"","ast-main-header-display":"","ast-hfb-above-header-display":"","ast-hfb-below-header-display":"","ast-hfb-mobile-header-display":"","site-post-title":"disabled","ast-breadcrumbs-content":"","ast-featured-img":"disabled","footer-sml-layout":"","ast-disable-related-posts":"","theme-transparent-header-meta":"default","adv-header-id-meta":"","stick-header-meta":"","header-above-stick-meta":"","header-main-stick-meta":"","header-below-stick-meta":"","astra-migrate-meta-layouts":"default","ast-page-background-enabled":"default","ast-page-background-meta":{"desktop":{"background-color":"var(--ast-global-color-4)","background-image":"","background-repeat":"repeat","background-position":"center center","background-size":"auto","background-attachment":"scroll","background-type":"","background-media":"","overlay-type":"","overlay-color":"","overlay-opacity":"","overlay-gradient":""},"tablet":{"background-color":"","background-image":"","background-repeat":"repeat","background-position":"center center","background-size":"auto","background-attachment":"scroll","background-type":"","background-media":"","overlay-type":"","overlay-color":"","overlay-opacity":"","overlay-gradient":""},"mobile":{"background-color":"","background-image":"","background-repeat":"repeat","background-position":"center center","background-size":"auto","background-attachment":"scroll","background-type":"","background-media":"","overlay-type":"","overlay-color":"","overlay-opacity":"","overlay-gradient":""}},"ast-content-background-meta":{"desktop":{"background-color":"var(--ast-global-color-5)","background-image":"","background-repeat":"repeat","background-position":"center center","background-size":"auto","background-attachment":"scroll","background-type":"","background-media":"","overlay-type":"","overlay-color":"","overlay-opacity":"","overlay-gradient":""},"tablet":{"background-color":"var(--ast-global-color-5)","background-image":"","background-repeat":"repeat","background-position":"center center","background-size":"auto","background-attachment":"scroll","background-type":"","background-media":"","overlay-type":"","overlay-color":"","overlay-opacity":"","overlay-gradient":""},"mobile":{"background-color":"var(--ast-global-color-5)","background-image":"","background-repeat":"repeat","background-position":"center center","background-size":"auto","background-attachment":"scroll","background-type":"","background-media":"","overlay-type":"","overlay-color":"","overlay-opacity":"","overlay-gradient":""}}},"product_brand":[],"product_cat":[393],"product_tag":[395,394],"class_list":{"0":"post-8406","1":"product","2":"type-product","3":"status-publish","4":"has-post-thumbnail","6":"product_cat-contorno-dos-olhos","7":"product_tag-imperfeicoes","8":"product_tag-pele-gorda","9":"desktop-align-left","10":"tablet-align-left","11":"mobile-align-left","12":"ast-product-gallery-layout-first-image-large","13":"ast-magnify-disabled","14":"ast-product-tabs-layout-horizontal","16":"first","17":"instock","18":"taxable","19":"shipping-taxable","20":"purchasable","21":"product-type-simple"},"acf":[],"yoast_head":"<!-- This site is optimized with the Yoast SEO plugin v27.4 - https:\/\/yoast.com\/product\/yoast-seo-wordpress\/ -->\n<title>Contorno de olhos anti-incha\u00e7o\/anti-olheiras 15ML - BanBan Cosmetics<\/title>\n<meta name=\"robots\" content=\"index, follow, max-snippet:-1, max-image-preview:large, max-video-preview:-1\" \/>\n<link rel=\"canonical\" href=\"https:\/\/banbancosmetics.com\/pt-pt\/producto\/creme-de-olhos-anti-inchaco-anti-olheiras\/\" \/>\n<meta property=\"og:locale\" content=\"pt_PT\" \/>\n<meta property=\"og:type\" content=\"article\" \/>\n<meta property=\"og:title\" content=\"Contorno de olhos anti-incha\u00e7o\/anti-olheiras 15ML - BanBan Cosmetics\" \/>\n<meta property=\"og:description\" content=\"Diz adeus \u00e0s olheiras e ao incha\u00e7o com o nosso Contorno de Olhos Anti-incha\u00e7o e Anti-olheiras! Este tratamento 100% natural, formulado com \u00e1cido hialur\u00f3nico, ch\u00e1 matcha e ceramidas, foi concebido para devolver a luminosidade e a frescura aos teus olhos.\" \/>\n<meta property=\"og:url\" content=\"https:\/\/banbancosmetics.com\/pt-pt\/producto\/creme-de-olhos-anti-inchaco-anti-olheiras\/\" \/>\n<meta property=\"og:site_name\" content=\"BanBan Cosmetics\" \/>\n<meta property=\"article:modified_time\" content=\"2026-04-15T19:14:30+00:00\" \/>\n<meta property=\"og:image\" content=\"https:\/\/banbancosmetics.com\/wp-content\/uploads\/2025\/02\/CONTORNO_ANTIBOLSAS_ANTIOJERAS.jpg\" \/>\n\t<meta property=\"og:image:width\" content=\"768\" \/>\n\t<meta property=\"og:image:height\" content=\"768\" \/>\n\t<meta property=\"og:image:type\" content=\"image\/jpeg\" \/>\n<meta name=\"twitter:card\" content=\"summary_large_image\" \/>\n<meta name=\"twitter:label1\" content=\"Tempo estimado de leitura\" \/>\n\t<meta name=\"twitter:data1\" content=\"1 minuto\" \/>\n<script type=\"application\/ld+json\" class=\"yoast-schema-graph\">{\"@context\":\"https:\\\/\\\/schema.org\",\"@graph\":[{\"@type\":\"WebPage\",\"@id\":\"https:\\\/\\\/banbancosmetics.com\\\/pt-pt\\\/producto\\\/creme-de-olhos-anti-inchaco-anti-olheiras\\\/\",\"url\":\"https:\\\/\\\/banbancosmetics.com\\\/pt-pt\\\/producto\\\/creme-de-olhos-anti-inchaco-anti-olheiras\\\/\",\"name\":\"Contorno de olhos anti-incha\u00e7o\\\/anti-olheiras 15ML - BanBan Cosmetics\",\"isPartOf\":{\"@id\":\"https:\\\/\\\/banbancosmetics.com\\\/pt-pt\\\/#website\"},\"primaryImageOfPage\":{\"@id\":\"https:\\\/\\\/banbancosmetics.com\\\/pt-pt\\\/producto\\\/creme-de-olhos-anti-inchaco-anti-olheiras\\\/#primaryimage\"},\"image\":{\"@id\":\"https:\\\/\\\/banbancosmetics.com\\\/pt-pt\\\/producto\\\/creme-de-olhos-anti-inchaco-anti-olheiras\\\/#primaryimage\"},\"thumbnailUrl\":\"https:\\\/\\\/banbancosmetics.com\\\/wp-content\\\/uploads\\\/2025\\\/02\\\/CONTORNO_ANTIBOLSAS_ANTIOJERAS.jpg\",\"datePublished\":\"2025-02-11T20:55:51+00:00\",\"dateModified\":\"2026-04-15T19:14:30+00:00\",\"breadcrumb\":{\"@id\":\"https:\\\/\\\/banbancosmetics.com\\\/pt-pt\\\/producto\\\/creme-de-olhos-anti-inchaco-anti-olheiras\\\/#breadcrumb\"},\"inLanguage\":\"pt-PT\",\"potentialAction\":[{\"@type\":\"ReadAction\",\"target\":[\"https:\\\/\\\/banbancosmetics.com\\\/pt-pt\\\/producto\\\/creme-de-olhos-anti-inchaco-anti-olheiras\\\/\"]}]},{\"@type\":\"ImageObject\",\"inLanguage\":\"pt-PT\",\"@id\":\"https:\\\/\\\/banbancosmetics.com\\\/pt-pt\\\/producto\\\/creme-de-olhos-anti-inchaco-anti-olheiras\\\/#primaryimage\",\"url\":\"https:\\\/\\\/banbancosmetics.com\\\/wp-content\\\/uploads\\\/2025\\\/02\\\/CONTORNO_ANTIBOLSAS_ANTIOJERAS.jpg\",\"contentUrl\":\"https:\\\/\\\/banbancosmetics.com\\\/wp-content\\\/uploads\\\/2025\\\/02\\\/CONTORNO_ANTIBOLSAS_ANTIOJERAS.jpg\",\"width\":768,\"height\":768},{\"@type\":\"BreadcrumbList\",\"@id\":\"https:\\\/\\\/banbancosmetics.com\\\/pt-pt\\\/producto\\\/creme-de-olhos-anti-inchaco-anti-olheiras\\\/#breadcrumb\",\"itemListElement\":[{\"@type\":\"ListItem\",\"position\":1,\"name\":\"Portada\",\"item\":\"https:\\\/\\\/banbancosmetics.com\\\/pt-pt\\\/inicio\\\/\"},{\"@type\":\"ListItem\",\"position\":2,\"name\":\"Loja\",\"item\":\"https:\\\/\\\/banbancosmetics.com\\\/pt-pt\\\/loja\\\/\"},{\"@type\":\"ListItem\",\"position\":3,\"name\":\"Contorno de olhos anti-incha\u00e7o\\\/anti-olheiras 15ML\"}]},{\"@type\":\"WebSite\",\"@id\":\"https:\\\/\\\/banbancosmetics.com\\\/pt-pt\\\/#website\",\"url\":\"https:\\\/\\\/banbancosmetics.com\\\/pt-pt\\\/\",\"name\":\"BanBan Cosmetics\",\"description\":\"\",\"publisher\":{\"@id\":\"https:\\\/\\\/banbancosmetics.com\\\/pt-pt\\\/#organization\"},\"potentialAction\":[{\"@type\":\"SearchAction\",\"target\":{\"@type\":\"EntryPoint\",\"urlTemplate\":\"https:\\\/\\\/banbancosmetics.com\\\/pt-pt\\\/?s={search_term_string}\"},\"query-input\":{\"@type\":\"PropertyValueSpecification\",\"valueRequired\":true,\"valueName\":\"search_term_string\"}}],\"inLanguage\":\"pt-PT\"},{\"@type\":\"Organization\",\"@id\":\"https:\\\/\\\/banbancosmetics.com\\\/pt-pt\\\/#organization\",\"name\":\"BanBan Cosmetics\",\"url\":\"https:\\\/\\\/banbancosmetics.com\\\/pt-pt\\\/\",\"logo\":{\"@type\":\"ImageObject\",\"inLanguage\":\"pt-PT\",\"@id\":\"https:\\\/\\\/banbancosmetics.com\\\/pt-pt\\\/#\\\/schema\\\/logo\\\/image\\\/\",\"url\":\"https:\\\/\\\/banbancosmetics.com\\\/wp-content\\\/uploads\\\/2023\\\/11\\\/logo-b_1.svg\",\"contentUrl\":\"https:\\\/\\\/banbancosmetics.com\\\/wp-content\\\/uploads\\\/2023\\\/11\\\/logo-b_1.svg\",\"width\":500,\"height\":500,\"caption\":\"BanBan Cosmetics\"},\"image\":{\"@id\":\"https:\\\/\\\/banbancosmetics.com\\\/pt-pt\\\/#\\\/schema\\\/logo\\\/image\\\/\"}}]}<\/script>\n<!-- \/ Yoast SEO plugin. -->","yoast_head_json":{"title":"Contorno de olhos anti-incha\u00e7o\/anti-olheiras 15ML - BanBan Cosmetics","robots":{"index":"index","follow":"follow","max-snippet":"max-snippet:-1","max-image-preview":"max-image-preview:large","max-video-preview":"max-video-preview:-1"},"canonical":"https:\/\/banbancosmetics.com\/pt-pt\/producto\/creme-de-olhos-anti-inchaco-anti-olheiras\/","og_locale":"pt_PT","og_type":"article","og_title":"Contorno de olhos anti-incha\u00e7o\/anti-olheiras 15ML - BanBan Cosmetics","og_description":"Diz adeus \u00e0s olheiras e ao incha\u00e7o com o nosso Contorno de Olhos Anti-incha\u00e7o e Anti-olheiras! Este tratamento 100% natural, formulado com \u00e1cido hialur\u00f3nico, ch\u00e1 matcha e ceramidas, foi concebido para devolver a luminosidade e a frescura aos teus olhos.","og_url":"https:\/\/banbancosmetics.com\/pt-pt\/producto\/creme-de-olhos-anti-inchaco-anti-olheiras\/","og_site_name":"BanBan Cosmetics","article_modified_time":"2026-04-15T19:14:30+00:00","og_image":[{"width":768,"height":768,"url":"https:\/\/banbancosmetics.com\/wp-content\/uploads\/2025\/02\/CONTORNO_ANTIBOLSAS_ANTIOJERAS.jpg","type":"image\/jpeg"}],"twitter_card":"summary_large_image","twitter_misc":{"Tempo estimado de leitura":"1 minuto"},"schema":{"@context":"https:\/\/schema.org","@graph":[{"@type":"WebPage","@id":"https:\/\/banbancosmetics.com\/pt-pt\/producto\/creme-de-olhos-anti-inchaco-anti-olheiras\/","url":"https:\/\/banbancosmetics.com\/pt-pt\/producto\/creme-de-olhos-anti-inchaco-anti-olheiras\/","name":"Contorno de olhos anti-incha\u00e7o\/anti-olheiras 15ML - BanBan Cosmetics","isPartOf":{"@id":"https:\/\/banbancosmetics.com\/pt-pt\/#website"},"primaryImageOfPage":{"@id":"https:\/\/banbancosmetics.com\/pt-pt\/producto\/creme-de-olhos-anti-inchaco-anti-olheiras\/#primaryimage"},"image":{"@id":"https:\/\/banbancosmetics.com\/pt-pt\/producto\/creme-de-olhos-anti-inchaco-anti-olheiras\/#primaryimage"},"thumbnailUrl":"https:\/\/banbancosmetics.com\/wp-content\/uploads\/2025\/02\/CONTORNO_ANTIBOLSAS_ANTIOJERAS.jpg","datePublished":"2025-02-11T20:55:51+00:00","dateModified":"2026-04-15T19:14:30+00:00","breadcrumb":{"@id":"https:\/\/banbancosmetics.com\/pt-pt\/producto\/creme-de-olhos-anti-inchaco-anti-olheiras\/#breadcrumb"},"inLanguage":"pt-PT","potentialAction":[{"@type":"ReadAction","target":["https:\/\/banbancosmetics.com\/pt-pt\/producto\/creme-de-olhos-anti-inchaco-anti-olheiras\/"]}]},{"@type":"ImageObject","inLanguage":"pt-PT","@id":"https:\/\/banbancosmetics.com\/pt-pt\/producto\/creme-de-olhos-anti-inchaco-anti-olheiras\/#primaryimage","url":"https:\/\/banbancosmetics.com\/wp-content\/uploads\/2025\/02\/CONTORNO_ANTIBOLSAS_ANTIOJERAS.jpg","contentUrl":"https:\/\/banbancosmetics.com\/wp-content\/uploads\/2025\/02\/CONTORNO_ANTIBOLSAS_ANTIOJERAS.jpg","width":768,"height":768},{"@type":"BreadcrumbList","@id":"https:\/\/banbancosmetics.com\/pt-pt\/producto\/creme-de-olhos-anti-inchaco-anti-olheiras\/#breadcrumb","itemListElement":[{"@type":"ListItem","position":1,"name":"Portada","item":"https:\/\/banbancosmetics.com\/pt-pt\/inicio\/"},{"@type":"ListItem","position":2,"name":"Loja","item":"https:\/\/banbancosmetics.com\/pt-pt\/loja\/"},{"@type":"ListItem","position":3,"name":"Contorno de olhos anti-incha\u00e7o\/anti-olheiras 15ML"}]},{"@type":"WebSite","@id":"https:\/\/banbancosmetics.com\/pt-pt\/#website","url":"https:\/\/banbancosmetics.com\/pt-pt\/","name":"BanBan Cosmetics","description":"","publisher":{"@id":"https:\/\/banbancosmetics.com\/pt-pt\/#organization"},"potentialAction":[{"@type":"SearchAction","target":{"@type":"EntryPoint","urlTemplate":"https:\/\/banbancosmetics.com\/pt-pt\/?s={search_term_string}"},"query-input":{"@type":"PropertyValueSpecification","valueRequired":true,"valueName":"search_term_string"}}],"inLanguage":"pt-PT"},{"@type":"Organization","@id":"https:\/\/banbancosmetics.com\/pt-pt\/#organization","name":"BanBan Cosmetics","url":"https:\/\/banbancosmetics.com\/pt-pt\/","logo":{"@type":"ImageObject","inLanguage":"pt-PT","@id":"https:\/\/banbancosmetics.com\/pt-pt\/#\/schema\/logo\/image\/","url":"https:\/\/banbancosmetics.com\/wp-content\/uploads\/2023\/11\/logo-b_1.svg","contentUrl":"https:\/\/banbancosmetics.com\/wp-content\/uploads\/2023\/11\/logo-b_1.svg","width":500,"height":500,"caption":"BanBan Cosmetics"},"image":{"@id":"https:\/\/banbancosmetics.com\/pt-pt\/#\/schema\/logo\/image\/"}}]}},"_links":{"self":[{"href":"https:\/\/banbancosmetics.com\/pt-pt\/wp-json\/wp\/v2\/product\/8406","targetHints":{"allow":["GET"]}}],"collection":[{"href":"https:\/\/banbancosmetics.com\/pt-pt\/wp-json\/wp\/v2\/product"}],"about":[{"href":"https:\/\/banbancosmetics.com\/pt-pt\/wp-json\/wp\/v2\/types\/product"}],"replies":[{"embeddable":true,"href":"https:\/\/banbancosmetics.com\/pt-pt\/wp-json\/wp\/v2\/comments?post=8406"}],"version-history":[{"count":1,"href":"https:\/\/banbancosmetics.com\/pt-pt\/wp-json\/wp\/v2\/product\/8406\/revisions"}],"predecessor-version":[{"id":10394,"href":"https:\/\/banbancosmetics.com\/pt-pt\/wp-json\/wp\/v2\/product\/8406\/revisions\/10394"}],"wp:featuredmedia":[{"embeddable":true,"href":"https:\/\/banbancosmetics.com\/pt-pt\/wp-json\/wp\/v2\/media\/8479"}],"wp:attachment":[{"href":"https:\/\/banbancosmetics.com\/pt-pt\/wp-json\/wp\/v2\/media?parent=8406"}],"wp:term":[{"taxonomy":"product_brand","embeddable":true,"href":"https:\/\/banbancosmetics.com\/pt-pt\/wp-json\/wp\/v2\/product_brand?post=8406"},{"taxonomy":"product_cat","embeddable":true,"href":"https:\/\/banbancosmetics.com\/pt-pt\/wp-json\/wp\/v2\/product_cat?post=8406"},{"taxonomy":"product_tag","embeddable":true,"href":"https:\/\/banbancosmetics.com\/pt-pt\/wp-json\/wp\/v2\/product_tag?post=8406"}],"curies":[{"name":"wp","href":"https:\/\/api.w.org\/{rel}","templated":true}]}}