{"id":8249,"date":"2024-10-14T08:08:42","date_gmt":"2024-10-14T06:08:42","guid":{"rendered":"https:\/\/banbancosmetics.com\/producto\/spray-calm-sleep\/"},"modified":"2026-04-24T20:14:00","modified_gmt":"2026-04-24T18:14:00","slug":"spray-calm-sleep","status":"publish","type":"product","link":"https:\/\/banbancosmetics.com\/pt-pt\/producto\/spray-calm-sleep\/","title":{"rendered":"CALM &amp; SLEEP SPRAY 150ML"},"content":{"rendered":"\t\t<div data-elementor-type=\"product-post\" data-elementor-id=\"8249\" class=\"elementor elementor-8249 elementor-4206\" data-elementor-post-type=\"product\">\n\t\t\t\t<div class=\"elementor-element elementor-element-c93f79e e-flex e-con-boxed e-con e-parent\" data-id=\"c93f79e\" data-element_type=\"container\" data-e-type=\"container\" data-settings=\"{&quot;background_background&quot;:&quot;classic&quot;}\">\n\t\t\t\t\t<div class=\"e-con-inner\">\n\t\t<div class=\"elementor-element elementor-element-dbc0c48 e-con-full e-flex e-con e-child\" data-id=\"dbc0c48\" data-element_type=\"container\" data-e-type=\"container\">\n\t\t\t\t<div class=\"elementor-element elementor-element-2201a86 elementor-invisible elementor-widget elementor-widget-heading\" data-id=\"2201a86\" data-element_type=\"widget\" data-e-type=\"widget\" data-settings=\"{&quot;_animation&quot;:&quot;fadeIn&quot;}\" data-widget_type=\"heading.default\">\n\t\t\t\t<div class=\"elementor-widget-container\">\n\t\t\t\t\t<h2 class=\"elementor-heading-title elementor-size-default\">SONO REPARADOR:<br> CALM &amp; SLEEP SPRAY<\/h2>\t\t\t\t<\/div>\n\t\t\t\t<\/div>\n\t\t\t\t<div class=\"elementor-element elementor-element-4fc74b6 elementor-widget elementor-widget-text-editor\" data-id=\"4fc74b6\" data-element_type=\"widget\" data-e-type=\"widget\" data-widget_type=\"text-editor.default\">\n\t\t\t\t<div class=\"elementor-widget-container\">\n\t\t\t\t\t\t\t\t\t<p>Descansa o que mereces com <em>Calm &amp; Sleep Spray<\/em>, um spray de almofada que combina melatonina, lavanda e calofilo. Ideal para toda a fam\u00edlia, a sua f\u00f3rmula vai ajudar-te a adormecer naturalmente, promovendo a <strong>noite de sono tranquila de que tanto precisas<\/strong>. Perfeito para quem sofre de ins\u00f3nias ou <strong>dificuldades em dormir<\/strong>.  <\/p><p> <\/p>\t\t\t\t\t\t\t\t<\/div>\n\t\t\t\t<\/div>\n\t\t\t\t<\/div>\n\t\t<div class=\"elementor-element elementor-element-1f2144e e-con-full e-flex e-con e-child\" data-id=\"1f2144e\" data-element_type=\"container\" data-e-type=\"container\">\n\t\t\t\t<div class=\"elementor-element elementor-element-7aacfa5 elementor-widget elementor-widget-image\" data-id=\"7aacfa5\" data-element_type=\"widget\" data-e-type=\"widget\" data-widget_type=\"image.default\">\n\t\t\t\t<div class=\"elementor-widget-container\">\n\t\t\t\t\t\t\t\t\t\t\t\t\t\t\t<img fetchpriority=\"high\" decoding=\"async\" width=\"645\" height=\"900\" src=\"https:\/\/banbancosmetics.com\/wp-content\/uploads\/2024\/10\/dormir-bien.webp\" class=\"attachment-large size-large wp-image-8265\" alt=\"dorme bem\" srcset=\"https:\/\/banbancosmetics.com\/wp-content\/uploads\/2024\/10\/dormir-bien.webp 645w, https:\/\/banbancosmetics.com\/wp-content\/uploads\/2024\/10\/dormir-bien-600x837.webp 600w, https:\/\/banbancosmetics.com\/wp-content\/uploads\/2024\/10\/dormir-bien-64x89.webp 64w, https:\/\/banbancosmetics.com\/wp-content\/uploads\/2024\/10\/dormir-bien-215x300.webp 215w\" sizes=\"(max-width: 645px) 100vw, 645px\" \/>\t\t\t\t\t\t\t\t\t\t\t\t\t\t\t<\/div>\n\t\t\t\t<\/div>\n\t\t\t\t<\/div>\n\t\t\t\t\t<\/div>\n\t\t\t\t<\/div>\n\t\t<div class=\"elementor-element elementor-element-c104dd5 e-flex e-con-boxed e-con e-parent\" data-id=\"c104dd5\" data-element_type=\"container\" data-e-type=\"container\" data-settings=\"{&quot;background_background&quot;:&quot;classic&quot;}\">\n\t\t\t\t\t<div class=\"e-con-inner\">\n\t\t<div class=\"elementor-element elementor-element-53a2115 e-con-full e-flex e-con e-child\" data-id=\"53a2115\" data-element_type=\"container\" data-e-type=\"container\">\n\t\t\t\t<div class=\"elementor-element elementor-element-4337d3a elementor-widget elementor-widget-image\" data-id=\"4337d3a\" data-element_type=\"widget\" data-e-type=\"widget\" data-widget_type=\"image.default\">\n\t\t\t\t<div class=\"elementor-widget-container\">\n\t\t\t\t\t\t\t\t\t\t\t\t\t\t\t<img decoding=\"async\" width=\"645\" height=\"900\" src=\"https:\/\/banbancosmetics.com\/wp-content\/uploads\/2024\/10\/spray-almohada.webp\" class=\"attachment-large size-large wp-image-8267\" alt=\"Spray de almofada\" srcset=\"https:\/\/banbancosmetics.com\/wp-content\/uploads\/2024\/10\/spray-almohada.webp 645w, https:\/\/banbancosmetics.com\/wp-content\/uploads\/2024\/10\/spray-almohada-600x837.webp 600w, https:\/\/banbancosmetics.com\/wp-content\/uploads\/2024\/10\/spray-almohada-64x89.webp 64w, https:\/\/banbancosmetics.com\/wp-content\/uploads\/2024\/10\/spray-almohada-215x300.webp 215w\" sizes=\"(max-width: 645px) 100vw, 645px\" \/>\t\t\t\t\t\t\t\t\t\t\t\t\t\t\t<\/div>\n\t\t\t\t<\/div>\n\t\t\t\t<\/div>\n\t\t<div class=\"elementor-element elementor-element-34430c4 e-con-full e-flex e-con e-child\" data-id=\"34430c4\" data-element_type=\"container\" data-e-type=\"container\">\n\t\t\t\t<div class=\"elementor-element elementor-element-216742a elementor-invisible elementor-widget elementor-widget-heading\" data-id=\"216742a\" data-element_type=\"widget\" data-e-type=\"widget\" data-settings=\"{&quot;_animation&quot;:&quot;fadeIn&quot;}\" data-widget_type=\"heading.default\">\n\t\t\t\t<div class=\"elementor-widget-container\">\n\t\t\t\t\t<h2 class=\"elementor-heading-title elementor-size-default\">CUIDADOS COM A PELE ENQUANTO DORMES<\/h2>\t\t\t\t<\/div>\n\t\t\t\t<\/div>\n\t\t\t\t<div class=\"elementor-element elementor-element-f649d3c elementor-widget elementor-widget-text-editor\" data-id=\"f649d3c\" data-element_type=\"widget\" data-e-type=\"widget\" data-widget_type=\"text-editor.default\">\n\t\t\t\t<div class=\"elementor-widget-container\">\n\t\t\t\t\t\t\t\t\t<p>Descansa o que mereces com Calm &amp; Sleep Spray, um spray de almofada que combina melatonina, lavanda e calofilo. Ideal para toda a fam\u00edlia, a sua f\u00f3rmula vai ajudar-te a <strong>adormecer naturalmente<\/strong>, promovendo a noite de sono tranquila de que tanto precisas. Perfeito para quem sofre de <strong>ins\u00f3nias<\/strong> ou <strong>dificuldades em dormir<\/strong>.  <\/p>\t\t\t\t\t\t\t\t<\/div>\n\t\t\t\t<\/div>\n\t\t\t\t<\/div>\n\t\t\t\t\t<\/div>\n\t\t\t\t<\/div>\n\t\t<div class=\"elementor-element elementor-element-808dd3e e-flex e-con-boxed e-con e-parent\" data-id=\"808dd3e\" data-element_type=\"container\" data-e-type=\"container\" data-settings=\"{&quot;background_background&quot;:&quot;classic&quot;}\">\n\t\t\t\t\t<div class=\"e-con-inner\">\n\t\t<div class=\"elementor-element elementor-element-666a4b7 e-con-full e-flex e-con e-child\" data-id=\"666a4b7\" data-element_type=\"container\" data-e-type=\"container\">\n\t\t\t\t<div class=\"elementor-element elementor-element-b4f7f8a elementor-invisible elementor-widget elementor-widget-heading\" data-id=\"b4f7f8a\" data-element_type=\"widget\" data-e-type=\"widget\" data-settings=\"{&quot;_animation&quot;:&quot;fadeIn&quot;}\" data-widget_type=\"heading.default\">\n\t\t\t\t<div class=\"elementor-widget-container\">\n\t\t\t\t\t<h2 class=\"elementor-heading-title elementor-size-default\">COMO USAR E APLICAR\n<\/h2>\t\t\t\t<\/div>\n\t\t\t\t<\/div>\n\t\t\t\t<div class=\"elementor-element elementor-element-b191eec elementor-widget elementor-widget-text-editor\" data-id=\"b191eec\" data-element_type=\"widget\" data-e-type=\"widget\" data-widget_type=\"text-editor.default\">\n\t\t\t\t<div class=\"elementor-widget-container\">\n\t\t\t\t\t\t\t\t\t<p>A aplica\u00e7\u00e3o de Calm &amp; Sleep Spray \u00e9 muito simples. Pulveriza 2 a 4 vezes na tua almofada antes de ires dormir. Deixa que os seus ingredientes naturais te envolvam, relaxando a tua mente e o teu corpo para uma noite de <strong>sono profundo e repousante<\/strong>. Ideal para toda a fam\u00edlia, <strong>mesmo para os mais pequenos<\/strong>.   <\/p>\t\t\t\t\t\t\t\t<\/div>\n\t\t\t\t<\/div>\n\t\t\t\t<\/div>\n\t\t<div class=\"elementor-element elementor-element-afe5715 e-con-full e-flex e-con e-child\" data-id=\"afe5715\" data-element_type=\"container\" data-e-type=\"container\">\n\t\t\t\t<div class=\"elementor-element elementor-element-f2838fd elementor-widget elementor-widget-image\" data-id=\"f2838fd\" data-element_type=\"widget\" data-e-type=\"widget\" data-widget_type=\"image.default\">\n\t\t\t\t<div class=\"elementor-widget-container\">\n\t\t\t\t\t\t\t\t\t\t\t\t\t\t\t<img decoding=\"async\" width=\"645\" height=\"900\" src=\"https:\/\/banbancosmetics.com\/wp-content\/uploads\/2024\/10\/usar-spray-dormir.webp\" class=\"attachment-large size-large wp-image-8269\" alt=\"usa spray de almofada\" srcset=\"https:\/\/banbancosmetics.com\/wp-content\/uploads\/2024\/10\/usar-spray-dormir.webp 645w, https:\/\/banbancosmetics.com\/wp-content\/uploads\/2024\/10\/usar-spray-dormir-600x837.webp 600w, https:\/\/banbancosmetics.com\/wp-content\/uploads\/2024\/10\/usar-spray-dormir-64x89.webp 64w, https:\/\/banbancosmetics.com\/wp-content\/uploads\/2024\/10\/usar-spray-dormir-215x300.webp 215w\" sizes=\"(max-width: 645px) 100vw, 645px\" \/>\t\t\t\t\t\t\t\t\t\t\t\t\t\t\t<\/div>\n\t\t\t\t<\/div>\n\t\t\t\t<\/div>\n\t\t\t\t\t<\/div>\n\t\t\t\t<\/div>\n\t\t\t\t<\/div>\n\t\t","protected":false},"excerpt":{"rendered":"<p>Calm &amp; Sleep Spray \u00e9 um spray de almofada com <strong>melatonina<\/strong>, <strong>lavanda<\/strong> e <strong>calofilo<\/strong>, concebido para te ajudar a adormecer e a descansar profundamente. Al\u00e9m de favorecer o sono, hidrata e cuida da tua pele enquanto dormes gra\u00e7as \u00e0 sua f\u00f3rmula com<strong> \u00e1cido hialur\u00f3nico, vitamina C e alo\u00e9 vera<\/strong>. Adequado para toda a fam\u00edlia e certificado como produto natural e vegan pela ACENE.  <\/p>\n","protected":false},"featured_media":8276,"comment_status":"open","ping_status":"closed","template":"","meta":{"_acf_changed":false,"inline_featured_image":false,"site-sidebar-layout":"no-sidebar","site-content-layout":"","ast-site-content-layout":"full-width-container","site-content-style":"default","site-sidebar-style":"default","ast-global-header-display":"","ast-banner-title-visibility":"","ast-main-header-display":"","ast-hfb-above-header-display":"","ast-hfb-below-header-display":"","ast-hfb-mobile-header-display":"","site-post-title":"disabled","ast-breadcrumbs-content":"","ast-featured-img":"disabled","footer-sml-layout":"","ast-disable-related-posts":"","theme-transparent-header-meta":"default","adv-header-id-meta":"","stick-header-meta":"","header-above-stick-meta":"","header-main-stick-meta":"","header-below-stick-meta":"","astra-migrate-meta-layouts":"default","ast-page-background-enabled":"default","ast-page-background-meta":{"desktop":{"background-color":"var(--ast-global-color-4)","background-image":"","background-repeat":"repeat","background-position":"center center","background-size":"auto","background-attachment":"scroll","background-type":"","background-media":"","overlay-type":"","overlay-color":"","overlay-opacity":"","overlay-gradient":""},"tablet":{"background-color":"","background-image":"","background-repeat":"repeat","background-position":"center center","background-size":"auto","background-attachment":"scroll","background-type":"","background-media":"","overlay-type":"","overlay-color":"","overlay-opacity":"","overlay-gradient":""},"mobile":{"background-color":"","background-image":"","background-repeat":"repeat","background-position":"center center","background-size":"auto","background-attachment":"scroll","background-type":"","background-media":"","overlay-type":"","overlay-color":"","overlay-opacity":"","overlay-gradient":""}},"ast-content-background-meta":{"desktop":{"background-color":"var(--ast-global-color-5)","background-image":"","background-repeat":"repeat","background-position":"center center","background-size":"auto","background-attachment":"scroll","background-type":"","background-media":"","overlay-type":"","overlay-color":"","overlay-opacity":"","overlay-gradient":""},"tablet":{"background-color":"var(--ast-global-color-5)","background-image":"","background-repeat":"repeat","background-position":"center center","background-size":"auto","background-attachment":"scroll","background-type":"","background-media":"","overlay-type":"","overlay-color":"","overlay-opacity":"","overlay-gradient":""},"mobile":{"background-color":"var(--ast-global-color-5)","background-image":"","background-repeat":"repeat","background-position":"center center","background-size":"auto","background-attachment":"scroll","background-type":"","background-media":"","overlay-type":"","overlay-color":"","overlay-opacity":"","overlay-gradient":""}}},"product_brand":[],"product_cat":[377],"product_tag":[379],"class_list":{"0":"post-8249","1":"product","2":"type-product","3":"status-publish","4":"has-post-thumbnail","6":"product_cat-descansa","7":"product_tag-a-partir-dos-3-anos-e-adultos","8":"desktop-align-left","9":"tablet-align-left","10":"mobile-align-left","11":"ast-product-gallery-layout-first-image-large","12":"ast-magnify-disabled","13":"ast-product-tabs-layout-horizontal","15":"first","16":"instock","17":"taxable","18":"shipping-taxable","19":"purchasable","20":"product-type-simple"},"acf":[],"yoast_head":"<!-- This site is optimized with the Yoast SEO plugin v27.4 - https:\/\/yoast.com\/product\/yoast-seo-wordpress\/ -->\n<title>CALM &amp; SLEEP SPRAY 150ML - BanBan Cosmetics<\/title>\n<meta name=\"robots\" content=\"index, follow, max-snippet:-1, max-image-preview:large, max-video-preview:-1\" \/>\n<link rel=\"canonical\" href=\"https:\/\/banbancosmetics.com\/pt-pt\/producto\/spray-calm-sleep\/\" \/>\n<meta property=\"og:locale\" content=\"pt_PT\" \/>\n<meta property=\"og:type\" content=\"article\" \/>\n<meta property=\"og:title\" content=\"CALM &amp; SLEEP SPRAY 150ML - BanBan Cosmetics\" \/>\n<meta property=\"og:description\" content=\"Calm &amp; Sleep Spray \u00e9 um spray de almofada com melatonina, lavanda e calofilo, concebido para te ajudar a adormecer e a descansar profundamente. Al\u00e9m de favorecer o sono, hidrata e cuida da tua pele enquanto dormes gra\u00e7as \u00e0 sua f\u00f3rmula com \u00e1cido hialur\u00f3nico, vitamina C e alo\u00e9 vera. Adequado para toda a fam\u00edlia e certificado como produto natural e vegan pela ACENE.\" \/>\n<meta property=\"og:url\" content=\"https:\/\/banbancosmetics.com\/pt-pt\/producto\/spray-calm-sleep\/\" \/>\n<meta property=\"og:site_name\" content=\"BanBan Cosmetics\" \/>\n<meta property=\"article:modified_time\" content=\"2026-04-24T18:14:00+00:00\" \/>\n<meta property=\"og:image\" content=\"https:\/\/banbancosmetics.com\/wp-content\/uploads\/2024\/10\/bruma_gris.webp\" \/>\n\t<meta property=\"og:image:width\" content=\"1000\" \/>\n\t<meta property=\"og:image:height\" content=\"1000\" \/>\n\t<meta property=\"og:image:type\" content=\"image\/webp\" \/>\n<meta name=\"twitter:card\" content=\"summary_large_image\" \/>\n<meta name=\"twitter:label1\" content=\"Tempo estimado de leitura\" \/>\n\t<meta name=\"twitter:data1\" content=\"1 minuto\" \/>\n<script type=\"application\/ld+json\" class=\"yoast-schema-graph\">{\"@context\":\"https:\\\/\\\/schema.org\",\"@graph\":[{\"@type\":\"WebPage\",\"@id\":\"https:\\\/\\\/banbancosmetics.com\\\/pt-pt\\\/producto\\\/spray-calm-sleep\\\/\",\"url\":\"https:\\\/\\\/banbancosmetics.com\\\/pt-pt\\\/producto\\\/spray-calm-sleep\\\/\",\"name\":\"CALM &amp; SLEEP SPRAY 150ML - BanBan Cosmetics\",\"isPartOf\":{\"@id\":\"https:\\\/\\\/banbancosmetics.com\\\/pt-pt\\\/#website\"},\"primaryImageOfPage\":{\"@id\":\"https:\\\/\\\/banbancosmetics.com\\\/pt-pt\\\/producto\\\/spray-calm-sleep\\\/#primaryimage\"},\"image\":{\"@id\":\"https:\\\/\\\/banbancosmetics.com\\\/pt-pt\\\/producto\\\/spray-calm-sleep\\\/#primaryimage\"},\"thumbnailUrl\":\"https:\\\/\\\/banbancosmetics.com\\\/wp-content\\\/uploads\\\/2024\\\/10\\\/bruma_gris.webp\",\"datePublished\":\"2024-10-14T06:08:42+00:00\",\"dateModified\":\"2026-04-24T18:14:00+00:00\",\"breadcrumb\":{\"@id\":\"https:\\\/\\\/banbancosmetics.com\\\/pt-pt\\\/producto\\\/spray-calm-sleep\\\/#breadcrumb\"},\"inLanguage\":\"pt-PT\",\"potentialAction\":[{\"@type\":\"ReadAction\",\"target\":[\"https:\\\/\\\/banbancosmetics.com\\\/pt-pt\\\/producto\\\/spray-calm-sleep\\\/\"]}]},{\"@type\":\"ImageObject\",\"inLanguage\":\"pt-PT\",\"@id\":\"https:\\\/\\\/banbancosmetics.com\\\/pt-pt\\\/producto\\\/spray-calm-sleep\\\/#primaryimage\",\"url\":\"https:\\\/\\\/banbancosmetics.com\\\/wp-content\\\/uploads\\\/2024\\\/10\\\/bruma_gris.webp\",\"contentUrl\":\"https:\\\/\\\/banbancosmetics.com\\\/wp-content\\\/uploads\\\/2024\\\/10\\\/bruma_gris.webp\",\"width\":1000,\"height\":1000,\"caption\":\"N\u00e9voa\"},{\"@type\":\"BreadcrumbList\",\"@id\":\"https:\\\/\\\/banbancosmetics.com\\\/pt-pt\\\/producto\\\/spray-calm-sleep\\\/#breadcrumb\",\"itemListElement\":[{\"@type\":\"ListItem\",\"position\":1,\"name\":\"Portada\",\"item\":\"https:\\\/\\\/banbancosmetics.com\\\/pt-pt\\\/inicio\\\/\"},{\"@type\":\"ListItem\",\"position\":2,\"name\":\"Loja\",\"item\":\"https:\\\/\\\/banbancosmetics.com\\\/pt-pt\\\/loja\\\/\"},{\"@type\":\"ListItem\",\"position\":3,\"name\":\"CALM &amp; SLEEP SPRAY 150ML\"}]},{\"@type\":\"WebSite\",\"@id\":\"https:\\\/\\\/banbancosmetics.com\\\/pt-pt\\\/#website\",\"url\":\"https:\\\/\\\/banbancosmetics.com\\\/pt-pt\\\/\",\"name\":\"BanBan Cosmetics\",\"description\":\"\",\"publisher\":{\"@id\":\"https:\\\/\\\/banbancosmetics.com\\\/pt-pt\\\/#organization\"},\"potentialAction\":[{\"@type\":\"SearchAction\",\"target\":{\"@type\":\"EntryPoint\",\"urlTemplate\":\"https:\\\/\\\/banbancosmetics.com\\\/pt-pt\\\/?s={search_term_string}\"},\"query-input\":{\"@type\":\"PropertyValueSpecification\",\"valueRequired\":true,\"valueName\":\"search_term_string\"}}],\"inLanguage\":\"pt-PT\"},{\"@type\":\"Organization\",\"@id\":\"https:\\\/\\\/banbancosmetics.com\\\/pt-pt\\\/#organization\",\"name\":\"BanBan Cosmetics\",\"url\":\"https:\\\/\\\/banbancosmetics.com\\\/pt-pt\\\/\",\"logo\":{\"@type\":\"ImageObject\",\"inLanguage\":\"pt-PT\",\"@id\":\"https:\\\/\\\/banbancosmetics.com\\\/pt-pt\\\/#\\\/schema\\\/logo\\\/image\\\/\",\"url\":\"https:\\\/\\\/banbancosmetics.com\\\/wp-content\\\/uploads\\\/2023\\\/11\\\/logo-b_1.svg\",\"contentUrl\":\"https:\\\/\\\/banbancosmetics.com\\\/wp-content\\\/uploads\\\/2023\\\/11\\\/logo-b_1.svg\",\"width\":500,\"height\":500,\"caption\":\"BanBan Cosmetics\"},\"image\":{\"@id\":\"https:\\\/\\\/banbancosmetics.com\\\/pt-pt\\\/#\\\/schema\\\/logo\\\/image\\\/\"}}]}<\/script>\n<!-- \/ Yoast SEO plugin. -->","yoast_head_json":{"title":"CALM &amp; SLEEP SPRAY 150ML - BanBan Cosmetics","robots":{"index":"index","follow":"follow","max-snippet":"max-snippet:-1","max-image-preview":"max-image-preview:large","max-video-preview":"max-video-preview:-1"},"canonical":"https:\/\/banbancosmetics.com\/pt-pt\/producto\/spray-calm-sleep\/","og_locale":"pt_PT","og_type":"article","og_title":"CALM &amp; SLEEP SPRAY 150ML - BanBan Cosmetics","og_description":"Calm &amp; Sleep Spray \u00e9 um spray de almofada com melatonina, lavanda e calofilo, concebido para te ajudar a adormecer e a descansar profundamente. Al\u00e9m de favorecer o sono, hidrata e cuida da tua pele enquanto dormes gra\u00e7as \u00e0 sua f\u00f3rmula com \u00e1cido hialur\u00f3nico, vitamina C e alo\u00e9 vera. Adequado para toda a fam\u00edlia e certificado como produto natural e vegan pela ACENE.","og_url":"https:\/\/banbancosmetics.com\/pt-pt\/producto\/spray-calm-sleep\/","og_site_name":"BanBan Cosmetics","article_modified_time":"2026-04-24T18:14:00+00:00","og_image":[{"width":1000,"height":1000,"url":"https:\/\/banbancosmetics.com\/wp-content\/uploads\/2024\/10\/bruma_gris.webp","type":"image\/webp"}],"twitter_card":"summary_large_image","twitter_misc":{"Tempo estimado de leitura":"1 minuto"},"schema":{"@context":"https:\/\/schema.org","@graph":[{"@type":"WebPage","@id":"https:\/\/banbancosmetics.com\/pt-pt\/producto\/spray-calm-sleep\/","url":"https:\/\/banbancosmetics.com\/pt-pt\/producto\/spray-calm-sleep\/","name":"CALM &amp; SLEEP SPRAY 150ML - BanBan Cosmetics","isPartOf":{"@id":"https:\/\/banbancosmetics.com\/pt-pt\/#website"},"primaryImageOfPage":{"@id":"https:\/\/banbancosmetics.com\/pt-pt\/producto\/spray-calm-sleep\/#primaryimage"},"image":{"@id":"https:\/\/banbancosmetics.com\/pt-pt\/producto\/spray-calm-sleep\/#primaryimage"},"thumbnailUrl":"https:\/\/banbancosmetics.com\/wp-content\/uploads\/2024\/10\/bruma_gris.webp","datePublished":"2024-10-14T06:08:42+00:00","dateModified":"2026-04-24T18:14:00+00:00","breadcrumb":{"@id":"https:\/\/banbancosmetics.com\/pt-pt\/producto\/spray-calm-sleep\/#breadcrumb"},"inLanguage":"pt-PT","potentialAction":[{"@type":"ReadAction","target":["https:\/\/banbancosmetics.com\/pt-pt\/producto\/spray-calm-sleep\/"]}]},{"@type":"ImageObject","inLanguage":"pt-PT","@id":"https:\/\/banbancosmetics.com\/pt-pt\/producto\/spray-calm-sleep\/#primaryimage","url":"https:\/\/banbancosmetics.com\/wp-content\/uploads\/2024\/10\/bruma_gris.webp","contentUrl":"https:\/\/banbancosmetics.com\/wp-content\/uploads\/2024\/10\/bruma_gris.webp","width":1000,"height":1000,"caption":"N\u00e9voa"},{"@type":"BreadcrumbList","@id":"https:\/\/banbancosmetics.com\/pt-pt\/producto\/spray-calm-sleep\/#breadcrumb","itemListElement":[{"@type":"ListItem","position":1,"name":"Portada","item":"https:\/\/banbancosmetics.com\/pt-pt\/inicio\/"},{"@type":"ListItem","position":2,"name":"Loja","item":"https:\/\/banbancosmetics.com\/pt-pt\/loja\/"},{"@type":"ListItem","position":3,"name":"CALM &amp; SLEEP SPRAY 150ML"}]},{"@type":"WebSite","@id":"https:\/\/banbancosmetics.com\/pt-pt\/#website","url":"https:\/\/banbancosmetics.com\/pt-pt\/","name":"BanBan Cosmetics","description":"","publisher":{"@id":"https:\/\/banbancosmetics.com\/pt-pt\/#organization"},"potentialAction":[{"@type":"SearchAction","target":{"@type":"EntryPoint","urlTemplate":"https:\/\/banbancosmetics.com\/pt-pt\/?s={search_term_string}"},"query-input":{"@type":"PropertyValueSpecification","valueRequired":true,"valueName":"search_term_string"}}],"inLanguage":"pt-PT"},{"@type":"Organization","@id":"https:\/\/banbancosmetics.com\/pt-pt\/#organization","name":"BanBan Cosmetics","url":"https:\/\/banbancosmetics.com\/pt-pt\/","logo":{"@type":"ImageObject","inLanguage":"pt-PT","@id":"https:\/\/banbancosmetics.com\/pt-pt\/#\/schema\/logo\/image\/","url":"https:\/\/banbancosmetics.com\/wp-content\/uploads\/2023\/11\/logo-b_1.svg","contentUrl":"https:\/\/banbancosmetics.com\/wp-content\/uploads\/2023\/11\/logo-b_1.svg","width":500,"height":500,"caption":"BanBan Cosmetics"},"image":{"@id":"https:\/\/banbancosmetics.com\/pt-pt\/#\/schema\/logo\/image\/"}}]}},"_links":{"self":[{"href":"https:\/\/banbancosmetics.com\/pt-pt\/wp-json\/wp\/v2\/product\/8249","targetHints":{"allow":["GET"]}}],"collection":[{"href":"https:\/\/banbancosmetics.com\/pt-pt\/wp-json\/wp\/v2\/product"}],"about":[{"href":"https:\/\/banbancosmetics.com\/pt-pt\/wp-json\/wp\/v2\/types\/product"}],"replies":[{"embeddable":true,"href":"https:\/\/banbancosmetics.com\/pt-pt\/wp-json\/wp\/v2\/comments?post=8249"}],"version-history":[{"count":2,"href":"https:\/\/banbancosmetics.com\/pt-pt\/wp-json\/wp\/v2\/product\/8249\/revisions"}],"predecessor-version":[{"id":10408,"href":"https:\/\/banbancosmetics.com\/pt-pt\/wp-json\/wp\/v2\/product\/8249\/revisions\/10408"}],"wp:featuredmedia":[{"embeddable":true,"href":"https:\/\/banbancosmetics.com\/pt-pt\/wp-json\/wp\/v2\/media\/8276"}],"wp:attachment":[{"href":"https:\/\/banbancosmetics.com\/pt-pt\/wp-json\/wp\/v2\/media?parent=8249"}],"wp:term":[{"taxonomy":"product_brand","embeddable":true,"href":"https:\/\/banbancosmetics.com\/pt-pt\/wp-json\/wp\/v2\/product_brand?post=8249"},{"taxonomy":"product_cat","embeddable":true,"href":"https:\/\/banbancosmetics.com\/pt-pt\/wp-json\/wp\/v2\/product_cat?post=8249"},{"taxonomy":"product_tag","embeddable":true,"href":"https:\/\/banbancosmetics.com\/pt-pt\/wp-json\/wp\/v2\/product_tag?post=8249"}],"curies":[{"name":"wp","href":"https:\/\/api.w.org\/{rel}","templated":true}]}}