{"id":10605,"date":"2026-04-15T14:51:42","date_gmt":"2026-04-15T12:51:42","guid":{"rendered":"https:\/\/banbancosmetics.com\/producto\/banban-agua-micelar-7-em-1-250ml\/"},"modified":"2026-04-15T21:14:20","modified_gmt":"2026-04-15T19:14:20","slug":"banban-agua-micelar-7-em-1-250ml","status":"publish","type":"product","link":"https:\/\/banbancosmetics.com\/pt-pt\/producto\/banban-agua-micelar-7-em-1-250ml\/","title":{"rendered":"BANBAN \u00c1GUA MICELAR 7 EM 1 250ML"},"content":{"rendered":"","protected":false},"excerpt":{"rendered":"<p>Descobre a<strong> \u00c1gua Micelar <\/strong>Banban! <strong>A\u00e7\u00e3o 7 em 1<\/strong>:<strong> limpa, desmaquilha, hidrata, ilumina, protege, regenera e tonifica<\/strong>. Cosm\u00e9ticos de \u00faltima gera\u00e7\u00e3o, com<strong> ingredientes 99% naturais<\/strong> e <strong>ORG\u00c2NICOS<\/strong> que limpam e desmaquilham eficazmente, cuidando e protegendo a pele. Elimina as impurezas e os vest\u00edgios de maquilhagem sem secar nem alterar a barreira cut\u00e2nea, deixando uma <strong>sensa\u00e7\u00e3o imediata de frescura, suavidade e conforto<\/strong>. A sua combina\u00e7\u00e3o de ingredientes activos como os<strong> exossomas<\/strong> favorece a regenera\u00e7\u00e3o natural da pele; <strong>o \u00e1cido hialur\u00f3nico<\/strong> e <strong>o colag\u00e9nio<\/strong> ajudam a manter a hidrata\u00e7\u00e3o e a elasticidade; <strong>o bakuchiol<\/strong>,<strong> a vitamina C<\/strong> e <strong>a niacinamida<\/strong> melhoram a luminosidade e uniformizam o tom da pele; enquanto<strong> a hamam\u00e9lis<\/strong> e o <strong>complexo de algas<\/strong> proporcionam um efeito calmante e antioxidante contra as agress\u00f5es externas.   <\/p>\n","protected":false},"featured_media":10601,"comment_status":"open","ping_status":"closed","template":"","meta":{"_acf_changed":false,"inline_featured_image":false,"site-sidebar-layout":"default","site-content-layout":"","ast-site-content-layout":"default","site-content-style":"default","site-sidebar-style":"default","ast-global-header-display":"","ast-banner-title-visibility":"","ast-main-header-display":"","ast-hfb-above-header-display":"","ast-hfb-below-header-display":"","ast-hfb-mobile-header-display":"","site-post-title":"","ast-breadcrumbs-content":"","ast-featured-img":"","footer-sml-layout":"","ast-disable-related-posts":"","theme-transparent-header-meta":"default","adv-header-id-meta":"","stick-header-meta":"","header-above-stick-meta":"","header-main-stick-meta":"","header-below-stick-meta":"","astra-migrate-meta-layouts":"default","ast-page-background-enabled":"default","ast-page-background-meta":{"desktop":{"background-color":"var(--ast-global-color-4)","background-image":"","background-repeat":"repeat","background-position":"center center","background-size":"auto","background-attachment":"scroll","background-type":"","background-media":"","overlay-type":"","overlay-color":"","overlay-opacity":"","overlay-gradient":""},"tablet":{"background-color":"","background-image":"","background-repeat":"repeat","background-position":"center center","background-size":"auto","background-attachment":"scroll","background-type":"","background-media":"","overlay-type":"","overlay-color":"","overlay-opacity":"","overlay-gradient":""},"mobile":{"background-color":"","background-image":"","background-repeat":"repeat","background-position":"center center","background-size":"auto","background-attachment":"scroll","background-type":"","background-media":"","overlay-type":"","overlay-color":"","overlay-opacity":"","overlay-gradient":""}},"ast-content-background-meta":{"desktop":{"background-color":"var(--ast-global-color-5)","background-image":"","background-repeat":"repeat","background-position":"center center","background-size":"auto","background-attachment":"scroll","background-type":"","background-media":"","overlay-type":"","overlay-color":"","overlay-opacity":"","overlay-gradient":""},"tablet":{"background-color":"var(--ast-global-color-5)","background-image":"","background-repeat":"repeat","background-position":"center center","background-size":"auto","background-attachment":"scroll","background-type":"","background-media":"","overlay-type":"","overlay-color":"","overlay-opacity":"","overlay-gradient":""},"mobile":{"background-color":"var(--ast-global-color-5)","background-image":"","background-repeat":"repeat","background-position":"center center","background-size":"auto","background-attachment":"scroll","background-type":"","background-media":"","overlay-type":"","overlay-color":"","overlay-opacity":"","overlay-gradient":""}}},"product_brand":[],"product_cat":[448,380],"product_tag":[],"class_list":{"0":"post-10605","1":"product","2":"type-product","3":"status-publish","4":"has-post-thumbnail","6":"product_cat-facial","7":"product_cat-limpeza-e-higiene-facial","8":"desktop-align-left","9":"tablet-align-left","10":"mobile-align-left","11":"ast-product-gallery-layout-first-image-large","12":"ast-product-gallery-with-no-image","13":"ast-magnify-disabled","14":"ast-product-tabs-layout-horizontal","16":"first","17":"instock","18":"taxable","19":"shipping-taxable","20":"purchasable","21":"product-type-simple"},"acf":[],"yoast_head":"<!-- This site is optimized with the Yoast SEO plugin v27.4 - https:\/\/yoast.com\/product\/yoast-seo-wordpress\/ -->\n<title>BANBAN \u00c1GUA MICELAR 7 EM 1 250ML - BanBan Cosmetics<\/title>\n<meta name=\"robots\" content=\"index, follow, max-snippet:-1, max-image-preview:large, max-video-preview:-1\" \/>\n<link rel=\"canonical\" href=\"https:\/\/banbancosmetics.com\/pt-pt\/producto\/banban-agua-micelar-7-em-1-250ml\/\" \/>\n<meta property=\"og:locale\" content=\"pt_PT\" \/>\n<meta property=\"og:type\" content=\"article\" \/>\n<meta property=\"og:title\" content=\"BANBAN \u00c1GUA MICELAR 7 EM 1 250ML - BanBan Cosmetics\" \/>\n<meta property=\"og:description\" content=\"Descobre a \u00c1gua Micelar Banban! A\u00e7\u00e3o 7 em 1: limpa, desmaquilha, hidrata, ilumina, protege, regenera e tonifica. Cosm\u00e9ticos de \u00faltima gera\u00e7\u00e3o, com ingredientes 99% naturais e ORG\u00c2NICOS que limpam e desmaquilham eficazmente, cuidando e protegendo a pele. Elimina as impurezas e os vest\u00edgios de maquilhagem sem secar nem alterar a barreira cut\u00e2nea, deixando uma sensa\u00e7\u00e3o imediata de frescura, suavidade e conforto. A sua combina\u00e7\u00e3o de ingredientes activos como os exossomas favorece a regenera\u00e7\u00e3o natural da pele; o \u00e1cido hialur\u00f3nico e o colag\u00e9nio ajudam a manter a hidrata\u00e7\u00e3o e a elasticidade; o bakuchiol, a vitamina C e a niacinamida melhoram a luminosidade e uniformizam o tom da pele; enquanto a hamam\u00e9lis e o complexo de algas proporcionam um efeito calmante e antioxidante contra as agress\u00f5es externas.\" \/>\n<meta property=\"og:url\" content=\"https:\/\/banbancosmetics.com\/pt-pt\/producto\/banban-agua-micelar-7-em-1-250ml\/\" \/>\n<meta property=\"og:site_name\" content=\"BanBan Cosmetics\" \/>\n<meta property=\"article:modified_time\" content=\"2026-04-15T19:14:20+00:00\" \/>\n<meta property=\"og:image\" content=\"https:\/\/banbancosmetics.com\/wp-content\/uploads\/2026\/04\/champu_agua_provisional.jpg\" \/>\n\t<meta property=\"og:image:width\" content=\"2344\" \/>\n\t<meta property=\"og:image:height\" content=\"2344\" \/>\n\t<meta property=\"og:image:type\" content=\"image\/jpeg\" \/>\n<meta name=\"twitter:card\" content=\"summary_large_image\" \/>\n<script type=\"application\/ld+json\" class=\"yoast-schema-graph\">{\"@context\":\"https:\\\/\\\/schema.org\",\"@graph\":[{\"@type\":\"WebPage\",\"@id\":\"https:\\\/\\\/banbancosmetics.com\\\/pt-pt\\\/producto\\\/banban-agua-micelar-7-em-1-250ml\\\/\",\"url\":\"https:\\\/\\\/banbancosmetics.com\\\/pt-pt\\\/producto\\\/banban-agua-micelar-7-em-1-250ml\\\/\",\"name\":\"BANBAN \u00c1GUA MICELAR 7 EM 1 250ML - BanBan Cosmetics\",\"isPartOf\":{\"@id\":\"https:\\\/\\\/banbancosmetics.com\\\/pt-pt\\\/#website\"},\"primaryImageOfPage\":{\"@id\":\"https:\\\/\\\/banbancosmetics.com\\\/pt-pt\\\/producto\\\/banban-agua-micelar-7-em-1-250ml\\\/#primaryimage\"},\"image\":{\"@id\":\"https:\\\/\\\/banbancosmetics.com\\\/pt-pt\\\/producto\\\/banban-agua-micelar-7-em-1-250ml\\\/#primaryimage\"},\"thumbnailUrl\":\"https:\\\/\\\/banbancosmetics.com\\\/wp-content\\\/uploads\\\/2026\\\/04\\\/champu_agua_provisional.jpg\",\"datePublished\":\"2026-04-15T12:51:42+00:00\",\"dateModified\":\"2026-04-15T19:14:20+00:00\",\"breadcrumb\":{\"@id\":\"https:\\\/\\\/banbancosmetics.com\\\/pt-pt\\\/producto\\\/banban-agua-micelar-7-em-1-250ml\\\/#breadcrumb\"},\"inLanguage\":\"pt-PT\",\"potentialAction\":[{\"@type\":\"ReadAction\",\"target\":[\"https:\\\/\\\/banbancosmetics.com\\\/pt-pt\\\/producto\\\/banban-agua-micelar-7-em-1-250ml\\\/\"]}]},{\"@type\":\"ImageObject\",\"inLanguage\":\"pt-PT\",\"@id\":\"https:\\\/\\\/banbancosmetics.com\\\/pt-pt\\\/producto\\\/banban-agua-micelar-7-em-1-250ml\\\/#primaryimage\",\"url\":\"https:\\\/\\\/banbancosmetics.com\\\/wp-content\\\/uploads\\\/2026\\\/04\\\/champu_agua_provisional.jpg\",\"contentUrl\":\"https:\\\/\\\/banbancosmetics.com\\\/wp-content\\\/uploads\\\/2026\\\/04\\\/champu_agua_provisional.jpg\",\"width\":2344,\"height\":2344},{\"@type\":\"BreadcrumbList\",\"@id\":\"https:\\\/\\\/banbancosmetics.com\\\/pt-pt\\\/producto\\\/banban-agua-micelar-7-em-1-250ml\\\/#breadcrumb\",\"itemListElement\":[{\"@type\":\"ListItem\",\"position\":1,\"name\":\"Portada\",\"item\":\"https:\\\/\\\/banbancosmetics.com\\\/pt-pt\\\/inicio\\\/\"},{\"@type\":\"ListItem\",\"position\":2,\"name\":\"Loja\",\"item\":\"https:\\\/\\\/banbancosmetics.com\\\/pt-pt\\\/loja\\\/\"},{\"@type\":\"ListItem\",\"position\":3,\"name\":\"BANBAN \u00c1GUA MICELAR 7 EM 1 250ML\"}]},{\"@type\":\"WebSite\",\"@id\":\"https:\\\/\\\/banbancosmetics.com\\\/pt-pt\\\/#website\",\"url\":\"https:\\\/\\\/banbancosmetics.com\\\/pt-pt\\\/\",\"name\":\"BanBan Cosmetics\",\"description\":\"\",\"publisher\":{\"@id\":\"https:\\\/\\\/banbancosmetics.com\\\/pt-pt\\\/#organization\"},\"potentialAction\":[{\"@type\":\"SearchAction\",\"target\":{\"@type\":\"EntryPoint\",\"urlTemplate\":\"https:\\\/\\\/banbancosmetics.com\\\/pt-pt\\\/?s={search_term_string}\"},\"query-input\":{\"@type\":\"PropertyValueSpecification\",\"valueRequired\":true,\"valueName\":\"search_term_string\"}}],\"inLanguage\":\"pt-PT\"},{\"@type\":\"Organization\",\"@id\":\"https:\\\/\\\/banbancosmetics.com\\\/pt-pt\\\/#organization\",\"name\":\"BanBan Cosmetics\",\"url\":\"https:\\\/\\\/banbancosmetics.com\\\/pt-pt\\\/\",\"logo\":{\"@type\":\"ImageObject\",\"inLanguage\":\"pt-PT\",\"@id\":\"https:\\\/\\\/banbancosmetics.com\\\/pt-pt\\\/#\\\/schema\\\/logo\\\/image\\\/\",\"url\":\"https:\\\/\\\/banbancosmetics.com\\\/wp-content\\\/uploads\\\/2023\\\/11\\\/logo-b_1.svg\",\"contentUrl\":\"https:\\\/\\\/banbancosmetics.com\\\/wp-content\\\/uploads\\\/2023\\\/11\\\/logo-b_1.svg\",\"width\":500,\"height\":500,\"caption\":\"BanBan Cosmetics\"},\"image\":{\"@id\":\"https:\\\/\\\/banbancosmetics.com\\\/pt-pt\\\/#\\\/schema\\\/logo\\\/image\\\/\"}}]}<\/script>\n<!-- \/ Yoast SEO plugin. -->","yoast_head_json":{"title":"BANBAN \u00c1GUA MICELAR 7 EM 1 250ML - BanBan Cosmetics","robots":{"index":"index","follow":"follow","max-snippet":"max-snippet:-1","max-image-preview":"max-image-preview:large","max-video-preview":"max-video-preview:-1"},"canonical":"https:\/\/banbancosmetics.com\/pt-pt\/producto\/banban-agua-micelar-7-em-1-250ml\/","og_locale":"pt_PT","og_type":"article","og_title":"BANBAN \u00c1GUA MICELAR 7 EM 1 250ML - BanBan Cosmetics","og_description":"Descobre a \u00c1gua Micelar Banban! A\u00e7\u00e3o 7 em 1: limpa, desmaquilha, hidrata, ilumina, protege, regenera e tonifica. Cosm\u00e9ticos de \u00faltima gera\u00e7\u00e3o, com ingredientes 99% naturais e ORG\u00c2NICOS que limpam e desmaquilham eficazmente, cuidando e protegendo a pele. Elimina as impurezas e os vest\u00edgios de maquilhagem sem secar nem alterar a barreira cut\u00e2nea, deixando uma sensa\u00e7\u00e3o imediata de frescura, suavidade e conforto. A sua combina\u00e7\u00e3o de ingredientes activos como os exossomas favorece a regenera\u00e7\u00e3o natural da pele; o \u00e1cido hialur\u00f3nico e o colag\u00e9nio ajudam a manter a hidrata\u00e7\u00e3o e a elasticidade; o bakuchiol, a vitamina C e a niacinamida melhoram a luminosidade e uniformizam o tom da pele; enquanto a hamam\u00e9lis e o complexo de algas proporcionam um efeito calmante e antioxidante contra as agress\u00f5es externas.","og_url":"https:\/\/banbancosmetics.com\/pt-pt\/producto\/banban-agua-micelar-7-em-1-250ml\/","og_site_name":"BanBan Cosmetics","article_modified_time":"2026-04-15T19:14:20+00:00","og_image":[{"width":2344,"height":2344,"url":"https:\/\/banbancosmetics.com\/wp-content\/uploads\/2026\/04\/champu_agua_provisional.jpg","type":"image\/jpeg"}],"twitter_card":"summary_large_image","schema":{"@context":"https:\/\/schema.org","@graph":[{"@type":"WebPage","@id":"https:\/\/banbancosmetics.com\/pt-pt\/producto\/banban-agua-micelar-7-em-1-250ml\/","url":"https:\/\/banbancosmetics.com\/pt-pt\/producto\/banban-agua-micelar-7-em-1-250ml\/","name":"BANBAN \u00c1GUA MICELAR 7 EM 1 250ML - BanBan Cosmetics","isPartOf":{"@id":"https:\/\/banbancosmetics.com\/pt-pt\/#website"},"primaryImageOfPage":{"@id":"https:\/\/banbancosmetics.com\/pt-pt\/producto\/banban-agua-micelar-7-em-1-250ml\/#primaryimage"},"image":{"@id":"https:\/\/banbancosmetics.com\/pt-pt\/producto\/banban-agua-micelar-7-em-1-250ml\/#primaryimage"},"thumbnailUrl":"https:\/\/banbancosmetics.com\/wp-content\/uploads\/2026\/04\/champu_agua_provisional.jpg","datePublished":"2026-04-15T12:51:42+00:00","dateModified":"2026-04-15T19:14:20+00:00","breadcrumb":{"@id":"https:\/\/banbancosmetics.com\/pt-pt\/producto\/banban-agua-micelar-7-em-1-250ml\/#breadcrumb"},"inLanguage":"pt-PT","potentialAction":[{"@type":"ReadAction","target":["https:\/\/banbancosmetics.com\/pt-pt\/producto\/banban-agua-micelar-7-em-1-250ml\/"]}]},{"@type":"ImageObject","inLanguage":"pt-PT","@id":"https:\/\/banbancosmetics.com\/pt-pt\/producto\/banban-agua-micelar-7-em-1-250ml\/#primaryimage","url":"https:\/\/banbancosmetics.com\/wp-content\/uploads\/2026\/04\/champu_agua_provisional.jpg","contentUrl":"https:\/\/banbancosmetics.com\/wp-content\/uploads\/2026\/04\/champu_agua_provisional.jpg","width":2344,"height":2344},{"@type":"BreadcrumbList","@id":"https:\/\/banbancosmetics.com\/pt-pt\/producto\/banban-agua-micelar-7-em-1-250ml\/#breadcrumb","itemListElement":[{"@type":"ListItem","position":1,"name":"Portada","item":"https:\/\/banbancosmetics.com\/pt-pt\/inicio\/"},{"@type":"ListItem","position":2,"name":"Loja","item":"https:\/\/banbancosmetics.com\/pt-pt\/loja\/"},{"@type":"ListItem","position":3,"name":"BANBAN \u00c1GUA MICELAR 7 EM 1 250ML"}]},{"@type":"WebSite","@id":"https:\/\/banbancosmetics.com\/pt-pt\/#website","url":"https:\/\/banbancosmetics.com\/pt-pt\/","name":"BanBan Cosmetics","description":"","publisher":{"@id":"https:\/\/banbancosmetics.com\/pt-pt\/#organization"},"potentialAction":[{"@type":"SearchAction","target":{"@type":"EntryPoint","urlTemplate":"https:\/\/banbancosmetics.com\/pt-pt\/?s={search_term_string}"},"query-input":{"@type":"PropertyValueSpecification","valueRequired":true,"valueName":"search_term_string"}}],"inLanguage":"pt-PT"},{"@type":"Organization","@id":"https:\/\/banbancosmetics.com\/pt-pt\/#organization","name":"BanBan Cosmetics","url":"https:\/\/banbancosmetics.com\/pt-pt\/","logo":{"@type":"ImageObject","inLanguage":"pt-PT","@id":"https:\/\/banbancosmetics.com\/pt-pt\/#\/schema\/logo\/image\/","url":"https:\/\/banbancosmetics.com\/wp-content\/uploads\/2023\/11\/logo-b_1.svg","contentUrl":"https:\/\/banbancosmetics.com\/wp-content\/uploads\/2023\/11\/logo-b_1.svg","width":500,"height":500,"caption":"BanBan Cosmetics"},"image":{"@id":"https:\/\/banbancosmetics.com\/pt-pt\/#\/schema\/logo\/image\/"}}]}},"_links":{"self":[{"href":"https:\/\/banbancosmetics.com\/pt-pt\/wp-json\/wp\/v2\/product\/10605","targetHints":{"allow":["GET"]}}],"collection":[{"href":"https:\/\/banbancosmetics.com\/pt-pt\/wp-json\/wp\/v2\/product"}],"about":[{"href":"https:\/\/banbancosmetics.com\/pt-pt\/wp-json\/wp\/v2\/types\/product"}],"replies":[{"embeddable":true,"href":"https:\/\/banbancosmetics.com\/pt-pt\/wp-json\/wp\/v2\/comments?post=10605"}],"version-history":[{"count":1,"href":"https:\/\/banbancosmetics.com\/pt-pt\/wp-json\/wp\/v2\/product\/10605\/revisions"}],"predecessor-version":[{"id":10607,"href":"https:\/\/banbancosmetics.com\/pt-pt\/wp-json\/wp\/v2\/product\/10605\/revisions\/10607"}],"wp:featuredmedia":[{"embeddable":true,"href":"https:\/\/banbancosmetics.com\/pt-pt\/wp-json\/wp\/v2\/media\/10601"}],"wp:attachment":[{"href":"https:\/\/banbancosmetics.com\/pt-pt\/wp-json\/wp\/v2\/media?parent=10605"}],"wp:term":[{"taxonomy":"product_brand","embeddable":true,"href":"https:\/\/banbancosmetics.com\/pt-pt\/wp-json\/wp\/v2\/product_brand?post=10605"},{"taxonomy":"product_cat","embeddable":true,"href":"https:\/\/banbancosmetics.com\/pt-pt\/wp-json\/wp\/v2\/product_cat?post=10605"},{"taxonomy":"product_tag","embeddable":true,"href":"https:\/\/banbancosmetics.com\/pt-pt\/wp-json\/wp\/v2\/product_tag?post=10605"}],"curies":[{"name":"wp","href":"https:\/\/api.w.org\/{rel}","templated":true}]}}