{"id":7735,"date":"2023-10-10T20:18:24","date_gmt":"2023-10-10T18:18:24","guid":{"rendered":"https:\/\/banbancosmetics.com\/politica-de-privacidade\/"},"modified":"2026-01-18T12:44:32","modified_gmt":"2026-01-18T11:44:32","slug":"politica-de-privacidade","status":"publish","type":"page","link":"https:\/\/banbancosmetics.com\/pt-pt\/politica-de-privacidade\/","title":{"rendered":"Pol\u00edtica de privacidade"},"content":{"rendered":"\n<h2 class=\"wp-block-heading\">LEI DOS SERVI\u00c7OS DA SOCIEDADE DA INFORMA\u00c7\u00c3O (LSSICE)<\/h2>\n\n<p>Em virtude do estabelecido no artigo 10 da Lei 34\/2002, de 11 de julho, dos Servi\u00e7os da Sociedade da Informa\u00e7\u00e3o e do Com\u00e9rcio Eletr\u00f3nico (LSSICE), informa-se o utilizador de que o titular desta p\u00e1gina web \u00e9 a VERDIS NATURE SL., inscrita no Registo Comercial de LE\u00d3N, Tomo 1273 Geral, Folha 7, Folha LE-22820, Inscri\u00e7\u00e3o 1.\u00aa e cujos dados identificativos constam no presente aviso legal.<\/p>\n\n<h2 class=\"wp-block-heading\">REGULAMENTO EUROPEU DE PROTE\u00c7\u00c3O DE DADOS PESSOAIS<\/h2>\n\n<h3 class=\"wp-block-heading\">Quem \u00e9 o respons\u00e1vel pelo tratamento dos dados pessoais recolhidos atrav\u00e9s desta web?<\/h3>\n\n<p>Em cumprimento do estabelecido pelo Regulamento (UE) 2016\/679, do Parlamento Europeu e do Conselho, de 27 de abril de 2016, relativo \u00e0 prote\u00e7\u00e3o dos dados das pessoas singulares no que diz respeito ao tratamento de dados pessoais e \u00e0 livre circula\u00e7\u00e3o desses dados, informa-se os utilizadores deste s\u00edtio web de que o respons\u00e1vel pelo tratamento dos seus dados \u00e9:<\/p>\n\n<ul class=\"wp-block-list\">\n<li>VERDIS NATURE SL<\/li>\n\n\n\n<li>CIF: B24664641<\/li>\n\n\n\n<li>Domic\u00edlio: P.I. VILLADANGOS VIAL 4 PARCELA 93 NAVE 7, 24392 LE\u00d3N<\/li>\n\n\n\n<li>Telefone: 987 100 123<\/li>\n\n\n\n<li>Endere\u00e7o de e-mail: rgpd@banbancosmetics.com<\/li>\n<\/ul>\n\n<p>De acordo com o estabelecido na normativa europeia de Prote\u00e7\u00e3o de dados pessoais, a VERDIS NATURE SL garante a prote\u00e7\u00e3o e confidencialidade dos dados pessoais proporcionados pelos utilizadores atrav\u00e9s desta web, segundo o estabelecido na presente pol\u00edtica de prote\u00e7\u00e3o de dados, que deve ter aceite no formul\u00e1rio de contacto.<\/p>\n\n<h3 class=\"wp-block-heading\">Que dados pessoais trataremos e qual \u00e9 a obrigatoriedade de os fornecer?<\/h3>\n\n<p>Seguindo o princ\u00edpio de privacidade por defeito, apenas solicitaremos os dados necess\u00e1rios para levar a cabo a finalidade para a qual foram recolhidos, de modo que apenas solicitaremos dados proporcionais e n\u00e3o excessivos atrav\u00e9s do formul\u00e1rio de contacto. A recusa por parte do utilizador em fornecer os seus dados no referido formul\u00e1rio ou o fornecimento de dados incorretos, impedir\u00e1 que possamos atender ao seu pedido, sem preju\u00edzo de que possa visualizar livremente o conte\u00fado do s\u00edtio web.<\/p>\n\n<p>Assim mesmo, informamos que, caso nos faculte o seu curriculum vitae atrav\u00e9s deste s\u00edtio web, apenas deve incluir no mesmo os seus dados pessoais relativos a titula\u00e7\u00e3o e experi\u00eancia profissional, de modo que, se incluir informa\u00e7\u00f5es relativas a aspetos da sua personalidade, grau de incapacidade, etc., procederemos \u00e0 sua destrui\u00e7\u00e3o imediata seguindo as medidas de seguran\u00e7a correspondentes para essa destrui\u00e7\u00e3o e sem que, portanto, se tenha em conta a sua candidatura nos processos de sele\u00e7\u00e3o levados a cabo na empresa.<\/p>\n\n<p>De igual modo, informamos que algumas das funcionalidades deste s\u00edtio web permitem a geolocaliza\u00e7\u00e3o do dispositivo a partir do qual se acede.<\/p>\n\n<h3 class=\"wp-block-heading\">Com que finalidade e legitimidade tratamos os seus dados pessoais?<\/h3>\n\n<p>A VERDIS NATURE SL informa o utilizador de que os seus dados ser\u00e3o tratados com as seguintes finalidades:<\/p>\n\n<ol class=\"wp-block-list\">\n<li>Gest\u00e3o de consultas formuladas atrav\u00e9s da web. Realizaremos os tratamentos de dados necess\u00e1rios para a aten\u00e7\u00e3o do seu pedido de informa\u00e7\u00e3o, de modo que trataremos dados como o seu nome, apelidos, DNI, e-mail, telefone, prov\u00edncia, c\u00f3digo postal.<\/li>\n\n\n\n<li>Gest\u00e3o da navega\u00e7\u00e3o do utilizador atrav\u00e9s da web (tratamento de dados de cookies) os seus dados ser\u00e3o tratados conforme a pol\u00edtica de cookies dispon\u00edvel nesta p\u00e1gina.<\/li>\n\n\n\n<li>Controlo inform\u00e1tico da p\u00e1gina web. Realizaremos atua\u00e7\u00f5es de controlo do uso da p\u00e1gina web para prevenir e detetar qualquer utiliza\u00e7\u00e3o indevida.<\/li>\n\n\n\n<li>Gest\u00e3o da subscri\u00e7\u00e3o \u00e0 nossa newsletter. Sempre que contemos com a sua expressa autoriza\u00e7\u00e3o, levaremos a cabo as opera\u00e7\u00f5es de tratamento dos seus dados para tramitar a sua subscri\u00e7\u00e3o aos nossos boletins informativos e newsletter.<\/li>\n\n\n\n<li>Gest\u00e3o de curr\u00edculos e sele\u00e7\u00e3o de pessoal. Caso nos faculte o seu curriculum vitae, perante uma poss\u00edvel vaga, avaliaremos a sua candidatura em fun\u00e7\u00e3o do posto de trabalho.<\/li>\n\n\n\n<li>Com\u00e9rcio eletr\u00f3nico. Realizaremos os tratamentos de dados necess\u00e1rios para dar seguimento ao pedido que nos solicitou atrav\u00e9s desta p\u00e1gina, para o qual trataremos dados como o seu nome, apelidos, DNI, e-mail, telefone, prov\u00edncia, c\u00f3digo postal e conta banc\u00e1ria. A nossa empresa garante a seguran\u00e7a e confidencialidade em todas as comunica\u00e7\u00f5es com os nossos clientes. Todas as opera\u00e7\u00f5es de pagamento on-line s\u00e3o realizadas atrav\u00e9s de um servidor seguro, baseado no padr\u00e3o SSL que protege os dados contra tentativas de viola\u00e7\u00e3o por terceiros.<\/li>\n<\/ol>\n\n<p>A BASE JUR\u00cdDICA que legitima o tratamento \u00e9 o consentimento expresso outorgado pelo utilizador ao aceitar a presente pol\u00edtica de prote\u00e7\u00e3o de dados, mediante a marca\u00e7\u00e3o da casa correspondente habilitada no formul\u00e1rio de contacto.<\/p>\n\n<h3 class=\"wp-block-heading\">Enviaremos comunica\u00e7\u00f5es comerciais?<\/h3>\n\n<p>Somente se contarmos com o seu consentimento expresso, poderemos remeter-lhe comunica\u00e7\u00f5es relativas aos nossos produtos\/servi\u00e7os, atrav\u00e9s de correio postal e por meios eletr\u00f3nicos (e-mail, SMS) com base no consentimento solicitado pela nossa empresa e outorgado pelo utilizador previamente. Caso n\u00e3o contemos com o seu consentimento expresso, em nenhum caso lhe remeteremos as referidas comunica\u00e7\u00f5es. Assim mesmo, informamos que, caso tenha outorgado o seu consentimento, o mesmo poder\u00e1 ser retirado sem que produza efeitos retroativos, dirigindo-se \u00e0 dire\u00e7\u00e3o postal ou eletr\u00f3nica que consta neste s\u00edtio web.<\/p>\n\n<h3 class=\"wp-block-heading\">Por quanto tempo conservaremos os seus dados?<\/h3>\n\n<p>Os seus dados pessoais ser\u00e3o tratados durante o tempo necess\u00e1rio para a aten\u00e7\u00e3o da sua consulta ou pedido. Se, finalmente, contratar os nossos produtos\/servi\u00e7os, inform\u00e1-lo-emos nesse momento do tempo de conserva\u00e7\u00e3o dos seus dados pessoais.<\/p>\n\n<h3 class=\"wp-block-heading\">A quem comunicaremos os seus dados?<\/h3>\n\n<p>Comunicaremos os seus dados pessoais a Organismos P\u00fablicos para o cumprimento de obriga\u00e7\u00f5es legais e, se for o caso, aos nossos fornecedores de hosting e de servi\u00e7os tecnol\u00f3gicos e, no caso de que realize compras atrav\u00e9s desta p\u00e1gina, cederemos os seus dados \u00e0 empresa de Logista que se encarregar\u00e1 da entrega do pedido no seu domic\u00edlio, o que implica comunicar o seu nome, apelidos, DNI, telefone e domic\u00edlio.<\/p>\n\n<h3 class=\"wp-block-heading\">Como obtivemos os seus dados?<\/h3>\n\n<p>Os dados pessoais foram obtidos atrav\u00e9s do formul\u00e1rio de contacto habilitado neste s\u00edtio web.<\/p>\n\n<h3 class=\"wp-block-heading\">Como pode o utilizador revogar o seu consentimento?<\/h3>\n\n<p>O utilizador pode, desde este momento e em qualquer outro posterior, retirar o consentimento outorgado para o tratamento dos seus dados, mediante comunica\u00e7\u00e3o dirigida a: rgpd@banbancosmetics.com, o qual n\u00e3o ter\u00e1, em nenhum caso, efeitos retroativos.<\/p>\n\n<h3 class=\"wp-block-heading\">Quais s\u00e3o os seus direitos em prote\u00e7\u00e3o de dados?<\/h3>\n\n<p>Pode exercer, se o desejar, os direitos de acesso, retifica\u00e7\u00e3o e supress\u00e3o de dados, limita\u00e7\u00e3o do tratamento, portabilidade e oposi\u00e7\u00e3o atrav\u00e9s de comunica\u00e7\u00e3o dirigida ao nosso domic\u00edlio ou mediante correio eletr\u00f3nico enviado para a dire\u00e7\u00e3o: rgpd@banbancosmetics.com. De igual modo, tem o direito de apresentar reclama\u00e7\u00e3o perante a Ag\u00eancia Espanhola de Prote\u00e7\u00e3o de Dados se considerar que foram violados os seus direitos em mat\u00e9ria de prote\u00e7\u00e3o de dados pessoais.<\/p>\n","protected":false},"excerpt":{"rendered":"<p>LEI DOS SERVI\u00c7OS DA SOCIEDADE DA INFORMA\u00c7\u00c3O (LSSICE) Em virtude do estabelecido no artigo 10 da Lei 34\/2002, de 11 de julho, dos Servi\u00e7os da Sociedade da Informa\u00e7\u00e3o e do Com\u00e9rcio Eletr\u00f3nico (LSSICE), informa-se o utilizador de que o titular desta p\u00e1gina web \u00e9 a VERDIS NATURE SL., inscrita no Registo Comercial de LE\u00d3N, Tomo [&hellip;]<\/p>\n","protected":false},"author":1,"featured_media":0,"parent":0,"menu_order":0,"comment_status":"closed","ping_status":"closed","template":"","meta":{"_acf_changed":false,"inline_featured_image":false,"site-sidebar-layout":"default","site-content-layout":"","ast-site-content-layout":"default","site-content-style":"default","site-sidebar-style":"default","ast-global-header-display":"","ast-banner-title-visibility":"","ast-main-header-display":"","ast-hfb-above-header-display":"","ast-hfb-below-header-display":"","ast-hfb-mobile-header-display":"","site-post-title":"","ast-breadcrumbs-content":"","ast-featured-img":"","footer-sml-layout":"","ast-disable-related-posts":"","theme-transparent-header-meta":"","adv-header-id-meta":"","stick-header-meta":"","header-above-stick-meta":"","header-main-stick-meta":"","header-below-stick-meta":"","astra-migrate-meta-layouts":"default","ast-page-background-enabled":"default","ast-page-background-meta":{"desktop":{"background-color":"var(--ast-global-color-4)","background-image":"","background-repeat":"repeat","background-position":"center center","background-size":"auto","background-attachment":"scroll","background-type":"","background-media":"","overlay-type":"","overlay-color":"","overlay-opacity":"","overlay-gradient":""},"tablet":{"background-color":"","background-image":"","background-repeat":"repeat","background-position":"center center","background-size":"auto","background-attachment":"scroll","background-type":"","background-media":"","overlay-type":"","overlay-color":"","overlay-opacity":"","overlay-gradient":""},"mobile":{"background-color":"","background-image":"","background-repeat":"repeat","background-position":"center center","background-size":"auto","background-attachment":"scroll","background-type":"","background-media":"","overlay-type":"","overlay-color":"","overlay-opacity":"","overlay-gradient":""}},"ast-content-background-meta":{"desktop":{"background-color":"var(--ast-global-color-5)","background-image":"","background-repeat":"repeat","background-position":"center center","background-size":"auto","background-attachment":"scroll","background-type":"","background-media":"","overlay-type":"","overlay-color":"","overlay-opacity":"","overlay-gradient":""},"tablet":{"background-color":"var(--ast-global-color-5)","background-image":"","background-repeat":"repeat","background-position":"center center","background-size":"auto","background-attachment":"scroll","background-type":"","background-media":"","overlay-type":"","overlay-color":"","overlay-opacity":"","overlay-gradient":""},"mobile":{"background-color":"var(--ast-global-color-5)","background-image":"","background-repeat":"repeat","background-position":"center center","background-size":"auto","background-attachment":"scroll","background-type":"","background-media":"","overlay-type":"","overlay-color":"","overlay-opacity":"","overlay-gradient":""}},"footnotes":""},"class_list":["post-7735","page","type-page","status-publish","hentry"],"acf":[],"yoast_head":"<!-- This site is optimized with the Yoast SEO plugin v27.4 - https:\/\/yoast.com\/product\/yoast-seo-wordpress\/ -->\n<title>Pol\u00edtica de privacidade - BanBan Cosmetics<\/title>\n<meta name=\"robots\" content=\"index, follow, max-snippet:-1, max-image-preview:large, max-video-preview:-1\" \/>\n<link rel=\"canonical\" href=\"https:\/\/banbancosmetics.com\/pt-pt\/politica-de-privacidade\/\" \/>\n<meta property=\"og:locale\" content=\"pt_PT\" \/>\n<meta property=\"og:type\" content=\"article\" \/>\n<meta property=\"og:title\" content=\"Pol\u00edtica de privacidade - BanBan Cosmetics\" \/>\n<meta property=\"og:description\" content=\"LEI DOS SERVI\u00c7OS DA SOCIEDADE DA INFORMA\u00c7\u00c3O (LSSICE) Em virtude do estabelecido no artigo 10 da Lei 34\/2002, de 11 de julho, dos Servi\u00e7os da Sociedade da Informa\u00e7\u00e3o e do Com\u00e9rcio Eletr\u00f3nico (LSSICE), informa-se o utilizador de que o titular desta p\u00e1gina web \u00e9 a VERDIS NATURE SL., inscrita no Registo Comercial de LE\u00d3N, Tomo [&hellip;]\" \/>\n<meta property=\"og:url\" content=\"https:\/\/banbancosmetics.com\/pt-pt\/politica-de-privacidade\/\" \/>\n<meta property=\"og:site_name\" content=\"BanBan Cosmetics\" \/>\n<meta property=\"article:modified_time\" content=\"2026-01-18T11:44:32+00:00\" \/>\n<meta name=\"twitter:card\" content=\"summary_large_image\" \/>\n<meta name=\"twitter:label1\" content=\"Tempo estimado de leitura\" \/>\n\t<meta name=\"twitter:data1\" content=\"6 minutos\" \/>\n<script type=\"application\/ld+json\" class=\"yoast-schema-graph\">{\"@context\":\"https:\\\/\\\/schema.org\",\"@graph\":[{\"@type\":\"WebPage\",\"@id\":\"https:\\\/\\\/banbancosmetics.com\\\/pt-pt\\\/politica-de-privacidade\\\/\",\"url\":\"https:\\\/\\\/banbancosmetics.com\\\/pt-pt\\\/politica-de-privacidade\\\/\",\"name\":\"Pol\u00edtica de privacidade - BanBan Cosmetics\",\"isPartOf\":{\"@id\":\"https:\\\/\\\/banbancosmetics.com\\\/pt-pt\\\/#website\"},\"datePublished\":\"2023-10-10T18:18:24+00:00\",\"dateModified\":\"2026-01-18T11:44:32+00:00\",\"breadcrumb\":{\"@id\":\"https:\\\/\\\/banbancosmetics.com\\\/pt-pt\\\/politica-de-privacidade\\\/#breadcrumb\"},\"inLanguage\":\"pt-PT\",\"potentialAction\":[{\"@type\":\"ReadAction\",\"target\":[\"https:\\\/\\\/banbancosmetics.com\\\/pt-pt\\\/politica-de-privacidade\\\/\"]}]},{\"@type\":\"BreadcrumbList\",\"@id\":\"https:\\\/\\\/banbancosmetics.com\\\/pt-pt\\\/politica-de-privacidade\\\/#breadcrumb\",\"itemListElement\":[{\"@type\":\"ListItem\",\"position\":1,\"name\":\"Portada\",\"item\":\"https:\\\/\\\/banbancosmetics.com\\\/pt-pt\\\/inicio\\\/\"},{\"@type\":\"ListItem\",\"position\":2,\"name\":\"Pol\u00edtica de privacidade\"}]},{\"@type\":\"WebSite\",\"@id\":\"https:\\\/\\\/banbancosmetics.com\\\/pt-pt\\\/#website\",\"url\":\"https:\\\/\\\/banbancosmetics.com\\\/pt-pt\\\/\",\"name\":\"BanBan Cosmetics\",\"description\":\"\",\"publisher\":{\"@id\":\"https:\\\/\\\/banbancosmetics.com\\\/pt-pt\\\/#organization\"},\"potentialAction\":[{\"@type\":\"SearchAction\",\"target\":{\"@type\":\"EntryPoint\",\"urlTemplate\":\"https:\\\/\\\/banbancosmetics.com\\\/pt-pt\\\/?s={search_term_string}\"},\"query-input\":{\"@type\":\"PropertyValueSpecification\",\"valueRequired\":true,\"valueName\":\"search_term_string\"}}],\"inLanguage\":\"pt-PT\"},{\"@type\":\"Organization\",\"@id\":\"https:\\\/\\\/banbancosmetics.com\\\/pt-pt\\\/#organization\",\"name\":\"BanBan Cosmetics\",\"url\":\"https:\\\/\\\/banbancosmetics.com\\\/pt-pt\\\/\",\"logo\":{\"@type\":\"ImageObject\",\"inLanguage\":\"pt-PT\",\"@id\":\"https:\\\/\\\/banbancosmetics.com\\\/pt-pt\\\/#\\\/schema\\\/logo\\\/image\\\/\",\"url\":\"https:\\\/\\\/banbancosmetics.com\\\/wp-content\\\/uploads\\\/2023\\\/11\\\/logo-b_1.svg\",\"contentUrl\":\"https:\\\/\\\/banbancosmetics.com\\\/wp-content\\\/uploads\\\/2023\\\/11\\\/logo-b_1.svg\",\"width\":500,\"height\":500,\"caption\":\"BanBan Cosmetics\"},\"image\":{\"@id\":\"https:\\\/\\\/banbancosmetics.com\\\/pt-pt\\\/#\\\/schema\\\/logo\\\/image\\\/\"}}]}<\/script>\n<!-- \/ Yoast SEO plugin. -->","yoast_head_json":{"title":"Pol\u00edtica de privacidade - BanBan Cosmetics","robots":{"index":"index","follow":"follow","max-snippet":"max-snippet:-1","max-image-preview":"max-image-preview:large","max-video-preview":"max-video-preview:-1"},"canonical":"https:\/\/banbancosmetics.com\/pt-pt\/politica-de-privacidade\/","og_locale":"pt_PT","og_type":"article","og_title":"Pol\u00edtica de privacidade - BanBan Cosmetics","og_description":"LEI DOS SERVI\u00c7OS DA SOCIEDADE DA INFORMA\u00c7\u00c3O (LSSICE) Em virtude do estabelecido no artigo 10 da Lei 34\/2002, de 11 de julho, dos Servi\u00e7os da Sociedade da Informa\u00e7\u00e3o e do Com\u00e9rcio Eletr\u00f3nico (LSSICE), informa-se o utilizador de que o titular desta p\u00e1gina web \u00e9 a VERDIS NATURE SL., inscrita no Registo Comercial de LE\u00d3N, Tomo [&hellip;]","og_url":"https:\/\/banbancosmetics.com\/pt-pt\/politica-de-privacidade\/","og_site_name":"BanBan Cosmetics","article_modified_time":"2026-01-18T11:44:32+00:00","twitter_card":"summary_large_image","twitter_misc":{"Tempo estimado de leitura":"6 minutos"},"schema":{"@context":"https:\/\/schema.org","@graph":[{"@type":"WebPage","@id":"https:\/\/banbancosmetics.com\/pt-pt\/politica-de-privacidade\/","url":"https:\/\/banbancosmetics.com\/pt-pt\/politica-de-privacidade\/","name":"Pol\u00edtica de privacidade - BanBan Cosmetics","isPartOf":{"@id":"https:\/\/banbancosmetics.com\/pt-pt\/#website"},"datePublished":"2023-10-10T18:18:24+00:00","dateModified":"2026-01-18T11:44:32+00:00","breadcrumb":{"@id":"https:\/\/banbancosmetics.com\/pt-pt\/politica-de-privacidade\/#breadcrumb"},"inLanguage":"pt-PT","potentialAction":[{"@type":"ReadAction","target":["https:\/\/banbancosmetics.com\/pt-pt\/politica-de-privacidade\/"]}]},{"@type":"BreadcrumbList","@id":"https:\/\/banbancosmetics.com\/pt-pt\/politica-de-privacidade\/#breadcrumb","itemListElement":[{"@type":"ListItem","position":1,"name":"Portada","item":"https:\/\/banbancosmetics.com\/pt-pt\/inicio\/"},{"@type":"ListItem","position":2,"name":"Pol\u00edtica de privacidade"}]},{"@type":"WebSite","@id":"https:\/\/banbancosmetics.com\/pt-pt\/#website","url":"https:\/\/banbancosmetics.com\/pt-pt\/","name":"BanBan Cosmetics","description":"","publisher":{"@id":"https:\/\/banbancosmetics.com\/pt-pt\/#organization"},"potentialAction":[{"@type":"SearchAction","target":{"@type":"EntryPoint","urlTemplate":"https:\/\/banbancosmetics.com\/pt-pt\/?s={search_term_string}"},"query-input":{"@type":"PropertyValueSpecification","valueRequired":true,"valueName":"search_term_string"}}],"inLanguage":"pt-PT"},{"@type":"Organization","@id":"https:\/\/banbancosmetics.com\/pt-pt\/#organization","name":"BanBan Cosmetics","url":"https:\/\/banbancosmetics.com\/pt-pt\/","logo":{"@type":"ImageObject","inLanguage":"pt-PT","@id":"https:\/\/banbancosmetics.com\/pt-pt\/#\/schema\/logo\/image\/","url":"https:\/\/banbancosmetics.com\/wp-content\/uploads\/2023\/11\/logo-b_1.svg","contentUrl":"https:\/\/banbancosmetics.com\/wp-content\/uploads\/2023\/11\/logo-b_1.svg","width":500,"height":500,"caption":"BanBan Cosmetics"},"image":{"@id":"https:\/\/banbancosmetics.com\/pt-pt\/#\/schema\/logo\/image\/"}}]}},"_links":{"self":[{"href":"https:\/\/banbancosmetics.com\/pt-pt\/wp-json\/wp\/v2\/pages\/7735","targetHints":{"allow":["GET"]}}],"collection":[{"href":"https:\/\/banbancosmetics.com\/pt-pt\/wp-json\/wp\/v2\/pages"}],"about":[{"href":"https:\/\/banbancosmetics.com\/pt-pt\/wp-json\/wp\/v2\/types\/page"}],"author":[{"embeddable":true,"href":"https:\/\/banbancosmetics.com\/pt-pt\/wp-json\/wp\/v2\/users\/1"}],"replies":[{"embeddable":true,"href":"https:\/\/banbancosmetics.com\/pt-pt\/wp-json\/wp\/v2\/comments?post=7735"}],"version-history":[{"count":0,"href":"https:\/\/banbancosmetics.com\/pt-pt\/wp-json\/wp\/v2\/pages\/7735\/revisions"}],"wp:attachment":[{"href":"https:\/\/banbancosmetics.com\/pt-pt\/wp-json\/wp\/v2\/media?parent=7735"}],"curies":[{"name":"wp","href":"https:\/\/api.w.org\/{rel}","templated":true}]}}